{"id":11640,"date":"2025-01-15T22:25:11","date_gmt":"2025-01-15T22:25:11","guid":{"rendered":"https:\/\/redcrosspharmaceutical.com\/?post_type=product&#038;p=11640"},"modified":"2025-01-15T22:29:19","modified_gmt":"2025-01-15T22:29:19","slug":"zarbees-baby-cough-syrup","status":"publish","type":"product","link":"https:\/\/redcrosspharmaceutical.com\/es\/producto\/zarbees-baby-cough-syrup\/","title":{"rendered":"Jarabe para la tos Zarbee's Baby"},"content":{"rendered":"<h1 class=\"p1\"><b>Jarabe para la tos Zarbee's Baby <\/b><\/h1>\n<p class=\"p1\">Precio-Precio: $17<\/p>\n<h2 class=\"p1\"><b>Detalles:<\/b><\/h2>\n<ul>\n<li style=\"list-style-type: none;\">\n<ul>\n<li>El jarabe para la tos del beb\u00e9 est\u00e1 elaborado con agave ecol\u00f3gico para calmar y reconfortar suavemente la garganta seca del beb\u00e9*.<\/li>\n<li>Alivia la tos asociada a ronquera, garganta seca e irritantes*.<\/li>\n<li>Ingredientes inspirados en la naturaleza: contiene agave ecol\u00f3gico y zinc para reforzar el sistema inmunitario*.<\/li>\n<li>Sin miel, drogas, alcohol, edulcorantes artificiales, aromas artificiales, colorantes ni gluten<\/li>\n<li>#1 Jarabe para la tos recomendado por pediatras para beb\u00e9s y ni\u00f1os menores de 12 a\u00f1os<\/li>\n<li>Seguro y eficaz para beb\u00e9s de 12 a 24 meses<\/li>\n<li>Sirope natural de uva<\/li>\n<li>*Estas afirmaciones no han sido evaluadas por la Food and Drug Administration. Este producto no es<\/li>\n<li>destinados a diagnosticar, tratar, curar o prevenir ninguna enfermedad.<\/li>\n<\/ul>\n<\/li>\n<\/ul>\n<h2 class=\"p3\"><b>Descripci\u00f3n:<\/b><b><\/b><\/h2>\n<p><span class=\"s2\">Zarbees Baby Cough Syrup + Immune con Agave Ecol\u00f3gico + Zinc alivia y reconforta suavemente la garganta seca del beb\u00e9*. Dado que la mayor\u00eda de los m\u00e9dicos no recomiendan la miel para beb\u00e9s menores de 12 meses, hemos creado un jarabe a base de agave ecol\u00f3gico para aliviar la tos asociada a la ronquera, la sequedad de garganta y los irritantes*, y zinc para reforzar el sistema inmunitario.* Este eficaz jarabe para la tos, con sabor natural a uva, es seguro para beb\u00e9s de 12 a 24 meses. Nuestro jarabe para la tos a base de agave est\u00e1 elaborado con ingredientes cuidadosamente seleccionados e inspirados en la naturaleza, sin medicamentos, alcohol, edulcorantes artificiales, aromas, colorantes ni gluten. Zarbee's es la marca de jarabe para la tos #1 recomendada por pediatras para beb\u00e9s y ni\u00f1os menores de 12 a\u00f1os. Echa un vistazo a nuestra completa gama de productos elaborados con ingredientes cuidadosamente seleccionados, inspirados en la naturaleza y respaldados por la ciencia. *Estas afirmaciones no han sido evaluadas por la Food and Drug Administration. Este producto no est\u00e1 destinado a diagnosticar, tratar, curar o prevenir ninguna enfermedad.<\/span><\/p>\n<h2 class=\"p1\"><b>Especificaciones:<\/b><\/h2>\n<p class=\"p1\"><b>Dosis:\u00a0<\/b>3,0 ml<\/p>\n<p class=\"p1\"><b>Dosis por envase:\u00a0<\/b>19<\/p>\n<p class=\"p1\"><b>Cantidad 3 ml para lactantes de 6 a 12 meses de edad:<\/b><\/p>\n<p class=\"p1\"><b>Calor\u00edas:\u00a0<\/b>15<\/p>\n<h3 class=\"p1\"><b>% Valor diario<\/b><\/h3>\n<p class=\"p1\"><b>Carbohidratos totales:<\/b> 3g 3%<\/p>\n<p class=\"p1\"><b>Az\u00facares:<\/b>\u00a03g<\/p>\n<p class=\"p1\"><b>Az\u00facares a\u00f1adidos:<\/b>\u00a03g<\/p>\n<p class=\"p1\"><b>Zinc:<\/b>\u00a00,75mg25%<\/p>\n<p class=\"p1\"><b>Sirope de agave ecol\u00f3gico (Agave Tequilana Blue Weber):<\/b>\u00a04g<\/p>\n<h3 class=\"p1\">Los porcentajes de los valores diarios se basan en una dieta de 2.000 calor\u00edas.<\/h3>\n<p class=\"p1\"><b>Cantidad 3 mL para ni\u00f1os de 1 \u03a4\u03bf 3 a\u00f1os de edad:<\/b><b><\/b><\/p>\n<p class=\"p1\"><b>Calor\u00edas:\u00a0<\/b>15<\/p>\n<h3 class=\"p1\"><b>% Valor diario<\/b><\/h3>\n<p class=\"p1\"><b>Carbohidratos totales<\/b>\u00a03g2%<\/p>\n<p class=\"p1\"><b>Az\u00facares<\/b>\u00a03g<\/p>\n<p class=\"p1\"><b>Az\u00facares a\u00f1adidos<\/b>\u00a03g12%<\/p>\n<p class=\"p1\"><b>Zinc<\/b>\u00a00,75mg25%<\/p>\n<p class=\"p1\">Los porcentajes de los valores diarios se basan en una dieta de 2.000 calor\u00edas.<\/p>","protected":false},"excerpt":{"rendered":"<p>Zarbee&#8217;s Baby Cough Syrup Price-Precio: $17 Details: Baby cough syrup is made with organic agave to gently calm &amp; comfort baby\u2019s dry throat* Soothes coughs associated with hoarseness, dry throat and irritants* Ingredients Inspired by Nature &#8211; contains organic agave &hellip; <a href=\"https:\/\/redcrosspharmaceutical.com\/es\/producto\/zarbees-baby-cough-syrup\/\">Leer m\u00e1s<\/a><\/p>","protected":false},"featured_media":11641,"template":"","meta":[],"product_cat":[95,91],"product_tag":[],"class_list":{"0":"post-11640","1":"product","2":"type-product","3":"status-publish","4":"has-post-thumbnail","6":"product_cat-kids","7":"product_cat-medical","9":"first","10":"instock","11":"taxable","12":"shipping-taxable","13":"purchasable","14":"product-type-simple"},"aioseo_notices":[],"_links":{"self":[{"href":"https:\/\/redcrosspharmaceutical.com\/es\/wp-json\/wp\/v2\/product\/11640","targetHints":{"allow":["GET"]}}],"collection":[{"href":"https:\/\/redcrosspharmaceutical.com\/es\/wp-json\/wp\/v2\/product"}],"about":[{"href":"https:\/\/redcrosspharmaceutical.com\/es\/wp-json\/wp\/v2\/types\/product"}],"wp:featuredmedia":[{"embeddable":true,"href":"https:\/\/redcrosspharmaceutical.com\/es\/wp-json\/wp\/v2\/media\/11641"}],"wp:attachment":[{"href":"https:\/\/redcrosspharmaceutical.com\/es\/wp-json\/wp\/v2\/media?parent=11640"}],"wp:term":[{"taxonomy":"product_cat","embeddable":true,"href":"https:\/\/redcrosspharmaceutical.com\/es\/wp-json\/wp\/v2\/product_cat?post=11640"},{"taxonomy":"product_tag","embeddable":true,"href":"https:\/\/redcrosspharmaceutical.com\/es\/wp-json\/wp\/v2\/product_tag?post=11640"}],"curies":[{"name":"wp","href":"https:\/\/api.w.org\/{rel}","templated":true}]}}