{"id":11636,"date":"2025-01-15T22:20:58","date_gmt":"2025-01-15T22:20:58","guid":{"rendered":"https:\/\/redcrosspharmaceutical.com\/?post_type=product&#038;p=11636"},"modified":"2025-01-15T22:24:24","modified_gmt":"2025-01-15T22:24:24","slug":"tussin-cough-chest-congestion","status":"publish","type":"product","link":"https:\/\/redcrosspharmaceutical.com\/es\/producto\/tussin-cough-chest-congestion\/","title":{"rendered":"Tussin Tos + Congesti\u00f3n tor\u00e1cica"},"content":{"rendered":"<h1 class=\"p1\"><b>Tussin Tos + Congesti\u00f3n tor\u00e1cica<\/b><\/h1>\n<p class=\"p1\">Precio: $9.0<\/p>\n<h2 class=\"p1\">Detalles:<\/h2>\n<h3 class=\"p1\"><b>Lo m\u00e1s destacado:<\/b><\/h3>\n<ul>\n<li style=\"list-style-type: none;\">\n<ul>\n<li>4fl oz tos + congesti\u00f3n tor\u00e1cica DM Max<\/li>\n<li>Sin somnolencia<\/li>\n<li>Resistencia m\u00e1xima<\/li>\n<li>Sabor mentolado de frambuesa<\/li>\n<li>Sin alcohol<\/li>\n<li>Contiene dextrometorfano<\/li>\n<li>Recomendado para mayores de 12 a\u00f1os<\/li>\n<\/ul>\n<\/li>\n<\/ul>\n<h3 class=\"p4\"><b>Descripci\u00f3n<\/b><\/h3>\n<p class=\"p5\">Consigue un remedio f\u00e1cil para el resfriado, la tos o la gripe con el Tratamiento Tussin Tos + Congesti\u00f3n Tor\u00e1cica DM Max de up&amp;up\u2122. Este tratamiento l\u00edquido de m\u00e1xima potencia act\u00faa para aliviar la tos y la mucosidad, y tiene un efecto no somnoliento para que no tengas que pens\u00e1rtelo dos veces al tomarlo durante las horas de trabajo. Con un sabor mentolado de frambuesa sin alcohol, este tratamiento para la tos y la congesti\u00f3n del pecho est\u00e1 recomendado a partir de los 12 a\u00f1os.<\/p>\n<h2 class=\"p1\">Especificaciones:<\/h2>\n<p class=\"p1\"><b>Principios activos: <\/b>dextrometorfano hbr, usp 20,0 mg guaifenesina, usp 400,0 mg<\/p>\n<p class=\"p1\"><b>Prop\u00f3sito: <\/b>Supresor de la tos Expectorante<\/p>\n<p class=\"p1\"><b>Usos: <\/b>alivia temporalmente la tos debida a irritaciones leves de la garganta y los bronquios, como puede ocurrir con un resfriado ayuda a aflojar la flema (mucosidad) y a diluir las secreciones bronquiales para drenar los bronquios<\/p>\n<h2 class=\"p1\"><b>C\u00f3mo llegar<\/b><\/h2>\n<p class=\"p1\">No tome m\u00e1s de 6 dosis en un periodo de 24 horas Mido s\u00f3lo con el vaso dosificador siempre que guarde el vaso dosificador con el producto ml = mililitro este producto para adultos no est\u00e1 destinado a ni\u00f1os menores de 12 a\u00f1os, edad adultos y ni\u00f1os mayores de 12 a\u00f1os ni\u00f1os menores de 12 a\u00f1os, dosis 20 ml cada 4 horas<\/p>\n<h2 class=\"p1\"><b>Informaci\u00f3n adicional<\/b><\/h2>\n<p class=\"p1\">Cada 20 mL contiene: sodio 13 mg conservar a 20-25\u00b0C (68-77\u00b0F). No refrigerar.<\/p>\n<h2 class=\"p1\"><b>Ingredientes inactivos<\/b><\/h2>\n<p class=\"p1\">\u00c1cido ac\u00e9tico, \u00e1cido c\u00edtrico anhidro, carboximetilcelulosa s\u00f3dica, fd&amp;c azul no. 1, fd&amp;c rojo no. 40, aroma, glicerina, mentol, polietilenglicol, propilenglicol, agua purificada, benzoato s\u00f3dico, citrato s\u00f3dico, soluci\u00f3n de sorbitol, sucralosa, goma xantana.<\/p>","protected":false},"excerpt":{"rendered":"<p>Tussin Cough + Chest Congestion Precio-Price: $9.0 Details: Highlights: 4fl oz cough + chest congestion DM Max Non-drowsy Maximum strength Raspberry menthol flavor Alcohol free Contains Dextromethorphan Recommended for ages 12+ Description Get an easy remedy for cold, cough or &hellip; <a href=\"https:\/\/redcrosspharmaceutical.com\/es\/producto\/tussin-cough-chest-congestion\/\">Leer m\u00e1s<\/a><\/p>","protected":false},"featured_media":11638,"template":"","meta":[],"product_cat":[95,91],"product_tag":[],"class_list":{"0":"post-11636","1":"product","2":"type-product","3":"status-publish","4":"has-post-thumbnail","6":"product_cat-kids","7":"product_cat-medical","9":"first","10":"instock","11":"taxable","12":"shipping-taxable","13":"purchasable","14":"product-type-simple"},"aioseo_notices":[],"_links":{"self":[{"href":"https:\/\/redcrosspharmaceutical.com\/es\/wp-json\/wp\/v2\/product\/11636","targetHints":{"allow":["GET"]}}],"collection":[{"href":"https:\/\/redcrosspharmaceutical.com\/es\/wp-json\/wp\/v2\/product"}],"about":[{"href":"https:\/\/redcrosspharmaceutical.com\/es\/wp-json\/wp\/v2\/types\/product"}],"wp:featuredmedia":[{"embeddable":true,"href":"https:\/\/redcrosspharmaceutical.com\/es\/wp-json\/wp\/v2\/media\/11638"}],"wp:attachment":[{"href":"https:\/\/redcrosspharmaceutical.com\/es\/wp-json\/wp\/v2\/media?parent=11636"}],"wp:term":[{"taxonomy":"product_cat","embeddable":true,"href":"https:\/\/redcrosspharmaceutical.com\/es\/wp-json\/wp\/v2\/product_cat?post=11636"},{"taxonomy":"product_tag","embeddable":true,"href":"https:\/\/redcrosspharmaceutical.com\/es\/wp-json\/wp\/v2\/product_tag?post=11636"}],"curies":[{"name":"wp","href":"https:\/\/api.w.org\/{rel}","templated":true}]}}