{"id":11615,"date":"2025-01-15T21:46:22","date_gmt":"2025-01-15T21:46:22","guid":{"rendered":"https:\/\/redcrosspharmaceutical.com\/?post_type=product&#038;p=11615"},"modified":"2025-01-15T21:49:27","modified_gmt":"2025-01-15T21:49:27","slug":"amoxicillin","status":"publish","type":"product","link":"https:\/\/redcrosspharmaceutical.com\/es\/producto\/amoxicillin\/","title":{"rendered":"Amoxicilina"},"content":{"rendered":"<h1 class=\"p1\"><b>Amoxicilina<\/b><\/h1>\n<p class=\"p3\"><span class=\"s2\">La amoxicilina es <\/span><span class=\"s3\">una aminopenicilina creada a\u00f1adiendo un grupo amino adicional a la penicilina para luchar contra la resistencia a los antibi\u00f3ticos<\/span><span class=\"s2\">. El medicamento es eficaz contra una amplia gama de bacterias grampositivas, ofreciendo una cobertura adicional contra algunos organismos gramnegativos en comparaci\u00f3n con la penicilina.<\/span><\/p>\n<p class=\"p4\"><b>Advertencia:<\/b><\/p>\n<p class=\"p4\">Este antibi\u00f3tico s\u00f3lo debe tomarse por prescripci\u00f3n m\u00e9dica.<\/p>\n<p class=\"p6\"><b>Efectos secundarios: <\/b>Posibles n\u00e1useas, diarrea, v\u00f3mitos<\/p>\n<p class=\"p7\"><b>Precio: <\/b><\/p>\n<p class=\"p7\"><b>1 $ =1 pastilla<\/b><\/p>\n<p class=\"p7\"><b>21,00 $ por 21 p\u00edldoras que es el ciclo de 1 p\u00edldora cada 8 horas durante siete d\u00edas o <\/b><\/p>\n<p class=\"p7\"><b>Lo que es lo mismo 1 $ por p\u00edldora si hay m\u00e1s tan 21 unidades necesarias<\/b><\/p>","protected":false},"excerpt":{"rendered":"<p>Amoxicillin Amoxicillin is an aminopenicillin created by adding an extra amino group to penicillin to battle antibiotic resistance. The medication is effective against a wide range of gram-positive bacteria, offering additional coverage against some gram-negative organisms compared to penicillin. Warning: &hellip; <a href=\"https:\/\/redcrosspharmaceutical.com\/es\/producto\/amoxicillin\/\">Leer m\u00e1s<\/a><\/p>","protected":false},"featured_media":11616,"template":"","meta":[],"product_cat":[91],"product_tag":[],"class_list":{"0":"post-11615","1":"product","2":"type-product","3":"status-publish","4":"has-post-thumbnail","6":"product_cat-medical","8":"first","9":"instock","10":"taxable","11":"shipping-taxable","12":"purchasable","13":"product-type-simple"},"aioseo_notices":[],"_links":{"self":[{"href":"https:\/\/redcrosspharmaceutical.com\/es\/wp-json\/wp\/v2\/product\/11615","targetHints":{"allow":["GET"]}}],"collection":[{"href":"https:\/\/redcrosspharmaceutical.com\/es\/wp-json\/wp\/v2\/product"}],"about":[{"href":"https:\/\/redcrosspharmaceutical.com\/es\/wp-json\/wp\/v2\/types\/product"}],"wp:featuredmedia":[{"embeddable":true,"href":"https:\/\/redcrosspharmaceutical.com\/es\/wp-json\/wp\/v2\/media\/11616"}],"wp:attachment":[{"href":"https:\/\/redcrosspharmaceutical.com\/es\/wp-json\/wp\/v2\/media?parent=11615"}],"wp:term":[{"taxonomy":"product_cat","embeddable":true,"href":"https:\/\/redcrosspharmaceutical.com\/es\/wp-json\/wp\/v2\/product_cat?post=11615"},{"taxonomy":"product_tag","embeddable":true,"href":"https:\/\/redcrosspharmaceutical.com\/es\/wp-json\/wp\/v2\/product_tag?post=11615"}],"curies":[{"name":"wp","href":"https:\/\/api.w.org\/{rel}","templated":true}]}}