{"id":11612,"date":"2025-01-15T21:42:13","date_gmt":"2025-01-15T21:42:13","guid":{"rendered":"https:\/\/redcrosspharmaceutical.com\/?post_type=product&#038;p=11612"},"modified":"2025-01-15T21:44:54","modified_gmt":"2025-01-15T21:44:54","slug":"albuterol","status":"publish","type":"product","link":"https:\/\/redcrosspharmaceutical.com\/es\/producto\/albuterol\/","title":{"rendered":"Albuterol"},"content":{"rendered":"<h1 class=\"p1\"><b>Albuterol<\/b><\/h1>\n<h3 class=\"p1\"><b>Precio por paquete : 37,99 $<\/b><\/h3>\n<p class=\"p1\">Albuterol 0,083% Soluci\u00f3n para inhalaci\u00f3n 2,5 mg\/3 ml para ayudar. Esta soluci\u00f3n para inhalaci\u00f3n es un broncodilatador que puede ayudar a su mascota a respirar mejor para que sea capaz de tomar m\u00e1s ox\u00edgeno. Tenga en cuenta que Albuterol 0,083% (Gen\u00e9rico) Soluci\u00f3n Inhalable no es un inhalador y requiere una m\u00e1quina nebulizadora para su administraci\u00f3n.<\/p>\n<h3 class=\"p1\"><b>Ingredientes<\/b><\/h3>\n<p class=\"p1\">Sulfato de albuterol.<\/p>\n<h3 class=\"p1\"><b>Instrucciones <\/b><\/h3>\n<p class=\"p1\">Dosis recomendada<\/p>\n<p class=\"p1\">Consulte con su m\u00e9dico la posolog\u00eda recomendada.<\/p>\n<p class=\"p1\"><strong>Instrucciones de almacenamiento<\/strong><\/p>\n<p class=\"p1\">Albuterol 0,083% Soluci\u00f3n para inhalaci\u00f3n debe conservarse en el frigor\u00edfico<\/p>","protected":false},"excerpt":{"rendered":"<p>Albuterol Price per package : 37.99 $ Albuterol 0.083% Inhalation Solution 2.5 mg\/3 ml to help. This inhalation solution is a bronchodilator that can help your pet to breathe better so that he\u2019s able to take in more oxygen. Please &hellip; <a href=\"https:\/\/redcrosspharmaceutical.com\/es\/producto\/albuterol\/\">Leer m\u00e1s<\/a><\/p>","protected":false},"featured_media":11613,"template":"","meta":[],"product_cat":[91],"product_tag":[],"class_list":{"0":"post-11612","1":"product","2":"type-product","3":"status-publish","4":"has-post-thumbnail","6":"product_cat-medical","8":"first","9":"instock","10":"taxable","11":"shipping-taxable","12":"purchasable","13":"product-type-simple"},"aioseo_notices":[],"_links":{"self":[{"href":"https:\/\/redcrosspharmaceutical.com\/es\/wp-json\/wp\/v2\/product\/11612","targetHints":{"allow":["GET"]}}],"collection":[{"href":"https:\/\/redcrosspharmaceutical.com\/es\/wp-json\/wp\/v2\/product"}],"about":[{"href":"https:\/\/redcrosspharmaceutical.com\/es\/wp-json\/wp\/v2\/types\/product"}],"wp:featuredmedia":[{"embeddable":true,"href":"https:\/\/redcrosspharmaceutical.com\/es\/wp-json\/wp\/v2\/media\/11613"}],"wp:attachment":[{"href":"https:\/\/redcrosspharmaceutical.com\/es\/wp-json\/wp\/v2\/media?parent=11612"}],"wp:term":[{"taxonomy":"product_cat","embeddable":true,"href":"https:\/\/redcrosspharmaceutical.com\/es\/wp-json\/wp\/v2\/product_cat?post=11612"},{"taxonomy":"product_tag","embeddable":true,"href":"https:\/\/redcrosspharmaceutical.com\/es\/wp-json\/wp\/v2\/product_tag?post=11612"}],"curies":[{"name":"wp","href":"https:\/\/api.w.org\/{rel}","templated":true}]}}