{"id":11594,"date":"2025-01-10T17:51:58","date_gmt":"2025-01-10T17:51:58","guid":{"rendered":"https:\/\/redcrosspharmaceutical.com\/?post_type=product&#038;p=11594"},"modified":"2025-01-10T17:55:36","modified_gmt":"2025-01-10T17:55:36","slug":"gummies-multivitamin-kids","status":"publish","type":"product","link":"https:\/\/redcrosspharmaceutical.com\/es\/producto\/gummies-multivitamin-kids\/","title":{"rendered":"Gummies Multivitamin Kids"},"content":{"rendered":"<h1>Gummies Multivitamin Kids<\/h1>\n<h3 class=\"p1\"><b>Detalles del producto<\/b><\/h3>\n<p class=\"p2\"><strong>Equate Kids Multivitamin Gummies para la salud general<\/strong>Las gominolas multivitam\u00ednicas para ni\u00f1os Equate, de fruta natural, son la forma m\u00e1s sencilla y sabrosa de promover la buena salud y proporcionar a los m\u00e1s peque\u00f1os las vitaminas y minerales que necesitan. Estas deliciosas y f\u00e1ciles de masticar gominolas hacen que tomar un multivitam\u00ednico diario sea un placer. Tomar las decisiones correctas en materia de salud puede ser todo un reto. Las gominolas Equate son un complemento sencillo y delicioso para cualquier rutina diaria de salud. Con una completa gama de productos y soluciones sencillas, Equate te permite cuidar de ti y de los tuyos con confianza.<\/p>\n<h3 class=\"p2\">Equate Kids Gominolas multivitam\u00ednicas para la salud general, Fruta natural, 70 unidades<\/h3>\n<ul>\n<li>Suplementos multivitam\u00ednicos<\/li>\n<li>Sin conservantes<\/li>\n<li>Forma: Gominolas<\/li>\n<li>Para ni\u00f1os de 2 a 3 a\u00f1os, masticar una gominola al d\u00eda<\/li>\n<li>Salud general<\/li>\n<\/ul>","protected":false},"excerpt":{"rendered":"<p>Gummies Multivitamin Kids Product details Equate Kids Multivitamin Gummies for General Health, Natural Fruit, Equate Children&#8217;s Multivitamin Gummies are the simplest, best-tasting way to promote good health and provide your little ones with the vitamins and minerals they need. These &hellip; <a href=\"https:\/\/redcrosspharmaceutical.com\/es\/producto\/gummies-multivitamin-kids\/\">Leer m\u00e1s<\/a><\/p>","protected":false},"featured_media":11596,"template":"","meta":[],"product_cat":[95,91],"product_tag":[],"class_list":{"0":"post-11594","1":"product","2":"type-product","3":"status-publish","4":"has-post-thumbnail","6":"product_cat-kids","7":"product_cat-medical","9":"first","10":"instock","11":"taxable","12":"shipping-taxable","13":"purchasable","14":"product-type-simple"},"aioseo_notices":[],"_links":{"self":[{"href":"https:\/\/redcrosspharmaceutical.com\/es\/wp-json\/wp\/v2\/product\/11594","targetHints":{"allow":["GET"]}}],"collection":[{"href":"https:\/\/redcrosspharmaceutical.com\/es\/wp-json\/wp\/v2\/product"}],"about":[{"href":"https:\/\/redcrosspharmaceutical.com\/es\/wp-json\/wp\/v2\/types\/product"}],"wp:featuredmedia":[{"embeddable":true,"href":"https:\/\/redcrosspharmaceutical.com\/es\/wp-json\/wp\/v2\/media\/11596"}],"wp:attachment":[{"href":"https:\/\/redcrosspharmaceutical.com\/es\/wp-json\/wp\/v2\/media?parent=11594"}],"wp:term":[{"taxonomy":"product_cat","embeddable":true,"href":"https:\/\/redcrosspharmaceutical.com\/es\/wp-json\/wp\/v2\/product_cat?post=11594"},{"taxonomy":"product_tag","embeddable":true,"href":"https:\/\/redcrosspharmaceutical.com\/es\/wp-json\/wp\/v2\/product_tag?post=11594"}],"curies":[{"name":"wp","href":"https:\/\/api.w.org\/{rel}","templated":true}]}}