{"id":11589,"date":"2025-01-10T17:42:59","date_gmt":"2025-01-10T17:42:59","guid":{"rendered":"https:\/\/redcrosspharmaceutical.com\/?post_type=product&#038;p=11589"},"modified":"2025-01-10T17:50:36","modified_gmt":"2025-01-10T17:50:36","slug":"portable-nebulizer-silent-mesh-mini","status":"publish","type":"product","link":"https:\/\/redcrosspharmaceutical.com\/es\/producto\/portable-nebulizer-silent-mesh-mini\/","title":{"rendered":"Nebulizador Port\u00e1til Silent Mesh Mini\u00a0"},"content":{"rendered":"<h1 class=\"p1\"><b>Nebulizador Port\u00e1til Silent Mesh Mini\u00a0<\/b><\/h1>\n<h3 class=\"p2\"><b>Descripci\u00f3n<\/b><\/h3>\n<h3 class=\"p2\"><b>Vi\u00f1etas:<\/b><b><\/b><\/h3>\n<ol>\n<li class=\"p2\"><strong>Seguridad avanzada:<\/strong> Con tecnolog\u00eda inteligente, este nebulizador port\u00e1til garantiza la seguridad con su funci\u00f3n de apagado autom\u00e1tico. Evita da\u00f1os en la red cuando la soluci\u00f3n est\u00e1 casi agotada o si el dep\u00f3sito de agua est\u00e1 vac\u00edo. Recuerde no utilizar con agua pura para una protecci\u00f3n ideal.<\/li>\n<li class=\"p2\"><strong>Tenga en cuenta cuando se utiliza:<\/strong> No sumerja el nebulizador de mano en agua cuando lo limpie. No coloque ni transporte el aparato cuando haya l\u00edquido en el recipiente.<\/li>\n<li class=\"p2\"><strong>Facilidad de uso:<\/strong> Nuestro nebulizador dom\u00e9stico port\u00e1til es incre\u00edblemente ligero y compacto, por lo que es muy f\u00e1cil de transportar. Su portabilidad y peque\u00f1o tama\u00f1o lo hacen perfecto para viajes al aire libre o su uso en exteriores.<\/li>\n<li class=\"p2\"><strong>Dise\u00f1o cautivador:<\/strong> El nebulizador tiene un bonito dise\u00f1o que cautivar\u00e1 a los ni\u00f1os. Fabricado con precisi\u00f3n, se maneja sin esfuerzo e incluye instrucciones claras.<\/li>\n<li class=\"p2\"><strong>Nebulizador a prueba de fugas:<\/strong> Este dispositivo port\u00e1til puede administrar una fina niebla de medicamento sin derramarlo, siempre que lo mantenga en posici\u00f3n vertical y dentro del \u00e1ngulo de inclinaci\u00f3n m\u00e1ximo de 45. Puede ajustar la dosis entre 2 ml y 8 ml, pero no supere la marca m\u00e1xima de 8 m.<\/li>\n<\/ol>\n<p>Este nebulizador port\u00e1til es perfecto para cualquier persona en movimiento. Con apagado autom\u00e1tico cuando se utiliza agua pura y una nota sobre el uso, puede estar tranquilo sabiendo que lo est\u00e1 utilizando correctamente. Su portabilidad y dise\u00f1o f\u00e1cil de usar lo hacen ideal para los ni\u00f1os. Adem\u00e1s, no sobrepasar\u00e1 la marca m\u00e1s alta (8 m). Disfrute de una forma c\u00f3moda y sin preocupaciones de utilizar su nebulizador.<\/p>\n<p><strong>Compatibilidad:<\/strong> NK-A6 SY308 W302 W303 son compatibles con el uso de enchufes y la instalaci\u00f3n de pilas ordinarias.<\/p>\n<p>W303, W302 atomizador microgrid<\/p>\n<p><strong>Accesorios:<\/strong> 1x atomizador, 1x adulto, 1x ni\u00f1o, 1x boquilla atomizadora, 1x cable de alimentaci\u00f3n USB, 1x manual, 1x certificado.<\/p>\n<p><strong>Tama\u00f1o del producto:<\/strong><\/p>\n<ul>\n<li>W303: 45mmx58mmx128mmmm<\/li>\n<li>W302: 50mmx65mmx135mm<\/li>\n<\/ul>\n<h3>SY308 nebulizador port\u00e1til<\/h3>\n<p><strong>Accesorios:<\/strong> 1x atomizador, 1x adulto, 1x ni\u00f1o, 1x boquilla atomizadora, 1x cable de alimentaci\u00f3n USB, 1x manual, 1x certificado.<\/p>\n<p><strong>Tama\u00f1o del producto:<\/strong> 43mmx65mmx120mm<\/p>\n<p><strong>Peso neto del producto:<\/strong> 85g<\/p>\n<p><strong>Atomizador ANK-A6:<\/strong> Instrucciones de alimentaci\u00f3n: 2 pilas AA (AAx2) no incluidas o alimentaci\u00f3n USB<\/p>\n<p><strong>Accesorios: <\/strong>1x atomizador, 1x adulto, 1x ni\u00f1o, 1x boquilla atomizadora, 1x cable de alimentaci\u00f3n USB, 1x manual, 1x certificado.<\/p>\n<p><strong>Tama\u00f1o del producto:<\/strong> 43mmx65mmx120mm<\/p>\n<p><strong>Peso neto del producto:<\/strong> 85g<\/p>\n<p><strong>Tama\u00f1o de la caja de color:<\/strong> 130x90x71mm,<\/p>\n<p><strong>Caja de color con accesorios de peso:<\/strong> 169g<\/p>\n<p><b>Lista de paquetes: <\/b>Nebulizador port\u00e1til *1<\/p>","protected":false},"excerpt":{"rendered":"<p>Portable Nebulizer Silent Mesh Mini\u00a0 Description Bullet Points: Advanced Safety: With intelligent technology, this portable nebulizer ensures safety with its automatic shutdown function. It prevents damage to the net when the solution is almost used up or if the water &hellip; <a href=\"https:\/\/redcrosspharmaceutical.com\/es\/producto\/portable-nebulizer-silent-mesh-mini\/\">Leer m\u00e1s<\/a><\/p>","protected":false},"featured_media":11592,"template":"","meta":[],"product_cat":[91],"product_tag":[],"class_list":{"0":"post-11589","1":"product","2":"type-product","3":"status-publish","4":"has-post-thumbnail","6":"product_cat-medical","8":"first","9":"instock","10":"taxable","11":"shipping-taxable","12":"purchasable","13":"product-type-simple"},"aioseo_notices":[],"_links":{"self":[{"href":"https:\/\/redcrosspharmaceutical.com\/es\/wp-json\/wp\/v2\/product\/11589","targetHints":{"allow":["GET"]}}],"collection":[{"href":"https:\/\/redcrosspharmaceutical.com\/es\/wp-json\/wp\/v2\/product"}],"about":[{"href":"https:\/\/redcrosspharmaceutical.com\/es\/wp-json\/wp\/v2\/types\/product"}],"wp:featuredmedia":[{"embeddable":true,"href":"https:\/\/redcrosspharmaceutical.com\/es\/wp-json\/wp\/v2\/media\/11592"}],"wp:attachment":[{"href":"https:\/\/redcrosspharmaceutical.com\/es\/wp-json\/wp\/v2\/media?parent=11589"}],"wp:term":[{"taxonomy":"product_cat","embeddable":true,"href":"https:\/\/redcrosspharmaceutical.com\/es\/wp-json\/wp\/v2\/product_cat?post=11589"},{"taxonomy":"product_tag","embeddable":true,"href":"https:\/\/redcrosspharmaceutical.com\/es\/wp-json\/wp\/v2\/product_tag?post=11589"}],"curies":[{"name":"wp","href":"https:\/\/api.w.org\/{rel}","templated":true}]}}