{"id":11580,"date":"2025-01-10T17:32:57","date_gmt":"2025-01-10T17:32:57","guid":{"rendered":"https:\/\/redcrosspharmaceutical.com\/?post_type=product&#038;p=11580"},"modified":"2025-01-10T17:42:33","modified_gmt":"2025-01-10T17:42:33","slug":"clear-eye-drops","status":"publish","type":"product","link":"https:\/\/redcrosspharmaceutical.com\/es\/producto\/clear-eye-drops\/","title":{"rendered":"Gotas oculares transparentes"},"content":{"rendered":"<h1>Gotas oculares transparentes<\/h1>\n<p class=\"p1\"><b>Detalles<\/b><\/p>\n<h3 class=\"p1\"><b>Destacados<\/b><\/h3>\n<ul>\n<li>Las gotas oculares Clear Eyes Redness Relief alivian las rojeces y la irritaci\u00f3n<\/li>\n<li>Calma e hidrata para aliviar las rojeces y alivia la sequedad y el ardor<\/li>\n<li>Alivia las irritaciones y ayuda a proteger contra irritaciones posteriores<\/li>\n<li>De la marca de colirios #1 en ventas<\/li>\n<li>Contiene 1 frasco de gotas oculares Clear Eyes Redness Relief, 0.5 fl oz<\/li>\n<\/ul>\n<h3 class=\"p1\"><b>Descripci\u00f3n<\/b><\/h3>\n<p class=\"p1\">Las gotas Clear Eyes Redness Relief proporcionan alivio para el enrojecimiento de los ojos y hasta 12 horas de confort calmante. Las gotas oculares calman e hidratan los ojos y alivian el enrojecimiento, el ardor y la irritaci\u00f3n. El uso de las gotas oculares ayudar\u00e1 a proteger contra futuras irritaciones. Para utilizar las gotas oft\u00e1lmicas Alivio del Enrojecimiento, instile de 1 a 2 gotas en el ojo u ojos afectados hasta cuatro veces al d\u00eda. Clear Eyes\u00ae, la marca de gotas oft\u00e1lmicas n\u00famero #1 en ventas, ha proporcionado a los consumidores una l\u00ednea de gotas oft\u00e1lmicas de venta libre para el alivio de una serie de afecciones, como alergias, enrojecimiento, picor e irritaci\u00f3n. Los productos Clear Eyes\u00ae son elegibles para FSA y HSA en EE.UU.<\/p>\n<h3 class=\"p2\"><b>Especificaciones:<\/b><\/h3>\n<p class=\"p1\" style=\"padding-left: 40px;\"><b>Edad sugerida:<\/b>\u00a0S\u00f3lo para adultos<\/p>\n<p class=\"p1\" style=\"padding-left: 40px;\"><b>Datos sobre salud:<\/b>\u00a0Sin tintes<\/p>\n<p class=\"p1\" style=\"padding-left: 40px;\"><b>Advertencia sobre el producto:<\/b>\u00a0Consulte a un m\u00e9dico si padece glaucoma<\/p>\n<p class=\"p1\" style=\"padding-left: 40px;\"><b>Forma del producto:<\/b>\u00a0Gotas<\/p>\n<p class=\"p1\" style=\"padding-left: 40px;\"><b>Ingrediente activo primario:<\/b>\u00a0Glicerina<\/p>\n<p class=\"p1\" style=\"padding-left: 40px;\"><b>Cantidad por paquete:<\/b>\u00a01<\/p>\n<p class=\"p1\" style=\"padding-left: 40px;\"><b>Tipo de lente de contacto:<\/b>\u00a0No recomendado para lentes de contacto<\/p>\n<p class=\"p1\" style=\"padding-left: 40px;\"><b>Peso neto:<\/b>\u00a0.5 fl oz (US)<\/p>\n<h3 class=\"p2\"><b>Hechos<\/b><\/h3>\n<p class=\"p1\" style=\"padding-left: 40px;\"><b>Principios activos: <\/b>glicerina(0,25%), clorhidrato de nafazolina(0,012%).<\/p>\n<p class=\"p1\" style=\"padding-left: 40px;\"><b>Prop\u00f3sito: <\/b>Lubricante, Aliviador de Enrojecimiento..<\/p>\n<p class=\"p1\" style=\"padding-left: 40px;\"><b>Al utilizar este producto: <\/b>Al usar este producto: para evitar la contaminaci\u00f3n, no toque ninguna superficie con la punta,vuelva a colocar el tap\u00f3n despu\u00e9s de usarlo,el uso excesivo puede producir un aumento del enrojecimiento del ojo,las pupilas pueden agrandarse temporalmente.<\/p>\n<p class=\"p1\" style=\"padding-left: 40px;\"><b>Suspenda su uso y consulte a un m\u00e9dico si: <\/b>Deje de usarlo y consulte a un m\u00e9dico si: experimenta dolor ocular ,experimenta cambios en la visi\u00f3n,experimenta enrojecimiento o irritaci\u00f3n ocular continuados,la afecci\u00f3n empeora o los s\u00edntomas duran m\u00e1s de 72 horas.<\/p>\n<p class=\"p1\" style=\"padding-left: 40px;\"><b>C\u00f3mo llegar: <\/b>Instilar 1 \u00f3 2 gotas en el ojo afectado hasta cuatro veces al d\u00eda.<\/p>\n<p class=\"p1\" style=\"padding-left: 40px;\"><b>Otras informaciones: <\/b>Conservar a 20 - 25 grados C (68 - 77 grados F). Quitar las lentes de contacto antes de usar.<\/p>\n<p class=\"p1\" style=\"padding-left: 40px;\"><b>Ingredientes inactivos: <\/b>cloruro de benzalconio, \u00e1cido b\u00f3rico, edetato dis\u00f3dico, agua purificada, borato s\u00f3dico<\/p>","protected":false},"excerpt":{"rendered":"<p>Clear Eye Drops Details Highlights Clear Eyes Redness Relief Eye Drops proporciona alivio de las rojeces y la irritaci\u00f3n Calma e hidrata para aliviar las rojeces y alivia la sequedad y el ardor Proporciona alivio de la irritaci\u00f3n y ayuda a proteger contra nuevas irritaciones De ... <a href=\"https:\/\/redcrosspharmaceutical.com\/es\/producto\/clear-eye-drops\/\">Leer m\u00e1s<\/a><\/p>","protected":false},"featured_media":11583,"template":"","meta":[],"product_cat":[93],"product_tag":[],"class_list":{"0":"post-11580","1":"product","2":"type-product","3":"status-publish","4":"has-post-thumbnail","6":"product_cat-optical","8":"first","9":"instock","10":"taxable","11":"shipping-taxable","12":"purchasable","13":"product-type-simple"},"aioseo_notices":[],"_links":{"self":[{"href":"https:\/\/redcrosspharmaceutical.com\/es\/wp-json\/wp\/v2\/product\/11580","targetHints":{"allow":["GET"]}}],"collection":[{"href":"https:\/\/redcrosspharmaceutical.com\/es\/wp-json\/wp\/v2\/product"}],"about":[{"href":"https:\/\/redcrosspharmaceutical.com\/es\/wp-json\/wp\/v2\/types\/product"}],"wp:featuredmedia":[{"embeddable":true,"href":"https:\/\/redcrosspharmaceutical.com\/es\/wp-json\/wp\/v2\/media\/11583"}],"wp:attachment":[{"href":"https:\/\/redcrosspharmaceutical.com\/es\/wp-json\/wp\/v2\/media?parent=11580"}],"wp:term":[{"taxonomy":"product_cat","embeddable":true,"href":"https:\/\/redcrosspharmaceutical.com\/es\/wp-json\/wp\/v2\/product_cat?post=11580"},{"taxonomy":"product_tag","embeddable":true,"href":"https:\/\/redcrosspharmaceutical.com\/es\/wp-json\/wp\/v2\/product_tag?post=11580"}],"curies":[{"name":"wp","href":"https:\/\/api.w.org\/{rel}","templated":true}]}}