{"id":11361,"date":"2024-12-04T00:05:32","date_gmt":"2024-12-04T00:05:32","guid":{"rendered":"https:\/\/redcrosspharmaceutical.com\/?post_type=product&#038;p=11361"},"modified":"2024-12-04T00:07:12","modified_gmt":"2024-12-04T00:07:12","slug":"single-bond-universal-adhesive-refill","status":"publish","type":"product","link":"https:\/\/redcrosspharmaceutical.com\/es\/producto\/single-bond-universal-adhesive-refill\/","title":{"rendered":"Recambio de adhesivo universal Single Bond"},"content":{"rendered":"<p class=\"p1\"><b>Recambio de adhesivo universal Single Bond - Frasco de 5 ml<\/b><\/p>\n<p class=\"p3\"><strong>Detalles del producto<\/strong><\/p>\n<p class=\"p3\"><strong>Descripci\u00f3n:<\/strong><\/p>\n<p class=\"p3\">Recambio de adhesivo universal Single Bond - Frasco de 5 ml. ENVASE PARA EXPORTACI\u00d3N. Soluci\u00f3n adhesiva de un solo frasco que ofrece una gran fuerza de adhesi\u00f3n con una sencilla t\u00e9cnica de aplicaci\u00f3n y un tiempo de aplicaci\u00f3n del adhesivo de 35 segundos. Adhesivo combinado de grabado total, autograbado y grabado selectivo. Fuerza de adhesi\u00f3n consistente tanto en dentina grabada h\u00fameda como seca. Pr\u00e1cticamente sin sensibilidad postoperatoria. Compatible con autopolimerizaci\u00f3n y polimerizaci\u00f3n dual.<\/p>\n<p class=\"p3\"><strong>C\u00f3digo fabricante: <\/strong>41282<\/p>\n<p class=\"p3\"><strong>Marca: <\/strong>Bono \u00fanico<\/p>\n<p class=\"p3\"><strong>Componente(s): <\/strong>Adhesivo<\/p>\n<p class=\"p3\"><strong>Curado: <\/strong>Fotopolimerizable<\/p>\n<p class=\"p3\"><strong>Embalaje: <\/strong>Vial de 5 ml<\/p>\n<p class=\"p3\"><strong>Mercado primario: <\/strong>Embalaje para exportaci\u00f3n<\/p>","protected":false},"excerpt":{"rendered":"<p>Single Bond Universal Adhesive Refill &#8211; 5 mL Vial Product Details Description: Single Bond Universal Adhesive Refill &#8211; 5 mL Vial. EXPORT PACKAGE. Single-bottle adhesive solution that offers high bond strength with one simple application technique and a quick 35-second &hellip; <a href=\"https:\/\/redcrosspharmaceutical.com\/es\/producto\/single-bond-universal-adhesive-refill\/\">Leer m\u00e1s<\/a><\/p>","protected":false},"featured_media":11362,"template":"","meta":[],"product_cat":[92],"product_tag":[],"class_list":{"0":"post-11361","1":"product","2":"type-product","3":"status-publish","4":"has-post-thumbnail","6":"product_cat-dental","8":"first","9":"instock","10":"taxable","11":"shipping-taxable","12":"purchasable","13":"product-type-simple"},"aioseo_notices":[],"_links":{"self":[{"href":"https:\/\/redcrosspharmaceutical.com\/es\/wp-json\/wp\/v2\/product\/11361","targetHints":{"allow":["GET"]}}],"collection":[{"href":"https:\/\/redcrosspharmaceutical.com\/es\/wp-json\/wp\/v2\/product"}],"about":[{"href":"https:\/\/redcrosspharmaceutical.com\/es\/wp-json\/wp\/v2\/types\/product"}],"wp:featuredmedia":[{"embeddable":true,"href":"https:\/\/redcrosspharmaceutical.com\/es\/wp-json\/wp\/v2\/media\/11362"}],"wp:attachment":[{"href":"https:\/\/redcrosspharmaceutical.com\/es\/wp-json\/wp\/v2\/media?parent=11361"}],"wp:term":[{"taxonomy":"product_cat","embeddable":true,"href":"https:\/\/redcrosspharmaceutical.com\/es\/wp-json\/wp\/v2\/product_cat?post=11361"},{"taxonomy":"product_tag","embeddable":true,"href":"https:\/\/redcrosspharmaceutical.com\/es\/wp-json\/wp\/v2\/product_tag?post=11361"}],"curies":[{"name":"wp","href":"https:\/\/api.w.org\/{rel}","templated":true}]}}