{"id":11359,"date":"2024-12-04T00:03:10","date_gmt":"2024-12-04T00:03:10","guid":{"rendered":"https:\/\/redcrosspharmaceutical.com\/?post_type=product&#038;p=11359"},"modified":"2024-12-04T00:05:09","modified_gmt":"2024-12-04T00:05:09","slug":"3m-rely-x-luting-2-cement","status":"publish","type":"product","link":"https:\/\/redcrosspharmaceutical.com\/es\/producto\/3m-rely-x-luting-2-cement\/","title":{"rendered":"Cemento 3M Rely X Luting 2"},"content":{"rendered":"<p class=\"p1\"><b>Cemento 3M Rely X Luting 2. PAQUETE DE EXPORTACI\u00d3N, Recarga: 2 - 11 gramos Clicker<\/b><\/p>\n<p class=\"p2\">Por\u00a0<a href=\"https:\/\/www.net32.com\/search?filter.manufacturer=3M\"><span class=\"s1\">3M<\/span><\/a><\/p>\n<p class=\"p2\"><strong>Detalles del producto<\/strong><\/p>\n<p class=\"p2\"><b>Descripci\u00f3n:<\/b><b><\/b><\/p>\n<p class=\"p2\">Cemento 3M RelyX Luting 2. PAQUETE DE EXPORTACI\u00d3N, Recambio: 2 - 11 gramos Dispensadores Clicker, Blanco-Opaco. Cemento de ion\u00f3mero de vidrio modificado con resina. Para uso con coronas met\u00e1licas, inlays y onlays, coronas y puentes de porcelana fundida sobre metal, restauraciones cer\u00e1micas con n\u00facleo reforzado de circonio y al\u00famina, pernos y postes endod\u00f3nticos, aparatos de ortodoncia.<\/p>\n<p class=\"p2\"><b>C\u00f3digo fabricante: <\/b><b><\/b>3525 A<\/p>\n<p class=\"p2\"><b>Marca: <\/b><b><\/b>3M RelyX Luting 2<\/p>\n<p class=\"p2\"><b>Color: <\/b><b><\/b>Blanco opaco<\/p>\n<p class=\"p2\"><b>Curado: <\/b><b><\/b>Autocura<\/p>\n<p class=\"p2\"><b>Dispensaci\u00f3n: <\/b><b><\/b>Clicker<\/p>\n<p class=\"p2\"><b>Embalaje: <\/b><b><\/b>2 - dispensadores clicker de 11 gramos<\/p>\n<p class=\"p2\"><b>Mercado primario: <\/b><b><\/b>Embalaje para exportaci\u00f3n<\/p>\n<p class=\"p2\"><b>Tipo: <\/b><b><\/b>Ion\u00f3mero de vidrio<\/p>","protected":false},"excerpt":{"rendered":"<p>3M Rely X Luting 2 Cement. EXPORT PACKAGE, Refill: 2 &#8211; 11 gram Clicker By\u00a03M Product Details Description: 3M RelyX Luting 2 Cement. EXPORT PACKAGE, Refill: 2 &#8211; 11 gram Clicker Dispensers, White-Opaque. Resin-Modified Glass Ionomer Cement. For use with &hellip; <a href=\"https:\/\/redcrosspharmaceutical.com\/es\/producto\/3m-rely-x-luting-2-cement\/\">Leer m\u00e1s<\/a><\/p>","protected":false},"featured_media":11360,"template":"","meta":[],"product_cat":[92],"product_tag":[],"class_list":{"0":"post-11359","1":"product","2":"type-product","3":"status-publish","4":"has-post-thumbnail","6":"product_cat-dental","8":"first","9":"instock","10":"taxable","11":"shipping-taxable","12":"purchasable","13":"product-type-simple"},"aioseo_notices":[],"_links":{"self":[{"href":"https:\/\/redcrosspharmaceutical.com\/es\/wp-json\/wp\/v2\/product\/11359","targetHints":{"allow":["GET"]}}],"collection":[{"href":"https:\/\/redcrosspharmaceutical.com\/es\/wp-json\/wp\/v2\/product"}],"about":[{"href":"https:\/\/redcrosspharmaceutical.com\/es\/wp-json\/wp\/v2\/types\/product"}],"wp:featuredmedia":[{"embeddable":true,"href":"https:\/\/redcrosspharmaceutical.com\/es\/wp-json\/wp\/v2\/media\/11360"}],"wp:attachment":[{"href":"https:\/\/redcrosspharmaceutical.com\/es\/wp-json\/wp\/v2\/media?parent=11359"}],"wp:term":[{"taxonomy":"product_cat","embeddable":true,"href":"https:\/\/redcrosspharmaceutical.com\/es\/wp-json\/wp\/v2\/product_cat?post=11359"},{"taxonomy":"product_tag","embeddable":true,"href":"https:\/\/redcrosspharmaceutical.com\/es\/wp-json\/wp\/v2\/product_tag?post=11359"}],"curies":[{"name":"wp","href":"https:\/\/api.w.org\/{rel}","templated":true}]}}