{"id":11357,"date":"2024-12-04T00:00:14","date_gmt":"2024-12-04T00:00:14","guid":{"rendered":"https:\/\/redcrosspharmaceutical.com\/?post_type=product&#038;p=11357"},"modified":"2024-12-04T00:02:17","modified_gmt":"2024-12-04T00:02:17","slug":"enamel-bonding-adhesive","status":"publish","type":"product","link":"https:\/\/redcrosspharmaceutical.com\/es\/producto\/enamel-bonding-adhesive\/","title":{"rendered":"Adhesivo esmalte"},"content":{"rendered":"<p class=\"p1\"><b>Adhesivo de un solo paso para dentina y esmalte Prime-Dent, frasco de 7 ml<\/b><\/p>\n<p class=\"p3\"><strong>Detalles del producto<\/strong><\/p>\n<p class=\"p4\"><b>Descripci\u00f3n:<\/b><b><\/b><\/p>\n<p class=\"p4\">Adhesivo de un solo paso para dentina y esmalte, frasco de 7 ml. Fotopolimerizable, base acetona. Hidr\u00f3filo y adecuado para su uso en dentina h\u00fameda (t\u00e9cnica de adhesi\u00f3n en h\u00famedo). El adhesivo incorpora aspectos de imprimaci\u00f3n y resina de uni\u00f3n en un solo frasco dise\u00f1ado para unir composites y comp\u00f3meros a dentina y esmalte, as\u00ed como amalgama tratada, metal y superficies cer\u00e1micas. Tras el grabado, se consigue una penetraci\u00f3n y saturaci\u00f3n de la dentina y el esmalte en 2 \u00f3 3 capas.<\/p>\n<p class=\"p4\"><b>C\u00f3digo fabricante: <\/b><b><\/b>006-030<\/p>\n<p class=\"p4\"><b>Marca: <\/b><b><\/b>Prime-Dent<\/p>\n<p class=\"p4\"><b>Componente(s): <\/b><b><\/b>Adhesivo de uni\u00f3n dentina\/esmalte<\/p>\n<p class=\"p4\"><b>Curado: <\/b><b><\/b>Fotopolimerizable<\/p>\n<p class=\"p4\"><b>Embalaje: <\/b><b><\/b>Frasco de 7 ml<\/p>\n<p class=\"p4\"><b>Mercado primario: <\/b><b><\/b>No especificado<\/p>","protected":false},"excerpt":{"rendered":"<p>Prime-Dent One-Step Dentin\/Enamel Bonding Adhesive, 7 mL Bottle Product Details Description: One-Step Dentin\/Enamel Bonding Adhesive, 7 mL Bottle. Light-Cure, Acetone Based. Hydrophilic and suitable for use on moist dentin (wet bonding technique). The adhesive incorporates aspects of primer and bonding &hellip; <a href=\"https:\/\/redcrosspharmaceutical.com\/es\/producto\/enamel-bonding-adhesive\/\">Leer m\u00e1s<\/a><\/p>","protected":false},"featured_media":11358,"template":"","meta":[],"product_cat":[92],"product_tag":[],"class_list":{"0":"post-11357","1":"product","2":"type-product","3":"status-publish","4":"has-post-thumbnail","6":"product_cat-dental","8":"first","9":"instock","10":"taxable","11":"shipping-taxable","12":"purchasable","13":"product-type-simple"},"aioseo_notices":[],"_links":{"self":[{"href":"https:\/\/redcrosspharmaceutical.com\/es\/wp-json\/wp\/v2\/product\/11357","targetHints":{"allow":["GET"]}}],"collection":[{"href":"https:\/\/redcrosspharmaceutical.com\/es\/wp-json\/wp\/v2\/product"}],"about":[{"href":"https:\/\/redcrosspharmaceutical.com\/es\/wp-json\/wp\/v2\/types\/product"}],"wp:featuredmedia":[{"embeddable":true,"href":"https:\/\/redcrosspharmaceutical.com\/es\/wp-json\/wp\/v2\/media\/11358"}],"wp:attachment":[{"href":"https:\/\/redcrosspharmaceutical.com\/es\/wp-json\/wp\/v2\/media?parent=11357"}],"wp:term":[{"taxonomy":"product_cat","embeddable":true,"href":"https:\/\/redcrosspharmaceutical.com\/es\/wp-json\/wp\/v2\/product_cat?post=11357"},{"taxonomy":"product_tag","embeddable":true,"href":"https:\/\/redcrosspharmaceutical.com\/es\/wp-json\/wp\/v2\/product_tag?post=11357"}],"curies":[{"name":"wp","href":"https:\/\/api.w.org\/{rel}","templated":true}]}}