{"id":11353,"date":"2024-12-03T23:53:37","date_gmt":"2024-12-03T23:53:37","guid":{"rendered":"https:\/\/redcrosspharmaceutical.com\/?post_type=product&#038;p=11353"},"modified":"2024-12-03T23:56:32","modified_gmt":"2024-12-03T23:56:32","slug":"maxcem-elite-clear-refill","status":"publish","type":"product","link":"https:\/\/redcrosspharmaceutical.com\/es\/producto\/maxcem-elite-clear-refill\/","title":{"rendered":"Maxcem Elite Recambio transparente"},"content":{"rendered":"<p class=\"p1\"><b>Recambio Maxcem Elite Clear, 2 jeringas de 5 g y 24 puntas surtidas<\/b><\/p>\n<p class=\"p2\"><strong>Acerca de este producto<\/strong><\/p>\n<p class=\"p2\">El cemento de resina universal Maxcem Elite proporciona una fijaci\u00f3n segura tanto en ambientes secos como h\u00famedos.<\/p>\n<p>Compatible con todos los sustratos dentales como cer\u00e1micas, metales, PFM y materiales CAD\/CAM.<\/p>\n<p>Excelente cementaci\u00f3n para restauraciones indirectas en los modos de autopolimerizaci\u00f3n, fotopolimerizaci\u00f3n o polimerizaci\u00f3n dual<\/p>\n<p><strong><span class=\"s2\">Detalles del producto<\/span><\/strong><\/p>\n<p><strong><span class=\"s2\">Descripci\u00f3n: <\/span><\/strong>Maxcem Elite Clear Refill, Kit de Cemento de Resina Universal Simplificado - 2 Jeringas de 5g y 24 Puntas Surtidas. Utilizado para restauraciones indirectas. Contiene: 8 puntas automix (normales), 8 puntas automix (anchas), 8 puntas intraorales. Cemento fotopolimerizable, autograbante\/autoadhesivo para uso en ambientes secos y h\u00famedos.<\/p>\n<p><strong><span class=\"s2\">C\u00f3digo fabricante: <\/span><\/strong>33872<\/p>\n<p><strong><span class=\"s2\">Marca: <\/span><\/strong>Maxcem Elite<\/p>\n<p><strong><span class=\"s2\">Color: <\/span><\/strong>Claro<\/p>\n<p><strong><span class=\"s2\">Curado: <\/span><\/strong>Fotopolimerizable<\/p>\n<p><strong><span class=\"s2\">Dispensaci\u00f3n: <\/span><\/strong>Jeringuillas<\/p>\n<p><strong><span class=\"s2\">Embalaje: <\/span><\/strong>2 Jeringas dobles (5 g)<\/p>\n<p><strong><span class=\"s2\">Mercado primario: <\/span><\/strong>No especificado<\/p>\n<p><strong><span class=\"s2\">Tipo: <\/span><\/strong>Cemento de resina<\/p>","protected":false},"excerpt":{"rendered":"<p>Maxcem Elite Clear Refill, 2x 5g Syringes &amp; 24 Assorted Tips About this product Maxcem Elite Universal Resin Cement provides a secure hold in both dry and moist environments. Compatible with all dental substrates such as ceramics, metals, PFMs, and &hellip; <a href=\"https:\/\/redcrosspharmaceutical.com\/es\/producto\/maxcem-elite-clear-refill\/\">Leer m\u00e1s<\/a><\/p>","protected":false},"featured_media":11354,"template":"","meta":[],"product_cat":[92],"product_tag":[],"class_list":{"0":"post-11353","1":"product","2":"type-product","3":"status-publish","4":"has-post-thumbnail","6":"product_cat-dental","8":"first","9":"instock","10":"taxable","11":"shipping-taxable","12":"purchasable","13":"product-type-simple"},"aioseo_notices":[],"_links":{"self":[{"href":"https:\/\/redcrosspharmaceutical.com\/es\/wp-json\/wp\/v2\/product\/11353","targetHints":{"allow":["GET"]}}],"collection":[{"href":"https:\/\/redcrosspharmaceutical.com\/es\/wp-json\/wp\/v2\/product"}],"about":[{"href":"https:\/\/redcrosspharmaceutical.com\/es\/wp-json\/wp\/v2\/types\/product"}],"wp:featuredmedia":[{"embeddable":true,"href":"https:\/\/redcrosspharmaceutical.com\/es\/wp-json\/wp\/v2\/media\/11354"}],"wp:attachment":[{"href":"https:\/\/redcrosspharmaceutical.com\/es\/wp-json\/wp\/v2\/media?parent=11353"}],"wp:term":[{"taxonomy":"product_cat","embeddable":true,"href":"https:\/\/redcrosspharmaceutical.com\/es\/wp-json\/wp\/v2\/product_cat?post=11353"},{"taxonomy":"product_tag","embeddable":true,"href":"https:\/\/redcrosspharmaceutical.com\/es\/wp-json\/wp\/v2\/product_tag?post=11353"}],"curies":[{"name":"wp","href":"https:\/\/api.w.org\/{rel}","templated":true}]}}