{"id":11347,"date":"2024-12-03T23:41:20","date_gmt":"2024-12-03T23:41:20","guid":{"rendered":"https:\/\/redcrosspharmaceutical.com\/?post_type=product&#038;p=11347"},"modified":"2024-12-03T23:46:27","modified_gmt":"2024-12-03T23:46:27","slug":"dentex","status":"publish","type":"product","link":"https:\/\/redcrosspharmaceutical.com\/es\/producto\/dentex\/","title":{"rendered":"DENTEX"},"content":{"rendered":"<p class=\"p1\"><strong>DENTEX Dental L\u00e1mpara de polimerizaci\u00f3n universal Resina compuesta h\u00edbrida<\/strong><\/p>\n<p class=\"p3\"><b>Caracter\u00edsticas del art\u00edculo<\/b><\/p>\n<p class=\"p3\"><b>Condici\u00f3n<\/b><\/p>\n<p class=\"p3\"><b>Novedad: <\/b>Un art\u00edculo nuevo, sin usar, sin abrir, sin da\u00f1os y en su embalaje original,<\/p>\n<p class=\"p3\"><b>Marca: <\/b>Dentex<\/p>\n<p class=\"p3\"><b>Punta de jeringa<\/b><\/p>\n<p class=\"p3\"><b>Punta del cat\u00e9ter<\/b><\/p>\n<p class=\"p3\"><b>MPN<\/b><\/p>\n<p class=\"p3\"><b>GHSZ1400900000<\/b><\/p>\n<p class=\"p3\"><b>Pa\u00eds\/Regi\u00f3n de fabricaci\u00f3n<\/b><\/p>\n<p class=\"p3\"><b>China<\/b><\/p>\n<p class=\"p3\"><b>Uso previsto\/Disciplina<\/b><\/p>\n<p class=\"p3\"><b>Laboratorio dental, Odontolog\u00eda, Endodoncia<\/b><\/p>\n<p>&nbsp;<\/p>\n<p class=\"p3\"><b>Descripci\u00f3n del art\u00edculo<\/b><\/p>\n<p>Composite universal para dentina y esmalte anterior\/posterior<\/p>\n<ul>\n<li>Alta radiopacidad<\/li>\n<li>Liberaci\u00f3n de fl\u00faor<\/li>\n<li>Alta resistencia (resistencia a la compresi\u00f3n &gt;480MPa)<\/li>\n<\/ul>\n<p><strong>INDICACIONES DE USO:<\/strong><\/p>\n<ul>\n<li>Restauraciones directas anteriores y posteriores<\/li>\n<li>Compatible con material de resina de ion\u00f3mero de vidrio<\/li>\n<li>Acumulaci\u00f3n de tazas<\/li>\n<li>Acumulaci\u00f3n de n\u00facleo<\/li>\n<li>Restauraciones indirectas anteriores y posteriores, incluidas inlays, onlays y carillas.<\/li>\n<\/ul>\n<p><strong>Color disponible:<\/strong> A1, A2,A3, A3.5, B1 y B2.<\/p>","protected":false},"excerpt":{"rendered":"<p>DENTEX Dental Universal Cure Light Hybrid Composite Resin Item specifics Condition New: A brand-new, unused, unopened, undamaged item in its original packaging, Brand: Dentex Syringe Tip Catheter Tip MPN GHSZ1400900000 Country\/Region of Manufacture China Intended Use\/Discipline Dental Laboratory, Dentistry, Endodontics &hellip; <a href=\"https:\/\/redcrosspharmaceutical.com\/es\/producto\/dentex\/\">Leer m\u00e1s<\/a><\/p>","protected":false},"featured_media":11350,"template":"","meta":[],"product_cat":[92],"product_tag":[],"class_list":{"0":"post-11347","1":"product","2":"type-product","3":"status-publish","4":"has-post-thumbnail","6":"product_cat-dental","8":"first","9":"instock","10":"taxable","11":"shipping-taxable","12":"purchasable","13":"product-type-simple"},"aioseo_notices":[],"_links":{"self":[{"href":"https:\/\/redcrosspharmaceutical.com\/es\/wp-json\/wp\/v2\/product\/11347","targetHints":{"allow":["GET"]}}],"collection":[{"href":"https:\/\/redcrosspharmaceutical.com\/es\/wp-json\/wp\/v2\/product"}],"about":[{"href":"https:\/\/redcrosspharmaceutical.com\/es\/wp-json\/wp\/v2\/types\/product"}],"wp:featuredmedia":[{"embeddable":true,"href":"https:\/\/redcrosspharmaceutical.com\/es\/wp-json\/wp\/v2\/media\/11350"}],"wp:attachment":[{"href":"https:\/\/redcrosspharmaceutical.com\/es\/wp-json\/wp\/v2\/media?parent=11347"}],"wp:term":[{"taxonomy":"product_cat","embeddable":true,"href":"https:\/\/redcrosspharmaceutical.com\/es\/wp-json\/wp\/v2\/product_cat?post=11347"},{"taxonomy":"product_tag","embeddable":true,"href":"https:\/\/redcrosspharmaceutical.com\/es\/wp-json\/wp\/v2\/product_tag?post=11347"}],"curies":[{"name":"wp","href":"https:\/\/api.w.org\/{rel}","templated":true}]}}