{"id":11342,"date":"2024-12-03T23:33:04","date_gmt":"2024-12-03T23:33:04","guid":{"rendered":"https:\/\/redcrosspharmaceutical.com\/?post_type=product&#038;p=11342"},"modified":"2024-12-03T23:36:46","modified_gmt":"2024-12-03T23:36:46","slug":"denfil-etchant","status":"publish","type":"product","link":"https:\/\/redcrosspharmaceutical.com\/es\/producto\/denfil-etchant\/","title":{"rendered":"Grabador DenFil"},"content":{"rendered":"<p class=\"p1\"><strong>Detalles del producto<\/strong><\/p>\n<p class=\"p1\"><strong>Descripci\u00f3n: <\/strong>37% Kit de Gel Grabador: 12 - 3 ml Jeringas con puntas. 37% Grabado de \u00c1cido Fosf\u00f3rico, Tipo Semi-Gel. Efecto r\u00e1pido y f\u00e1cil eliminaci\u00f3n.<\/p>\n<p class=\"p1\"><strong>C\u00f3digo fabricante: <\/strong>ET136-K000<\/p>\n<p class=\"p1\"><strong>Marca: <\/strong>Grabador DenFil<\/p>\n<p class=\"p1\"><strong>Contenido qu\u00edmico: <\/strong>\u00c1cido fosf\u00f3rico<\/p>\n<p class=\"p1\"><strong>Embalaje: <\/strong>12 - 3 ml jeringas y puntas<\/p>\n<p class=\"p1\"><strong>Mercado primario: <\/strong>No especificado<\/p>\n<p class=\"p1\"><strong>Fuerza: <\/strong>37%<\/p>\n<p class=\"p1\"><strong>Tipo: <\/strong>Gel<\/p>","protected":false},"excerpt":{"rendered":"<p>Product Details Description: 37% Etching Gel Value Kit: 12 &#8211; 3 ml Syringes with tips. 37% Phosphoric Acid Etch, Semi-Gel Type. Fast effect and easy removal. Manufacturer Code: ET136-K000 Brand: DenFil Etchant Chemical Content: Phosphoric acid Packaging: 12 &#8211; 3 &hellip; <a href=\"https:\/\/redcrosspharmaceutical.com\/es\/producto\/denfil-etchant\/\">Leer m\u00e1s<\/a><\/p>","protected":false},"featured_media":11343,"template":"","meta":[],"product_cat":[92],"product_tag":[],"class_list":{"0":"post-11342","1":"product","2":"type-product","3":"status-publish","4":"has-post-thumbnail","6":"product_cat-dental","8":"first","9":"instock","10":"taxable","11":"shipping-taxable","12":"purchasable","13":"product-type-simple"},"aioseo_notices":[],"_links":{"self":[{"href":"https:\/\/redcrosspharmaceutical.com\/es\/wp-json\/wp\/v2\/product\/11342","targetHints":{"allow":["GET"]}}],"collection":[{"href":"https:\/\/redcrosspharmaceutical.com\/es\/wp-json\/wp\/v2\/product"}],"about":[{"href":"https:\/\/redcrosspharmaceutical.com\/es\/wp-json\/wp\/v2\/types\/product"}],"wp:featuredmedia":[{"embeddable":true,"href":"https:\/\/redcrosspharmaceutical.com\/es\/wp-json\/wp\/v2\/media\/11343"}],"wp:attachment":[{"href":"https:\/\/redcrosspharmaceutical.com\/es\/wp-json\/wp\/v2\/media?parent=11342"}],"wp:term":[{"taxonomy":"product_cat","embeddable":true,"href":"https:\/\/redcrosspharmaceutical.com\/es\/wp-json\/wp\/v2\/product_cat?post=11342"},{"taxonomy":"product_tag","embeddable":true,"href":"https:\/\/redcrosspharmaceutical.com\/es\/wp-json\/wp\/v2\/product_tag?post=11342"}],"curies":[{"name":"wp","href":"https:\/\/api.w.org\/{rel}","templated":true}]}}