{"id":11157,"date":"2024-10-10T19:35:35","date_gmt":"2024-10-10T19:35:35","guid":{"rendered":"https:\/\/redcrosspharmaceutical.com\/?post_type=product&#038;p=11157"},"modified":"2024-10-10T19:41:27","modified_gmt":"2024-10-10T19:41:27","slug":"vitamina-c","status":"publish","type":"product","link":"https:\/\/redcrosspharmaceutical.com\/es\/producto\/vitamina-c\/","title":{"rendered":"Vitamina C"},"content":{"rendered":"<p><span style=\"color: #46474a;\"><span style=\"font-family: Arial, serif;\">Nuestra <strong>Spring Valley Vitamina C<\/strong> con <strong>Escaramujo Comprimidos Suplemento diet\u00e9tico<\/strong> Cada comprimido contiene 1.000 miligramos de vitamina C y ocho miligramos de escaramujo. La vitamina C es un potente antioxidante y un nutriente esencial que puede contribuir a la salud inmunitaria, cardiovascular y \u00f3sea.* Estos comprimidos no contienen gluten, lactosa, az\u00facar, colorantes ni aromas artificiales. Tambi\u00e9n son aptos para una dieta vegetariana. Puede estar seguro de que <strong>Spring Valley Vitamina C<\/strong> con <strong>Escaramujo Comprimidos Suplemento diet\u00e9tico<\/strong> se fabrica siguiendo estrictas directrices de calidad y est\u00e1 respaldada por nuestra garant\u00eda de calidad.<\/span><\/span><\/p>\n<p><span style=\"color: #46474a;\"><span style=\"font-family: Arial, serif;\"><strong>Valle de Spring<\/strong> entiende que llevar un estilo de vida sano y equilibrado es la clave para ser lo mejor de uno mismo. Con una gama asequible de productos inspirados en la naturaleza, <strong>Valle de Spring<\/strong> favorece su salud y la de su familia, as\u00ed como su bienestar integral<\/span><\/span><span style=\"color: #46474a;\"><span style=\"font-family: Arial, serif;\"><b>.<\/b><\/span><\/span><\/p>\n<ul>\n<li><span style=\"color: #46474a;\"><span style=\"font-family: Arial, serif;\">Spring Valley Vitamina C con Escaramujo Tabletas Suplemento Diet\u00e9tico, 1,000 mg, 250 Cuenta<\/span><\/span><\/li>\n<li><span style=\"color: #46474a;\"><span style=\"font-family: Arial, serif;\">Suplemento diet\u00e9tico* de apoyo a la salud inmunitaria, cardiovascular y \u00f3sea<\/span><\/span><\/li>\n<li><span style=\"color: #46474a;\"><span style=\"font-family: Arial, serif;\">1.000 mg de vitamina C y 8 mg de escaramujo por comprimido<\/span><\/span><\/li>\n<li><span style=\"color: #46474a;\"><span style=\"font-family: Arial, serif;\">Sin gluten, az\u00facar, lactosa, colorantes ni aromas artificiales<\/span><\/span><\/li>\n<li><span style=\"color: #46474a;\"><span style=\"font-family: Arial, serif;\">1 comprimido al d\u00eda<\/span><\/span><\/li>\n<li><span style=\"color: #46474a;\"><span style=\"font-family: Arial, serif;\">250 comprimidos por frasco para m\u00e1s de 8 meses (250 d\u00edas) de suministro<\/span><\/span><\/li>\n<li><span style=\"color: #46474a;\"><span style=\"font-family: Arial, serif;\">Imagen de una moneda de la F\u00e1brica de la Moneda de Estados Unidos<\/span><\/span><\/li>\n<\/ul>\n<p><span style=\"color: #46474a;\"><span style=\"font-family: Arial, serif;\">*Estas afirmaciones no han sido evaluadas por la Food and Drug Administration. Este producto no est\u00e1 destinado a diagnosticar, tratar, curar o prevenir ninguna enfermedad.<\/span><\/span><\/p>\n<p><span style=\"font-family: Arial, serif;\"><span style=\"font-size: large;\"><b><span style=\"color: #2e2f32;\">Info:<\/span><\/b><\/span><\/span><\/p>\n<p><span style=\"color: #2e2f32;\"><span style=\"font-family: Arial, serif;\">Nuestro objetivo es mostrarle informaci\u00f3n precisa sobre los productos<\/span><\/span><span style=\"color: #2e2f32;\"><span style=\"font-family: Arial, serif;\"><b>.\u00a0<\/b><\/span><\/span><span style=\"color: #2e2f32;\"><span style=\"font-family: Arial, serif;\">Fabricantes, proveedores y otros proporcionan lo que usted ve aqu\u00ed, y nosotros no lo hemos verificado.  Consulte nuestro descargo de responsabilidad<\/span><\/span><\/p>\n<p><span style=\"font-family: Arial, serif; color: #000000;\"><span style=\"font-size: large;\"><b>Especificaci\u00f3n<\/b><\/span><\/span><\/p>\n<p><span style=\"color: #2e2f32;\"><span style=\"font-family: Arial, serif;\"><strong>M\u00e9todo diet\u00e9tico:<\/strong> <\/span><\/span><span style=\"color: #46474a;\"><span style=\"font-family: Arial, serif;\">Sin gluten<\/span><\/span><\/p>\n<p><span style=\"color: #2e2f32;\"><span style=\"font-family: Arial, serif;\"><strong>Multipack Cantidad:<\/strong> <\/span><\/span><span style=\"color: #46474a;\"><span style=\"font-family: Arial, serif;\">1<\/span><\/span><\/p>\n<p><strong><span style=\"color: #2e2f32;\"><span style=\"font-family: Arial, serif;\">Cantidad por paquete: <\/span><\/span><\/strong><span style=\"color: #46474a;\"><span style=\"font-family: Arial, serif;\">250<\/span><\/span><\/p>\n<p><span style=\"color: #2e2f32;\"><span style=\"font-family: Arial, serif;\"><span style=\"font-size: large;\"><b>Marca<\/b><\/span><\/span><\/span><\/p>\n<p><span style=\"color: #46474a;\"><span style=\"font-family: Arial, serif;\">Valle de Spring<\/span><\/span><\/p>\n<p><span style=\"color: #000000;\"><span style=\"font-family: Arial, serif;\"><span style=\"font-size: large;\"><b>Indicaciones<\/b><\/span><\/span><\/span><\/p>\n<p><span style=\"color: #2e2f32;\"><span style=\"font-family: Arial, serif;\"><b>Dejar de usar Indicaciones: <\/b><\/span><\/span><span style=\"color: #46474a;\"><span style=\"font-family: Arial, serif;\">Suspenda su uso y consulte a su m\u00e9dico si se produce alguna reacci\u00f3n adversa.<\/span><\/span><\/p>\n<p><span style=\"color: #2e2f32;\"><span style=\"font-family: Arial, serif;\"><b>Preocupaci\u00f3n por la salud: <\/b><\/span><\/span><span style=\"color: #46474a;\"><span style=\"font-family: Arial, serif;\">Apoyo al sistema inmunitario<\/span><\/span><\/p>\n<p><span style=\"color: #000000;\"><span style=\"font-family: Arial, serif;\"><span style=\"font-size: large;\"><b>C\u00f3mo llegar<\/b><\/span><\/span><\/span><\/p>\n<p><span style=\"color: #2e2f32;\"><span style=\"font-family: Arial, serif;\"><b>Dosificaci\u00f3n: <\/b><\/span><\/span><span style=\"color: #46474a;\"><span style=\"font-family: Arial, serif;\">Un comprimido (1000 mg) al d\u00eda<\/span><\/span><\/p>\n<p><span style=\"color: #2e2f32;\"><span style=\"font-family: Arial, serif;\"><b>Instrucciones<\/b><\/span><\/span><\/p>\n<p><span style=\"color: #46474a;\"><span style=\"font-family: Arial, serif;\"><strong>Uso recomendado:<\/strong> Adultos, tomar un comprimido al d\u00eda, preferentemente con las comidas, como complemento de la dieta. ADVERTENCIA: Las mujeres embarazadas o en per\u00edodo de lactancia, las personas que est\u00e9n tomando medicamentos o las personas que padezcan alg\u00fan problema de salud deben consultar a su m\u00e9dico antes de utilizar este producto. **MANTENER FUERA DEL ALCANCE DE LOS NI\u00d1OS. <\/span><\/span><\/p>\n<p><span style=\"color: #000000;\"><span style=\"font-family: Arial, serif;\"><span style=\"font-size: large;\"><b>Ingredientes<\/b><\/span><\/span><\/span><\/p>\n<p><span style=\"color: #2e2f32;\"><span style=\"font-family: Arial, serif;\"><b>Ingredientes inactivos<\/b><\/span><\/span><\/p>\n<p><span style=\"color: #46474a;\"><span style=\"font-family: Arial, serif;\">\u00c1cido asc\u00f3rbico Celulosa microcristalina Hidroxipropilmetilcelulosa Croscarmelosa s\u00f3dica Contiene 2% o menos de cera carnauba, estearato de magnesio, polietilenglicol, escaramujo, s\u00edlice, cloruro de sodio, \u00e1cido este\u00e1rico, \u00e1cido tart\u00e1rico Puede contener crospovidona, hidroxipropilcelulosa, alcohol polivin\u00edlico<\/span><\/span><\/p>","protected":false},"excerpt":{"rendered":"<p>Nuestro Spring Valley Vitamina C con escaramujos Tabletas Suplemento diet\u00e9tico est\u00e1 formulado para proporcionar apoyo a la salud inmune.* Cada tableta proporciona 1.000 miligramos de vitamina C y ocho miligramos de escaramujos. La vitamina C es un potente antioxidante y ... <a href=\"https:\/\/redcrosspharmaceutical.com\/es\/producto\/vitamina-c\/\">Leer m\u00e1s<\/a><\/p>","protected":false},"featured_media":11159,"template":"","meta":[],"product_cat":[91],"product_tag":[],"class_list":{"0":"post-11157","1":"product","2":"type-product","3":"status-publish","4":"has-post-thumbnail","6":"product_cat-medical","8":"first","9":"instock","10":"taxable","11":"shipping-taxable","12":"purchasable","13":"product-type-simple"},"aioseo_notices":[],"_links":{"self":[{"href":"https:\/\/redcrosspharmaceutical.com\/es\/wp-json\/wp\/v2\/product\/11157","targetHints":{"allow":["GET"]}}],"collection":[{"href":"https:\/\/redcrosspharmaceutical.com\/es\/wp-json\/wp\/v2\/product"}],"about":[{"href":"https:\/\/redcrosspharmaceutical.com\/es\/wp-json\/wp\/v2\/types\/product"}],"wp:featuredmedia":[{"embeddable":true,"href":"https:\/\/redcrosspharmaceutical.com\/es\/wp-json\/wp\/v2\/media\/11159"}],"wp:attachment":[{"href":"https:\/\/redcrosspharmaceutical.com\/es\/wp-json\/wp\/v2\/media?parent=11157"}],"wp:term":[{"taxonomy":"product_cat","embeddable":true,"href":"https:\/\/redcrosspharmaceutical.com\/es\/wp-json\/wp\/v2\/product_cat?post=11157"},{"taxonomy":"product_tag","embeddable":true,"href":"https:\/\/redcrosspharmaceutical.com\/es\/wp-json\/wp\/v2\/product_tag?post=11157"}],"curies":[{"name":"wp","href":"https:\/\/api.w.org\/{rel}","templated":true}]}}