{"id":11151,"date":"2024-10-10T19:30:47","date_gmt":"2024-10-10T19:30:47","guid":{"rendered":"https:\/\/redcrosspharmaceutical.com\/?post_type=product&#038;p=11151"},"modified":"2024-10-10T19:34:20","modified_gmt":"2024-10-10T19:34:20","slug":"zyrtec","status":"publish","type":"product","link":"https:\/\/redcrosspharmaceutical.com\/es\/producto\/zyrtec\/","title":{"rendered":"Zyrtec"},"content":{"rendered":"<p><strong><span style=\"color: #000000;\"><span style=\"font-family: Arial, serif;\">Zyrtec 24HR Alergia Alivio Tabletas, 10mg Cetirizina HCl, 60 Recuento<\/span><\/span><\/strong><\/p>\n<p><span style=\"font-family: Arial, serif;\">60.00 Ct, 0.05 lbs. Art\u00edculo # 443197<\/span><\/p>\n<p><span style=\"font-family: Arial, serif;\"><span style=\"color: #000000;\"><strong>Zyrtec Alergia Alivio Medicina Tabletas<\/strong> alivie los peores s\u00edntomas de las alergias de interior y exterior. Con 10 miligramos de clorhidrato de cetirizina por comprimido, este medicamento antial\u00e9rgico de prescripci\u00f3n m\u00e9dica proporciona 24 horas de alivio de los s\u00edntomas comunes de la fiebre del heno y otras alergias de las v\u00edas respiratorias superiores, incluyendo secreci\u00f3n nasal, estornudos, picor y lagrimeo de ojos y picor de nariz o garganta. <\/span><\/span><\/p>\n<p><span style=\"font-family: Arial, serif;\"><span style=\"color: #000000;\">De la marca #1 recomendada por los alerg\u00f3logos entre los antihistam\u00ednicos orales de venta libre, estos comprimidos antial\u00e9rgicos para todo el d\u00eda tratan eficazmente las alergias de interior causadas por el polvo, el moho y la caspa de las mascotas, as\u00ed como las alergias estacionales de exterior causadas por el polen de los \u00e1rboles, las malas hierbas y las gram\u00edneas. Este medicamento antial\u00e9rgico de 24 horas empieza a actuar a partir de la hora 1 y act\u00faa el doble cuando se vuelve a tomar al d\u00eda siguiente. Es apto para mayores de 6 a\u00f1os.<\/span><\/span><\/p>\n<ul>\n<li><span style=\"font-family: Arial, serif;\"><span style=\"color: #000000;\">Apto para HSA\/FSA<\/span><\/span><\/li>\n<li><span style=\"font-family: Arial, serif;\"><span style=\"color: #000000;\">Potente alivio de los peores s\u00edntomas de la alergia<\/span><\/span><\/li>\n<li><span style=\"font-family: Arial, serif;\"><span style=\"color: #000000;\">Las pastillas para la alergia empiezan a actuar a partir de la primera hora y lo hacen el doble al d\u00eda siguiente.<\/span><\/span><\/li>\n<li><span style=\"font-family: Arial, serif;\"><span style=\"color: #000000;\">Este potente comprimido antihistam\u00ednico contiene 10 mg de clorhidrato de cetirizina para aliviar la alergia<\/span><\/span><\/li>\n<li><span style=\"font-family: Arial, serif;\"><span style=\"color: #000000;\">Medicamento antial\u00e9rgico de venta con receta para tratar el goteo nasal, los estornudos y el picor de ojos, nariz y garganta.<\/span><\/span><\/li>\n<li><span style=\"font-family: Arial, serif;\"><span style=\"color: #000000;\">Consiga un alivio eficaz de la alergia con la marca #1 recomendada por los alerg\u00f3logos entre los antihistam\u00ednicos orales de venta libre.<\/span><\/span><\/li>\n<li><span style=\"font-family: Arial, serif;\"><span style=\"color: #000000;\">El medicamento antial\u00e9rgico proporciona un potente alivio para ayudar a tratar las alergias tanto de interior como de exterior<\/span><\/span><\/li>\n<li><span style=\"font-family: Arial, serif;\"><span style=\"color: #000000;\">Estos comprimidos ayudan a tratar las alergias causadas por el polvo, el moho, la caspa de las mascotas, el polen de los \u00e1rboles, las malas hierbas y las gram\u00edneas<\/span><\/span><\/li>\n<li><span style=\"font-family: Arial, serif;\"><span style=\"color: #000000;\">Adecuado para mayores de 6 a\u00f1os, este medicamento antial\u00e9rgico alivia la alergia durante 24 horas.<\/span><\/span><\/li>\n<\/ul>\n<p><span style=\"color: #000000;\"><span style=\"font-family: Arial, serif;\"><span style=\"font-size: large;\"><b>Especificaciones<\/b><\/span><\/span><\/span><\/p>\n<table width=\"1225\" cellspacing=\"0\" cellpadding=\"0\">\n<tbody>\n<tr>\n<td width=\"244\"><span style=\"font-family: __CVSHealthSans_Fallback_91f953, serif;\"><span style=\"font-size: large;\"><span style=\"color: #000000;\">Preocupaci\u00f3n<\/span><\/span><\/span><\/td>\n<td width=\"979\"><span style=\"font-family: __CVSHealthSans_Fallback_91f953, serif;\"><span style=\"font-size: large;\"><span style=\"color: #000000;\">Alergias<\/span><\/span><\/span><\/td>\n<\/tr>\n<tr>\n<td width=\"244\"><span style=\"font-family: __CVSHealthSans_Fallback_91f953, serif;\"><span style=\"font-size: large;\"><span style=\"color: #000000;\">Formulario<\/span><\/span><\/span><\/td>\n<td width=\"979\"><span style=\"font-family: __CVSHealthSans_Fallback_91f953, serif;\"><span style=\"font-size: large;\"><span style=\"color: #000000;\">Comprimidos, c\u00e1psulas y pastillas<\/span><\/span><\/span><\/td>\n<\/tr>\n<tr>\n<td width=\"244\"><span style=\"font-family: __CVSHealthSans_Fallback_91f953, serif;\"><span style=\"font-size: large;\"><span style=\"color: #000000;\">Ingrediente clave<\/span><\/span><\/span><\/td>\n<td width=\"979\"><span style=\"font-family: __CVSHealthSans_Fallback_91f953, serif;\"><span style=\"font-size: large;\"><span style=\"color: #000000;\">Cetirizina<\/span><\/span><\/span><\/td>\n<\/tr>\n<tr>\n<td width=\"244\"><span style=\"font-family: __CVSHealthSans_Fallback_91f953, serif;\"><span style=\"font-size: large;\"><span style=\"color: #000000;\">Tipo de producto<\/span><\/span><\/span><\/td>\n<td width=\"979\"><span style=\"font-family: __CVSHealthSans_Fallback_91f953, serif;\"><span style=\"font-size: large;\"><span style=\"color: #000000;\">Tratamientos antial\u00e9rgicos<\/span><\/span><\/span><\/td>\n<\/tr>\n<tr>\n<td width=\"244\"><span style=\"font-family: __CVSHealthSans_Fallback_91f953, serif;\"><span style=\"font-size: large;\"><span style=\"color: #000000;\">Cantidad<\/span><\/span><\/span><\/td>\n<td width=\"979\"><span style=\"font-family: __CVSHealthSans_Fallback_91f953, serif;\"><span style=\"font-size: large;\"><span style=\"color: #000000;\">1-60 ct<\/span><\/span><\/span><\/td>\n<\/tr>\n<tr>\n<td width=\"244\"><span style=\"font-family: __CVSHealthSans_Fallback_91f953, serif;\"><span style=\"font-size: large;\"><span style=\"color: #000000;\">S\u00edntoma<\/span><\/span><\/span><\/td>\n<td width=\"979\"><span style=\"font-family: __CVSHealthSans_Fallback_91f953, serif;\"><span style=\"font-size: large;\"><span style=\"color: #000000;\">Picor de ojos<\/span><\/span><\/span><\/td>\n<\/tr>\n<\/tbody>\n<\/table>\n<p><span style=\"font-family: Arial, serif; color: #000000;\"><span style=\"font-size: large;\"><b>Advertencias:<\/b><\/span><\/span><\/p>\n<p><span style=\"font-family: Arial, serif;\"><span style=\"color: #000000;\">No lo utilice si ha tenido alguna vez una reacci\u00f3n al\u00e9rgica a este producto o a cualquiera de sus ingredientes o a un antihistam\u00ednico que contenga hidroxizina. Consulte a un m\u00e9dico antes de utilizarlo si padece alguna enfermedad hep\u00e1tica o renal. Su m\u00e9dico debe determinar si necesita una dosis diferente. Consulte a su m\u00e9dico o farmac\u00e9utico si est\u00e1 tomando tranquilizantes o sedantes.&amp; nbsp; Interrumpa su uso y consulte a un m\u00e9dico si se produce una reacci\u00f3n al\u00e9rgica a este producto. Busque ayuda m\u00e9dica de inmediato. Mantener fuera del alcance de los ni\u00f1os. En caso de sobredosis, acuda al m\u00e9dico <\/span><\/span><\/p>\n<p><span style=\"font-family: Arial, serif;\"><span style=\"color: #000000;\">Al utilizar este producto<\/span><\/span><\/p>\n<ul>\n<li><span style=\"font-family: Arial, serif;\"><span style=\"color: #000000;\">Puede producirse somnolencia<\/span><\/span><\/li>\n<li><span style=\"font-family: Arial, serif;\"><span style=\"color: #000000;\">Evitar las bebidas alcoh\u00f3licas<\/span><\/span><\/li>\n<li><span style=\"font-family: Arial, serif;\"><span style=\"color: #000000;\">El alcohol, los sedantes y los tranquilizantes pueden aumentar la somnolencia<\/span><\/span><\/li>\n<li><span style=\"font-family: Arial, serif;\"><span style=\"color: #000000;\">Tenga cuidado al conducir un veh\u00edculo de motor o manejar maquinaria<\/span><\/span><\/li>\n<li><span style=\"font-family: Arial, serif;\"><span style=\"color: #000000;\">En caso de embarazo o lactancia:<\/span><\/span><\/li>\n<li><span style=\"font-family: Arial, serif;\"><span style=\"color: #000000;\">En caso de lactancia: no recomendado<\/span><\/span><\/li>\n<li><span style=\"font-family: Arial, serif;\"><span style=\"color: #000000;\">Si est\u00e1 embarazada: consulte a un profesional sanitario antes de utilizarlo.<\/span><\/span><\/li>\n<\/ul>","protected":false},"excerpt":{"rendered":"<p>Zyrtec 24HR Allergy Relief Tablets, 10mg Cetirizine HCl, 60 Count 60.00 Ct, 0.05 lbs. Art\u00edculo # 443197 Zyrtec Allergy Relief Medicine Tablets aliviar sus peores s\u00edntomas de alergia en interiores y exteriores. Con 10 miligramos de clorhidrato de cetirizina por comprimido, este medicamento ... <a href=\"https:\/\/redcrosspharmaceutical.com\/es\/producto\/zyrtec\/\">Leer m\u00e1s<\/a><\/p>","protected":false},"featured_media":11156,"template":"","meta":[],"product_cat":[91],"product_tag":[],"class_list":{"0":"post-11151","1":"product","2":"type-product","3":"status-publish","4":"has-post-thumbnail","6":"product_cat-medical","8":"first","9":"instock","10":"taxable","11":"shipping-taxable","12":"purchasable","13":"product-type-simple"},"aioseo_notices":[],"_links":{"self":[{"href":"https:\/\/redcrosspharmaceutical.com\/es\/wp-json\/wp\/v2\/product\/11151","targetHints":{"allow":["GET"]}}],"collection":[{"href":"https:\/\/redcrosspharmaceutical.com\/es\/wp-json\/wp\/v2\/product"}],"about":[{"href":"https:\/\/redcrosspharmaceutical.com\/es\/wp-json\/wp\/v2\/types\/product"}],"wp:featuredmedia":[{"embeddable":true,"href":"https:\/\/redcrosspharmaceutical.com\/es\/wp-json\/wp\/v2\/media\/11156"}],"wp:attachment":[{"href":"https:\/\/redcrosspharmaceutical.com\/es\/wp-json\/wp\/v2\/media?parent=11151"}],"wp:term":[{"taxonomy":"product_cat","embeddable":true,"href":"https:\/\/redcrosspharmaceutical.com\/es\/wp-json\/wp\/v2\/product_cat?post=11151"},{"taxonomy":"product_tag","embeddable":true,"href":"https:\/\/redcrosspharmaceutical.com\/es\/wp-json\/wp\/v2\/product_tag?post=11151"}],"curies":[{"name":"wp","href":"https:\/\/api.w.org\/{rel}","templated":true}]}}