{"id":11148,"date":"2024-10-10T19:20:14","date_gmt":"2024-10-10T19:20:14","guid":{"rendered":"https:\/\/redcrosspharmaceutical.com\/?post_type=product&#038;p=11148"},"modified":"2024-10-10T19:29:23","modified_gmt":"2024-10-10T19:29:23","slug":"centrum","status":"publish","type":"product","link":"https:\/\/redcrosspharmaceutical.com\/es\/producto\/centrum\/","title":{"rendered":"Centro"},"content":{"rendered":"<p><span style=\"color: #46474a;\"><span style=\"font-family: Arial, serif;\"><span style=\"font-size: large;\"><b>Suplemento vitam\u00ednico e inmunitario para adultos<\/b><\/span><\/span><\/span><\/p>\n<p><span style=\"color: #46474a;\"><span style=\"font-family: Arial, serif;\"><strong>Centrum Multivitaminas para Adultos<\/strong> es un suplemento multivitam\u00ednico\/multimineral completo formulado para adultos. Este multivitam\u00ednico diario para adultos contiene 23 micronutrientes, entre ellos <strong>Vitamina D3<\/strong>.<\/span><\/span><\/p>\n<p><span style=\"color: #46474a;\"><span style=\"font-family: Arial, serif;\"> Estas vitaminas para adultos tambi\u00e9n contienen <strong>Vitaminas B<\/strong> y hierro para ayudar a mantener los niveles diarios de energ\u00eda y contribuir al metabolismo de los macronutrientes, y antioxidantes <strong>Vitaminas C y E<\/strong>y zinc para el sistema inmunitario (1). <\/span><\/span><\/p>\n<p><span style=\"color: #46474a;\"><span style=\"font-family: Arial, serif;\">Las multivitaminas Centrum para adultos contienen el 100% o m\u00e1s del valor diario de hierro, <strong>Vitamina D3<\/strong> y <strong>Vitamina B12<\/strong>. Estas multivitaminas para adultos tambi\u00e9n son <strong>Sin OMG<\/strong> (2) y vitaminas sin gluten para satisfacer diversas necesidades diet\u00e9ticas. <\/span><\/span><\/p>\n<p><span style=\"color: #46474a;\"><span style=\"font-family: Arial, serif;\">Estos comprimidos vitam\u00ednicos presentan un recubrimiento suave que facilita su ingesti\u00f3n. Con 200 comprimidos multivitam\u00ednicos por frasco, es f\u00e1cil mantener la salud general tomando una de estas vitaminas para hombres y mujeres a diario con la comida (1).<\/span><\/span><\/p>\n<p><span style=\"color: #46474a;\"><span style=\"font-family: Arial, serif;\">Ayude a mantener el bienestar de todo el cuerpo (1) con las multivitaminas Centrum, la marca #1 recomendada por m\u00e9dicos y farmac\u00e9uticos.<\/span><\/span><\/p>\n<p><span style=\"color: #46474a;\"><span style=\"font-family: Arial, serif;\">(1) Estas afirmaciones no han sido evaluadas por la Food and Drug Administration. Este producto no est\u00e1 destinado a diagnosticar, tratar, curar o prevenir ninguna enfermedad. <\/span><\/span><\/p>\n<p><span style=\"color: #46474a;\"><span style=\"font-family: Arial, serif;\">(2) Non-GMO s\u00f3lo se aplica a los comprimidos Centrum y Centrum Silver; m\u00e1s informaci\u00f3n en el sitio web oficial de Centrum.<\/span><\/span><\/p>\n<ul>\n<li><span style=\"color: #46474a;\"><span style=\"font-family: Arial, serif;\">Frasco de 200 unidades de <strong>Centrum Suplemento Multivitam\u00ednico\/Multimineral para Adultos<\/strong> con <strong>Antioxidantes<\/strong> como <strong>Vitaminas C y E<\/strong>y <strong>Zinc<\/strong>, <strong>Vitamina D3<\/strong> y <strong>Vitaminas B<\/strong><\/span><\/span><\/li>\n<li><span style=\"color: #46474a;\"><span style=\"font-family: Arial, serif;\"><strong>Vitaminas<\/strong> para mujeres y hombres con hierro, antioxidantes y <strong>Vitaminas B<\/strong> para apoyar la energ\u00eda, el metabolismo y la inmunidad (1)<\/span><\/span><\/li>\n<li><span style=\"color: #46474a;\"><span style=\"font-family: Arial, serif;\">23 micronutrientes, entre ellos <strong>Vitamina D3<\/strong> para favorecer la salud \u00f3sea, <strong>Vitaminas B<\/strong> para el metabolismo y antioxidantes para el sistema inmunitario (1)<\/span><\/span><\/li>\n<li><span style=\"color: #46474a;\"><span style=\"font-family: Arial, serif;\">Vitaminas completas con el 100% o m\u00e1s del valor diario de hierro, <strong>Vitamina D3<\/strong> y <strong>Vitamina B12<\/strong><\/span><\/span><\/li>\n<li><span style=\"color: #46474a;\"><span style=\"font-family: Arial, serif;\">Cada frasco de este suplemento vitam\u00ednico y mineral contiene 200 comprimidos f\u00e1ciles de tomar con zinc para ayudarle a mantener su salud general (1)<\/span><\/span><\/li>\n<li><span style=\"color: #46474a;\"><span style=\"font-family: Arial, serif;\">Estas multivitaminas para adultos son un <strong>Sin OMG<\/strong> multivitaminas elaboradas con ingredientes sin gluten (2)<\/span><\/span><\/li>\n<li><span style=\"color: #46474a;\"><span style=\"font-family: Arial, serif;\">Tome una de estas vitaminas con hierro cada d\u00eda con la comida<\/span><\/span><\/li>\n<\/ul>\n<p><strong><span style=\"font-family: Arial, serif;\"><span style=\"color: #2e2f32;\">Info:<\/span><\/span><\/strong><\/p>\n<p><span style=\"color: #2e2f32;\"><span style=\"font-family: Arial, serif;\">Nuestro objetivo es mostrarle informaci\u00f3n precisa sobre los productos. Los fabricantes, proveedores y otros proveedores proporcionan lo que usted ve aqu\u00ed, y nosotros no lo hemos verificado.\u00a0<\/span><\/span><\/p>\n<h3 class=\"western\"><span style=\"color: #2e2f32;\">\u00a0<\/span><\/h3>\n<h3 class=\"western\"><span style=\"color: #2e2f32;\"><span style=\"font-family: Arial, serif;\"><b>Instrucciones<\/b><\/span><\/span><\/h3>\n<p class=\"western\"><strong>Adultos:<\/strong> Tomar un (1) comprimido al d\u00eda con la comida. No formulado para uso en ni\u00f1os. No exceda el uso sugerido. Como con cualquier suplemento, si usted est\u00e1 embarazada, amamantando o tomando medicamentos, consulte a su m\u00e9dico antes de usar.<\/p>\n<h3 class=\"western\"><span style=\"color: #2e2f32;\"> <span style=\"font-family: Helvetica, serif;\"><span style=\"font-size: large;\"><b>Ingredientes<\/b><\/span><\/span><\/span><\/h3>\n<p><span style=\"color: #46474a;\"><span style=\"font-family: Arial, serif;\"><strong>Otros ingredientes:<\/strong> Az\u00facar, jarabe de glucosa, agua. Contiene &lt;2% de: \u00c1cido c\u00edtrico, Az\u00facar invertido, Aromas naturales, Pectina, Zumo concentrado de zanahoria morada (color), Citrato s\u00f3dico, Extracto de espirulina (color).<\/span><\/span><\/p>","protected":false},"excerpt":{"rendered":"<p>Suplemento vitam\u00ednico y de apoyo inmunitario para adultos Centrum Adult Multivitamin es un suplemento multivitam\u00ednico\/multimineral completo formulado para adultos. Este multivitam\u00ednico diario para adultos contiene 23 micronutrientes, incluida la vitamina D3. Estas vitaminas para adultos tambi\u00e9n contienen Vitaminas B y hierro para ayudar ... <a href=\"https:\/\/redcrosspharmaceutical.com\/es\/producto\/centrum\/\">Leer m\u00e1s<\/a><\/p>","protected":false},"featured_media":11150,"template":"","meta":[],"product_cat":[91],"product_tag":[],"class_list":{"0":"post-11148","1":"product","2":"type-product","3":"status-publish","4":"has-post-thumbnail","6":"product_cat-medical","8":"first","9":"instock","10":"taxable","11":"shipping-taxable","12":"purchasable","13":"product-type-simple"},"aioseo_notices":[],"_links":{"self":[{"href":"https:\/\/redcrosspharmaceutical.com\/es\/wp-json\/wp\/v2\/product\/11148","targetHints":{"allow":["GET"]}}],"collection":[{"href":"https:\/\/redcrosspharmaceutical.com\/es\/wp-json\/wp\/v2\/product"}],"about":[{"href":"https:\/\/redcrosspharmaceutical.com\/es\/wp-json\/wp\/v2\/types\/product"}],"wp:featuredmedia":[{"embeddable":true,"href":"https:\/\/redcrosspharmaceutical.com\/es\/wp-json\/wp\/v2\/media\/11150"}],"wp:attachment":[{"href":"https:\/\/redcrosspharmaceutical.com\/es\/wp-json\/wp\/v2\/media?parent=11148"}],"wp:term":[{"taxonomy":"product_cat","embeddable":true,"href":"https:\/\/redcrosspharmaceutical.com\/es\/wp-json\/wp\/v2\/product_cat?post=11148"},{"taxonomy":"product_tag","embeddable":true,"href":"https:\/\/redcrosspharmaceutical.com\/es\/wp-json\/wp\/v2\/product_tag?post=11148"}],"curies":[{"name":"wp","href":"https:\/\/api.w.org\/{rel}","templated":true}]}}