{"id":11144,"date":"2024-10-10T19:11:34","date_gmt":"2024-10-10T19:11:34","guid":{"rendered":"https:\/\/redcrosspharmaceutical.com\/?post_type=product&#038;p=11144"},"modified":"2024-10-10T19:18:38","modified_gmt":"2024-10-10T19:18:38","slug":"acetaminophen-500-mg","status":"publish","type":"product","link":"https:\/\/redcrosspharmaceutical.com\/es\/producto\/acetaminophen-500-mg\/","title":{"rendered":"Paracetamol 500 mg"},"content":{"rendered":"<p><span style=\"color: #46474a;\"><span style=\"font-family: Arial, serif;\">Comp\u00e1rese con el ingrediente activo de <strong>Tylenol Extra Fuerte C\u00e1psulas<\/strong>. No dejes que tu d\u00eda se descarrile por dolores, molestias o fiebre. Encuentre un alivio fuerte y r\u00e1pido para el dolor de cabeza y la fiebre con <strong>Equate Extra Strength Acetaminofeno C\u00e1psulas<\/strong>, <strong>500 mg<\/strong>. <\/span><\/span><\/p>\n<p><span style=\"color: #46474a;\"><span style=\"font-family: Arial, serif;\">Este analg\u00e9sico y antifebril ayuda a aliviar temporalmente los dolores leves debidos al resfriado com\u00fan, dolor de cabeza, dolor de espalda, dolores leves de artritis, dolor de muelas, dolores musculares, dolores premenstruales y menstruales. Tambi\u00e9n ayuda a reducir temporalmente la fiebre. Estas c\u00e1psulas f\u00e1ciles de tragar son una opci\u00f3n sin aspirina ni cafe\u00edna para ayudarle a dejar atr\u00e1s los s\u00edntomas. <\/span><\/span><\/p>\n<p><span style=\"color: #46474a;\"><span style=\"font-family: Arial, serif;\">Para adultos y ni\u00f1os mayores de 12 a\u00f1os.<\/span><\/span><\/p>\n<p><span style=\"color: #46474a;\"><span style=\"font-family: Arial, serif;\"><strong>PRINCIPIO ACTIVO:<\/strong> El principio activo de Equate Extra Strength Acetaminophen es 500 mg de paracetamol, analg\u00e9sico y antifebril. Comparar con el ingrediente activo de Tylenol Extra Strength.<\/span><\/span><\/p>\n<p><span style=\"color: #46474a;\"><span style=\"font-family: Arial, serif;\"><strong>Alivio del dolor:<\/strong> Alivia temporalmente los dolores leves debidos al resfriado com\u00fan, el dolor de cabeza, el dolor de espalda, los dolores leves de artritis, el dolor de muelas, los dolores musculares y los dolores premenstruales y menstruales.<\/span><\/span><\/p>\n<p><span style=\"color: #46474a;\"><span style=\"font-family: Arial, serif;\"><strong>Reductor de la fiebre:<\/strong> Equate Extra Strength Acetaminophen Caplets, 500 mg es un antipir\u00e9tico de acci\u00f3n r\u00e1pida.<\/span><\/span><\/p>\n<p><span style=\"color: #46474a;\"><span style=\"font-family: Arial, serif;\"><strong>Extra Fuerte:<\/strong> Equate Extra Strength Acetaminophen Caplets, 500 mg proporciona un alivio fuerte y de acci\u00f3n r\u00e1pida para dolores leves y fiebre.<\/span><\/span><\/p>\n<p><span style=\"color: #46474a;\"><span style=\"font-family: Arial, serif;\">C\u00e1psulas f\u00e1ciles de tragar, sin aspirina, cafe\u00edna ni gluten. Para adultos y ni\u00f1os mayores de 12 a\u00f1os. <\/span><\/span><\/p>\n<p>&nbsp;<\/p>\n<p><strong><span style=\"color: #000000;\"><span style=\"font-family: Arial, serif;\"><span style=\"font-size: large;\">I<\/span><\/span><\/span><\/strong><span style=\"color: #000000;\"><span style=\"font-family: Arial, serif;\"><span style=\"font-size: large;\"><b>ndications<\/b><\/span><\/span><\/span><\/p>\n<p><strong><span style=\"color: #2e2f32;\"><span style=\"font-family: Arial, serif;\">Dejar de usar Indicaciones<\/span><\/span><\/strong><\/p>\n<p><span style=\"color: #46474a;\"><span style=\"font-family: Arial, serif;\"><strong>ADVERTENCIAS:<\/strong><\/span><\/span><\/p>\n<p><span style=\"color: #46474a;\"><span style=\"font-family: Arial, serif;\"><strong>Advertencia para el h\u00edgado:<\/strong> Este producto contiene paracetamol. <\/span><\/span><\/p>\n<p><span style=\"color: #46474a;\"><span style=\"font-family: Arial, serif;\"><strong>Pueden producirse da\u00f1os hep\u00e1ticos graves si toma:<\/strong> m\u00e1s de 4.000 mg de paracetamol en 24 horas; con otros medicamentos que contengan paracetamol; 3 o m\u00e1s bebidas alcoh\u00f3licas al d\u00eda mientras utilice este producto. <\/span><\/span><\/p>\n<p><span style=\"color: #46474a;\"><span style=\"font-family: Arial, serif;\"><strong>Alerta de alergia:<\/strong> El paracetamol puede causar reacciones cut\u00e1neas graves. Los s\u00edntomas pueden incluir: enrojecimiento de la piel; ampollas; erupci\u00f3n cut\u00e1nea. Si se produce una reacci\u00f3n cut\u00e1nea, interrumpa su uso y busque ayuda m\u00e9dica de inmediato. <\/span><\/span><\/p>\n<p><span style=\"color: #46474a;\"><span style=\"font-family: Arial, serif;\"><strong>No utilizar:<\/strong> con cualquier otro medicamento que contenga paracetamol (con o sin receta). Si no est\u00e1 seguro de si un medicamento contiene paracetamol, pregunte a un m\u00e9dico o farmac\u00e9utico; si alguna vez ha tenido una reacci\u00f3n al\u00e9rgica a este producto o a cualquiera de sus ingredientes. Si padece una enfermedad hep\u00e1tica, consulte a su m\u00e9dico antes de utilizarlo. Consulte a su m\u00e9dico o farmac\u00e9utico si est\u00e1 tomando warfarina, un anticoagulante. <\/span><\/span><\/p>\n<p><span style=\"color: #46474a;\"><span style=\"font-family: Arial, serif;\"><strong>Suspenda su uso y consulte a un m\u00e9dico si:<\/strong> el dolor empeora o dura m\u00e1s de 10 d\u00edas; la fiebre empeora o dura m\u00e1s de 3 d\u00edas; aparecen nuevos s\u00edntomas; hay enrojecimiento o hinchaz\u00f3n. Estos podr\u00edan ser signos de una enfermedad grave. Si est\u00e1 embarazada o en per\u00edodo de lactancia, consulte a un profesional sanitario antes de utilizarlo. Mant\u00e9ngase fuera del alcance de los ni\u00f1os. <\/span><\/span><\/p>\n<p><span style=\"color: #46474a;\"><span style=\"font-family: Arial, serif;\"><strong>Advertencia de sobredosis:<\/strong> En caso de sobredosis, busque ayuda m\u00e9dica<\/span><\/span><\/p>\n<p><strong><span style=\"color: #000000;\"><span style=\"font-family: Arial, serif;\"><span style=\"font-size: large;\">C\u00f3mo llegar<\/span><\/span><\/span><\/strong><\/p>\n<p><strong><span style=\"color: #2e2f32;\"><span style=\"font-family: Arial, serif;\">Instrucciones<\/span><\/span><\/strong><\/p>\n<p><span style=\"color: #46474a;\"><span style=\"font-family: Arial, serif;\"><strong>C\u00f3mo llegar:<\/strong> No tome m\u00e1s de lo indicado (ver advertencia sobre sobredosis). <\/span><\/span><\/p>\n<p><span style=\"color: #46474a;\"><span style=\"font-family: Arial, serif;\"><strong>Adultos y ni\u00f1os mayores de 12 a\u00f1os:<\/strong> tomar 2 c\u00e1psulas cada 6 horas mientras duren los s\u00edntomas; no tomar m\u00e1s de 6 c\u00e1psulas en 24 horas, a menos que lo indique un m\u00e9dico; no utilizar durante m\u00e1s de 10 d\u00edas a menos que lo indique un m\u00e9dico; <\/span><\/span><\/p>\n<p><span style=\"color: #46474a;\"><span style=\"font-family: Arial, serif;\"><strong>Ni\u00f1os menores de 12 a\u00f1os:<\/strong> pregunta a un m\u00e9dico.<\/span><\/span><\/p>","protected":false},"excerpt":{"rendered":"<p>Comp\u00e1relo con el ingrediente activo de Tylenol Extra Strength Caplets. No dejes que tu d\u00eda se descarrile por dolores, molestias o fiebre. Encuentra un alivio fuerte y r\u00e1pido para el dolor de cabeza y la fiebre con Equate Extra Strength Acetaminophen Caplets, 500 mg. Este analg\u00e9sico y ... <a href=\"https:\/\/redcrosspharmaceutical.com\/es\/producto\/acetaminophen-500-mg\/\">Leer m\u00e1s<\/a><\/p>","protected":false},"featured_media":11147,"template":"","meta":[],"product_cat":[91],"product_tag":[],"class_list":{"0":"post-11144","1":"product","2":"type-product","3":"status-publish","4":"has-post-thumbnail","6":"product_cat-medical","8":"first","9":"instock","10":"taxable","11":"shipping-taxable","12":"purchasable","13":"product-type-simple"},"aioseo_notices":[],"_links":{"self":[{"href":"https:\/\/redcrosspharmaceutical.com\/es\/wp-json\/wp\/v2\/product\/11144","targetHints":{"allow":["GET"]}}],"collection":[{"href":"https:\/\/redcrosspharmaceutical.com\/es\/wp-json\/wp\/v2\/product"}],"about":[{"href":"https:\/\/redcrosspharmaceutical.com\/es\/wp-json\/wp\/v2\/types\/product"}],"wp:featuredmedia":[{"embeddable":true,"href":"https:\/\/redcrosspharmaceutical.com\/es\/wp-json\/wp\/v2\/media\/11147"}],"wp:attachment":[{"href":"https:\/\/redcrosspharmaceutical.com\/es\/wp-json\/wp\/v2\/media?parent=11144"}],"wp:term":[{"taxonomy":"product_cat","embeddable":true,"href":"https:\/\/redcrosspharmaceutical.com\/es\/wp-json\/wp\/v2\/product_cat?post=11144"},{"taxonomy":"product_tag","embeddable":true,"href":"https:\/\/redcrosspharmaceutical.com\/es\/wp-json\/wp\/v2\/product_tag?post=11144"}],"curies":[{"name":"wp","href":"https:\/\/api.w.org\/{rel}","templated":true}]}}