{"id":11086,"date":"2024-08-28T22:19:14","date_gmt":"2024-08-28T22:19:14","guid":{"rendered":"https:\/\/redcrosspharmaceutical.com\/?post_type=product&#038;p=11086"},"modified":"2024-08-28T22:19:14","modified_gmt":"2024-08-28T22:19:14","slug":"sphygmomanometer-pr-lcd-screen-portable","status":"publish","type":"product","link":"https:\/\/redcrosspharmaceutical.com\/es\/producto\/sphygmomanometer-pr-lcd-screen-portable\/","title":{"rendered":"Esfigmoman\u00f3metro PR Pantalla LCD Port\u00e1til"},"content":{"rendered":"<p><span style=\"color: #000000;\">Esfigmoman\u00f3metro PR Pantalla LCD Port\u00e1til Cuidado de la Salud M\u00e9dico Digital de la mu\u00f1eca Monitor de Presi\u00f3n Arterial Frecuencia Card\u00edaca Medidor de Pulso Medir<\/span><\/p>","protected":false},"excerpt":{"rendered":"<p>Esfigmoman\u00f3metro PR Pantalla LCD Port\u00e1til Cuidado de la Salud M\u00e9dico Digital de la mu\u00f1eca Monitor de Presi\u00f3n Arterial Frecuencia Card\u00edaca Medidor de Pulso Medir<\/p>","protected":false},"featured_media":11087,"template":"","meta":[],"product_cat":[91],"product_tag":[],"class_list":{"0":"post-11086","1":"product","2":"type-product","3":"status-publish","4":"has-post-thumbnail","6":"product_cat-medical","8":"first","9":"instock","10":"taxable","11":"shipping-taxable","12":"purchasable","13":"product-type-simple"},"aioseo_notices":[],"_links":{"self":[{"href":"https:\/\/redcrosspharmaceutical.com\/es\/wp-json\/wp\/v2\/product\/11086","targetHints":{"allow":["GET"]}}],"collection":[{"href":"https:\/\/redcrosspharmaceutical.com\/es\/wp-json\/wp\/v2\/product"}],"about":[{"href":"https:\/\/redcrosspharmaceutical.com\/es\/wp-json\/wp\/v2\/types\/product"}],"wp:featuredmedia":[{"embeddable":true,"href":"https:\/\/redcrosspharmaceutical.com\/es\/wp-json\/wp\/v2\/media\/11087"}],"wp:attachment":[{"href":"https:\/\/redcrosspharmaceutical.com\/es\/wp-json\/wp\/v2\/media?parent=11086"}],"wp:term":[{"taxonomy":"product_cat","embeddable":true,"href":"https:\/\/redcrosspharmaceutical.com\/es\/wp-json\/wp\/v2\/product_cat?post=11086"},{"taxonomy":"product_tag","embeddable":true,"href":"https:\/\/redcrosspharmaceutical.com\/es\/wp-json\/wp\/v2\/product_tag?post=11086"}],"curies":[{"name":"wp","href":"https:\/\/api.w.org\/{rel}","templated":true}]}}