{"id":11082,"date":"2024-08-28T22:15:42","date_gmt":"2024-08-28T22:15:42","guid":{"rendered":"https:\/\/redcrosspharmaceutical.com\/?post_type=product&#038;p=11082"},"modified":"2024-08-28T22:15:42","modified_gmt":"2024-08-28T22:15:42","slug":"timely-allergy-relief-diphenhydramine-hcl-25-mg-650-caplets","status":"publish","type":"product","link":"https:\/\/redcrosspharmaceutical.com\/es\/producto\/timely-allergy-relief-diphenhydramine-hcl-25-mg-650-caplets\/","title":{"rendered":"Alivio Oportuno de la Alergia Difenhidramina HCl 25 mg - 650 C\u00e1psulas"},"content":{"rendered":"<p><span style=\"color: #000000;\"><strong><span style=\"font-family: Arial, sans-serif;\"><span style=\"font-size: small;\">Medicamentos para la alergia - Alivio de la secreci\u00f3n nasal para adultos - Tratamiento de los ojos llorosos<\/span><\/span><\/strong><\/span><\/p>\n<table width=\"362\" cellspacing=\"0\" cellpadding=\"3\">\n<tbody>\n<tr valign=\"top\">\n<td width=\"112\"><span style=\"font-family: Arial, sans-serif; color: #000000;\"><span style=\"font-size: small;\"><b>Marca<\/b><\/span><\/span><\/td>\n<td width=\"238\"><span style=\"font-family: Arial, sans-serif; color: #000000;\"><span style=\"font-size: small;\">TIME-CAP LABS, INC.<\/span><\/span><\/td>\n<\/tr>\n<tr valign=\"top\">\n<td width=\"112\"><span style=\"font-family: Arial, sans-serif; color: #000000;\"><span style=\"font-size: small;\"><b>Ventajas del producto<\/b><\/span><\/span><\/td>\n<td width=\"238\"><span style=\"font-family: Arial, sans-serif; color: #000000;\"><span style=\"font-size: small;\">Control de la alergia<\/span><\/span><\/td>\n<\/tr>\n<tr valign=\"top\">\n<td width=\"112\"><span style=\"font-family: Arial, sans-serif; color: #000000;\"><span style=\"font-size: small;\"><b>Usos espec\u00edficos del producto<\/b><\/span><\/span><\/td>\n<td width=\"238\"><span style=\"font-family: Arial, sans-serif; color: #000000;\"><span style=\"font-size: small;\">Alergia, resfriado, fiebre<\/span><\/span><\/td>\n<\/tr>\n<tr valign=\"top\">\n<td width=\"112\"><span style=\"font-family: Arial, sans-serif; color: #000000;\"><span style=\"font-size: small;\"><b>Ingredientes activos<\/b><\/span><\/span><\/td>\n<td width=\"238\"><span style=\"font-family: Arial, sans-serif; color: #000000;\"><span style=\"font-size: small;\">Difenhidramina HCl 25mg<\/span><\/span><\/td>\n<\/tr>\n<tr valign=\"top\">\n<td width=\"112\"><span style=\"font-family: Arial, sans-serif; color: #000000;\"><span style=\"font-size: small;\"><b>N\u00famero de art\u00edculos<\/b><\/span><\/span><\/td>\n<td width=\"238\"><span style=\"font-family: Arial, sans-serif; color: #000000;\"><span style=\"font-size: small;\">1<\/span><\/span><\/td>\n<\/tr>\n<\/tbody>\n<\/table>\n<p>&nbsp;<\/p>\n<p><span style=\"font-family: Arial, sans-serif; color: #000000;\"><span style=\"font-size: small;\"><b>Acerca de este art\u00edculo<\/b><\/span><\/span><\/p>\n<ul>\n<li><span style=\"font-family: Arial, sans-serif; color: #000000;\"><span style=\"font-size: small;\"><strong>Alivio de la alergia en el que puede confiar<\/strong> ... Alivia temporalmente los s\u00edntomas debidos a la fiebre del heno u otras alergias de las v\u00edas respiratorias altas, como la secreci\u00f3n nasal, el picor y lagrimeo de ojos, los estornudos, el picor de nariz o garganta; alivia temporalmente los s\u00edntomas del resfriado com\u00fan, como la secreci\u00f3n nasal y los estornudos.<\/span><\/span><\/li>\n<li><span style=\"font-family: Arial, sans-serif; color: #000000;\"><span style=\"font-size: small;\"><strong>Lucha contra el fr\u00edo<\/strong> ... Estas c\u00e1psulas antihistam\u00ednicas no s\u00f3lo son ideales para la temporada de alergias. Tambi\u00e9n ayudan a reducir los s\u00edntomas del resfriado com\u00fan para que puedas volver a hacer lo que te gusta m\u00e1s r\u00e1pido.<\/span><\/span><\/li>\n<li><span style=\"font-family: Arial, sans-serif; color: #000000;\"><span style=\"font-size: small;\"><strong>El mismo efecto, pero m\u00e1s amistoso<\/strong> ... Cualquier alivio de la alergia tiene que albergar equivalencia Marca Nacional para que pueda estar seguro de que est\u00e1 haciendo bien el trabajo. Este medicamento para la alergia hace, seguro, por menos.<\/span><\/span><\/li>\n<li><span style=\"font-family: Arial, sans-serif; color: #000000;\"><span style=\"font-size: small;\"><strong>El superh\u00e9roe de su botiqu\u00edn<\/strong> ... \u00bfSu botiqu\u00edn est\u00e1 repleto de medicamentos y tratamientos de venta libre? Abast\u00e9cete y no te quedes nunca sin este medicamento para la alergia, que soluciona mucho m\u00e1s que el goteo nasal.<\/span><\/span><\/li>\n<li><span style=\"font-family: Arial, sans-serif; color: #000000;\"><span style=\"font-size: small;\"><strong>C\u00f3modas c\u00e1psulas de 25 mg<\/strong> ... Estas c\u00e1psulas le ayudar\u00e1n a sentirse como siempre, sin molestias. \u00bfNo puede dejar de estornudar? Al\u00edvialo temporalmente con estas pastillas antihistam\u00ednicas.<\/span><\/span><\/li>\n<\/ul>","protected":false},"excerpt":{"rendered":"<p>Medicamento para la Alergia - Alivio de la Secreci\u00f3n Nasal para Adultos - Tratamiento de Ojos Acuosos Marca TIME-CAP LABS, INC. Beneficios del producto Control de la alergia Usos espec\u00edficos del producto Alergia, resfriado, fiebre Ingredientes activos Difenhidramina HCl 25mg N\u00famero de art\u00edculos 1 Acerca de este art\u00edculo ... <a href=\"https:\/\/redcrosspharmaceutical.com\/es\/producto\/timely-allergy-relief-diphenhydramine-hcl-25-mg-650-caplets\/\">Leer m\u00e1s<\/a><\/p>","protected":false},"featured_media":11083,"template":"","meta":[],"product_cat":[91],"product_tag":[],"class_list":{"0":"post-11082","1":"product","2":"type-product","3":"status-publish","4":"has-post-thumbnail","6":"product_cat-medical","8":"first","9":"instock","10":"taxable","11":"shipping-taxable","12":"purchasable","13":"product-type-simple"},"aioseo_notices":[],"_links":{"self":[{"href":"https:\/\/redcrosspharmaceutical.com\/es\/wp-json\/wp\/v2\/product\/11082","targetHints":{"allow":["GET"]}}],"collection":[{"href":"https:\/\/redcrosspharmaceutical.com\/es\/wp-json\/wp\/v2\/product"}],"about":[{"href":"https:\/\/redcrosspharmaceutical.com\/es\/wp-json\/wp\/v2\/types\/product"}],"wp:featuredmedia":[{"embeddable":true,"href":"https:\/\/redcrosspharmaceutical.com\/es\/wp-json\/wp\/v2\/media\/11083"}],"wp:attachment":[{"href":"https:\/\/redcrosspharmaceutical.com\/es\/wp-json\/wp\/v2\/media?parent=11082"}],"wp:term":[{"taxonomy":"product_cat","embeddable":true,"href":"https:\/\/redcrosspharmaceutical.com\/es\/wp-json\/wp\/v2\/product_cat?post=11082"},{"taxonomy":"product_tag","embeddable":true,"href":"https:\/\/redcrosspharmaceutical.com\/es\/wp-json\/wp\/v2\/product_tag?post=11082"}],"curies":[{"name":"wp","href":"https:\/\/api.w.org\/{rel}","templated":true}]}}