{"id":11074,"date":"2024-08-28T22:06:35","date_gmt":"2024-08-28T22:06:35","guid":{"rendered":"https:\/\/redcrosspharmaceutical.com\/?post_type=product&#038;p=11074"},"modified":"2024-08-28T22:06:36","modified_gmt":"2024-08-28T22:06:36","slug":"kingclinic-blood-pressure-machine","status":"publish","type":"product","link":"https:\/\/redcrosspharmaceutical.com\/es\/producto\/kingclinic-blood-pressure-machine\/","title":{"rendered":"Tensi\u00f3metro Kingclinic"},"content":{"rendered":"<p><span style=\"font-family: Arial, sans-serif;\"><span style=\"font-size: small;\"><span style=\"color: #000000;\">Tensi\u00f3metro Kingclinic, Tensi\u00f3metro digital autom\u00e1tico de brazo con manguito grande ajustable<\/span><\/span><\/span><\/p>","protected":false},"excerpt":{"rendered":"<p>Tensi\u00f3metro Kingclinic, Tensi\u00f3metro digital autom\u00e1tico de brazo con manguito grande ajustable<\/p>","protected":false},"featured_media":11075,"template":"","meta":[],"product_cat":[91],"product_tag":[],"class_list":{"0":"post-11074","1":"product","2":"type-product","3":"status-publish","4":"has-post-thumbnail","6":"product_cat-medical","8":"first","9":"instock","10":"taxable","11":"shipping-taxable","12":"purchasable","13":"product-type-simple"},"aioseo_notices":[],"_links":{"self":[{"href":"https:\/\/redcrosspharmaceutical.com\/es\/wp-json\/wp\/v2\/product\/11074","targetHints":{"allow":["GET"]}}],"collection":[{"href":"https:\/\/redcrosspharmaceutical.com\/es\/wp-json\/wp\/v2\/product"}],"about":[{"href":"https:\/\/redcrosspharmaceutical.com\/es\/wp-json\/wp\/v2\/types\/product"}],"wp:featuredmedia":[{"embeddable":true,"href":"https:\/\/redcrosspharmaceutical.com\/es\/wp-json\/wp\/v2\/media\/11075"}],"wp:attachment":[{"href":"https:\/\/redcrosspharmaceutical.com\/es\/wp-json\/wp\/v2\/media?parent=11074"}],"wp:term":[{"taxonomy":"product_cat","embeddable":true,"href":"https:\/\/redcrosspharmaceutical.com\/es\/wp-json\/wp\/v2\/product_cat?post=11074"},{"taxonomy":"product_tag","embeddable":true,"href":"https:\/\/redcrosspharmaceutical.com\/es\/wp-json\/wp\/v2\/product_tag?post=11074"}],"curies":[{"name":"wp","href":"https:\/\/api.w.org\/{rel}","templated":true}]}}