{"id":11067,"date":"2024-08-28T21:41:39","date_gmt":"2024-08-28T21:41:39","guid":{"rendered":"https:\/\/redcrosspharmaceutical.com\/?post_type=product&#038;p=11067"},"modified":"2024-08-28T21:41:39","modified_gmt":"2024-08-28T21:41:39","slug":"glucose-meter-exactive-eq","status":"publish","type":"product","link":"https:\/\/redcrosspharmaceutical.com\/es\/producto\/glucose-meter-exactive-eq\/","title":{"rendered":"Medidor de glucosa Exactive EQ"},"content":{"rendered":"<p><span style=\"font-family: Arial, sans-serif; color: #000000;\"><b>Especificaciones<\/b><\/span><\/p>\n<p><span style=\"color: #000000;\"><span style=\"font-family: Arial, sans-serif;\"><strong>Hign-concerned Chemical:<\/strong> <\/span><span style=\"font-family: Arial, sans-serif;\">Ninguno<\/span><\/span><\/p>\n<p><span style=\"color: #000000;\"><span style=\"font-family: Arial, sans-serif;\"><strong>Bluetooth:<\/strong> <\/span><span style=\"font-family: Arial, sans-serif;\">No<\/span><\/span><\/p>\n<p><span style=\"color: #000000;\"><span style=\"font-family: Arial, sans-serif;\"><strong>Origen:<\/strong> <\/span><span style=\"font-family: Arial, sans-serif;\">China continental<\/span><\/span><\/p>\n<p><span style=\"color: #000000;\"><span style=\"font-family: Arial, sans-serif;\"><strong>Material:<\/strong> <\/span><span style=\"font-family: Arial, sans-serif;\">ABS<\/span><\/span><\/p>\n<p><span style=\"color: #000000;\"><span style=\"font-family: Arial, sans-serif;\"><strong>Marca:<\/strong> <\/span><span style=\"font-family: Arial, sans-serif;\">Impulso Exactive EQ<\/span><\/span><\/p>\n<p><span style=\"color: #000000;\"><span style=\"font-family: Arial, sans-serif;\"><strong>Tipo de art\u00edculo:<\/strong> <\/span><span style=\"font-family: Arial, sans-serif;\">glucosa en sangre<\/span><\/span><\/p>\n<p><span style=\"color: #000000;\"><span style=\"font-family: Arial, sans-serif;\"><strong>N\u00famero de piezas:<\/strong> <\/span><span style=\"font-family: Arial, sans-serif;\">Una unidad<\/span><\/span><\/p>","protected":false},"excerpt":{"rendered":"<p>Especificaciones Qu\u00edmica peligrosa: Ninguna Bluetooth: No Origen: China continental Material: ABS Marca: Exactive EQ Impulse Tipo de art\u00edculo: glucosa en sangre N\u00famero de piezas: Una Unidad<\/p>","protected":false},"featured_media":11068,"template":"","meta":[],"product_cat":[91],"product_tag":[],"class_list":{"0":"post-11067","1":"product","2":"type-product","3":"status-publish","4":"has-post-thumbnail","6":"product_cat-medical","8":"first","9":"instock","10":"taxable","11":"shipping-taxable","12":"purchasable","13":"product-type-simple"},"aioseo_notices":[],"_links":{"self":[{"href":"https:\/\/redcrosspharmaceutical.com\/es\/wp-json\/wp\/v2\/product\/11067","targetHints":{"allow":["GET"]}}],"collection":[{"href":"https:\/\/redcrosspharmaceutical.com\/es\/wp-json\/wp\/v2\/product"}],"about":[{"href":"https:\/\/redcrosspharmaceutical.com\/es\/wp-json\/wp\/v2\/types\/product"}],"wp:featuredmedia":[{"embeddable":true,"href":"https:\/\/redcrosspharmaceutical.com\/es\/wp-json\/wp\/v2\/media\/11068"}],"wp:attachment":[{"href":"https:\/\/redcrosspharmaceutical.com\/es\/wp-json\/wp\/v2\/media?parent=11067"}],"wp:term":[{"taxonomy":"product_cat","embeddable":true,"href":"https:\/\/redcrosspharmaceutical.com\/es\/wp-json\/wp\/v2\/product_cat?post=11067"},{"taxonomy":"product_tag","embeddable":true,"href":"https:\/\/redcrosspharmaceutical.com\/es\/wp-json\/wp\/v2\/product_tag?post=11067"}],"curies":[{"name":"wp","href":"https:\/\/api.w.org\/{rel}","templated":true}]}}