{"id":11062,"date":"2024-08-28T21:35:43","date_gmt":"2024-08-28T21:35:43","guid":{"rendered":"https:\/\/redcrosspharmaceutical.com\/?post_type=product&#038;p=11062"},"modified":"2024-08-28T21:42:36","modified_gmt":"2024-08-28T21:42:36","slug":"glucose-meter","status":"publish","type":"product","link":"https:\/\/redcrosspharmaceutical.com\/es\/producto\/glucose-meter\/","title":{"rendered":"Medidor de glucosa"},"content":{"rendered":"<p><span style=\"color: #000000;\"><strong><span style=\"font-family: Arial, sans-serif;\"><span style=\"font-size: small;\">Especificaciones<\/span><\/span><\/strong><\/span><\/p>\n<p><span style=\"color: #000000;\"><span style=\"font-family: Arial, sans-serif;\"><span style=\"font-size: small;\"><strong>Hign-concerned Chemical:<\/strong> <\/span><\/span><span style=\"font-family: Arial, sans-serif;\"><span style=\"font-size: small;\">Ninguno<\/span><\/span><\/span><\/p>\n<p><span style=\"font-family: Arial, sans-serif; color: #000000;\"><span style=\"font-size: small;\"><strong>Origen:<\/strong> China<\/span><\/span><\/p>\n<p><span style=\"color: #000000;\"><strong><span style=\"font-family: Arial, sans-serif;\"><span style=\"font-size: small;\">Material: <\/span><\/span><\/strong><span style=\"font-family: Arial, sans-serif;\"><span style=\"font-size: small;\">PVC m\u00e9dico<\/span><\/span><\/span><\/p>\n<p><span style=\"color: #000000;\"><strong><span style=\"font-family: Arial, sans-serif;\"><span style=\"font-size: small;\">N\u00famero de modelo: <\/span><\/span><\/strong><span style=\"font-family: Arial, sans-serif;\"><span style=\"font-size: small;\">AC-301<\/span><\/span><\/span><\/p>\n<p><span style=\"color: #000000;\"><strong><span style=\"font-family: Arial, sans-serif;\"><span style=\"font-size: small;\">Marca: <\/span><\/span><\/strong><span style=\"font-family: Arial, sans-serif;\"><span style=\"font-size: small;\">Cantidad<\/span><\/span><\/span><\/p>\n<p><span style=\"color: #000000;\"><span style=\"font-family: Arial, sans-serif;\"><span style=\"font-size: small;\"><strong>Tipo de art\u00edculo:<\/strong> <\/span><\/span><span style=\"font-family: Arial, sans-serif;\"><span style=\"font-size: small;\">glucosa en sangre<\/span><\/span><\/span><\/p>\n<p><span style=\"color: #000000;\"><span style=\"font-family: Arial, sans-serif;\"><span style=\"font-size: small;\"><strong>Certificaci\u00f3n:<\/strong> <\/span><\/span><span style=\"font-family: Arial, sans-serif;\"><span style=\"font-size: small;\">CE<\/span><\/span><\/span><\/p>\n<p><span style=\"color: #000000;\"><span style=\"font-family: Arial, sans-serif;\"><span style=\"font-size: small;\"><strong>Adecuado para:<\/strong> D<\/span><\/span><span style=\"font-family: Arial, sans-serif;\"><span style=\"font-size: small;\">diab\u00e9ticos, ancianos, embarazadas<\/span><\/span><\/span><\/p>\n<p><span style=\"color: #000000;\"><strong><span style=\"font-family: Arial, sans-serif;\"><span style=\"font-size: small;\">Tiempo de prueba: <\/span><\/span><\/strong><span style=\"font-family: Arial, sans-serif;\"><span style=\"font-size: small;\">5 segundos<\/span><\/span><\/span><\/p>\n<p><span style=\"color: #000000;\"><span style=\"font-family: Arial, sans-serif;\"><span style=\"font-size: small;\"><strong>Tipo 1:<\/strong> <\/span><\/span><span style=\"font-family: Arial, sans-serif;\"><span style=\"font-size: small;\">Tira reactiva GDH<\/span><\/span><\/span><\/p>\n<p><span style=\"color: #000000;\"><strong><span style=\"font-family: Arial, sans-serif;\"><span style=\"font-size: small;\">Tipo 2: <\/span><\/span><\/strong><span style=\"font-family: Arial, sans-serif;\"><span style=\"font-size: small;\">Alerta de cetona e hipoglucemia<\/span><\/span><\/span><\/p>","protected":false},"excerpt":{"rendered":"<p>Especificaciones Hign-concerned Chemical: Ninguno Origen: China Material: PVC m\u00e9dico N\u00famero de modelo: AC-301 Marca: Auqty Tipo de art\u00edculo: glucosa en sangre Certificaci\u00f3n: CE Adecuado para: Los diab\u00e9ticos, las personas mayores, el tiempo de prueba pregnan: 5 segundos Tipo 1: GDH Tira de ... <a href=\"https:\/\/redcrosspharmaceutical.com\/es\/producto\/glucose-meter\/\">Leer m\u00e1s<\/a><\/p>","protected":false},"featured_media":11064,"template":"","meta":[],"product_cat":[91],"product_tag":[],"class_list":{"0":"post-11062","1":"product","2":"type-product","3":"status-publish","4":"has-post-thumbnail","6":"product_cat-medical","8":"first","9":"instock","10":"taxable","11":"shipping-taxable","12":"purchasable","13":"product-type-simple"},"aioseo_notices":[],"_links":{"self":[{"href":"https:\/\/redcrosspharmaceutical.com\/es\/wp-json\/wp\/v2\/product\/11062","targetHints":{"allow":["GET"]}}],"collection":[{"href":"https:\/\/redcrosspharmaceutical.com\/es\/wp-json\/wp\/v2\/product"}],"about":[{"href":"https:\/\/redcrosspharmaceutical.com\/es\/wp-json\/wp\/v2\/types\/product"}],"wp:featuredmedia":[{"embeddable":true,"href":"https:\/\/redcrosspharmaceutical.com\/es\/wp-json\/wp\/v2\/media\/11064"}],"wp:attachment":[{"href":"https:\/\/redcrosspharmaceutical.com\/es\/wp-json\/wp\/v2\/media?parent=11062"}],"wp:term":[{"taxonomy":"product_cat","embeddable":true,"href":"https:\/\/redcrosspharmaceutical.com\/es\/wp-json\/wp\/v2\/product_cat?post=11062"},{"taxonomy":"product_tag","embeddable":true,"href":"https:\/\/redcrosspharmaceutical.com\/es\/wp-json\/wp\/v2\/product_tag?post=11062"}],"curies":[{"name":"wp","href":"https:\/\/api.w.org\/{rel}","templated":true}]}}