{"id":11058,"date":"2024-08-28T21:29:53","date_gmt":"2024-08-28T21:29:53","guid":{"rendered":"https:\/\/redcrosspharmaceutical.com\/?post_type=product&#038;p=11058"},"modified":"2024-08-28T21:44:47","modified_gmt":"2024-08-28T21:44:47","slug":"digital-thermometer","status":"publish","type":"product","link":"https:\/\/redcrosspharmaceutical.com\/es\/producto\/digital-thermometer\/","title":{"rendered":"Term\u00f3metro digital"},"content":{"rendered":"<p><span style=\"color: #000000;\"><b>Especificaciones<\/b><\/span><\/p>\n<p><span style=\"color: #000000;\"><strong>Hign-concerned Chemical:<\/strong> Ninguno<\/span><\/p>\n<p><span style=\"color: #000000;\"><strong>Tipo de producto:<\/strong> TERM\u00d3METROS<\/span><\/p>\n<p><span style=\"color: #000000;\"><strong>Material:<\/strong> Pl\u00e1stico<\/span><\/p>\n<p><span style=\"color: #000000;\"><strong>S\u00f3lo para uso con term\u00f3metro<\/strong><\/span><\/p>\n<p><span style=\"color: #000000;\"><strong>Tipo de term\u00f3metro:<\/strong> Digital<\/span><\/p>\n<p><span style=\"color: #000000;\"><strong>Origen:<\/strong> China continental<\/span><\/p>\n<p><span style=\"color: #000000;\"><strong>Tipo:<\/strong> Term\u00f3metros dom\u00e9sticos<\/span><\/p>\n<p><span style=\"color: #000000;\"><strong>Precisi\u00f3n de medici\u00f3n:<\/strong> 0,1 grados Celsius<\/span><\/p>\n<p><span style=\"color: #000000;\"><strong>Piezas aplicables:<\/strong> axila<\/span><\/p>\n<p><span style=\"color: #000000;\"><strong>Rango de medici\u00f3n:<\/strong> 35-42\u00b0<\/span><\/p>\n<p><span style=\"color: #000000;\"><strong>Informaci\u00f3n individual del producto: <\/strong><\/span><strong style=\"color: #000000;\">Tama\u00f1o:<\/strong><span style=\"color: #000000;\"> 124,7X17,8X9,3 mm<\/span><\/p>\n<p><span style=\"color: #000000;\"><strong>Tama\u00f1o de la pantalla:<\/strong> 20X7 mm<\/span><\/p>\n<p><span style=\"color: #000000;\"><strong>Tama\u00f1o de la caja monocolor:<\/strong> 28 * 17 * 137mm<\/span><\/p>","protected":false},"excerpt":{"rendered":"<p>Especificaciones Hign-concerned Chemical: Ninguno Tipo de producto: TERM\u00d3METROS Material: Pl\u00e1stico Term\u00f3metro Uso Exclusivo Tipo de Term\u00f3metro: Digital Origen: China continental Tipo: Term\u00f3metros dom\u00e9sticos Precisi\u00f3n de medici\u00f3n: 0,1 grados Celsius Partes aplicables: axila Rango de medici\u00f3n: 35-42 \u00b0 Informaci\u00f3n individual del producto: Tama\u00f1o: 124.7X17.8X9.3 mm Pantalla ... <a href=\"https:\/\/redcrosspharmaceutical.com\/es\/producto\/digital-thermometer\/\">Leer m\u00e1s<\/a><\/p>","protected":false},"featured_media":11059,"template":"","meta":[],"product_cat":[91],"product_tag":[],"class_list":{"0":"post-11058","1":"product","2":"type-product","3":"status-publish","4":"has-post-thumbnail","6":"product_cat-medical","8":"first","9":"instock","10":"taxable","11":"shipping-taxable","12":"purchasable","13":"product-type-simple"},"aioseo_notices":[],"_links":{"self":[{"href":"https:\/\/redcrosspharmaceutical.com\/es\/wp-json\/wp\/v2\/product\/11058","targetHints":{"allow":["GET"]}}],"collection":[{"href":"https:\/\/redcrosspharmaceutical.com\/es\/wp-json\/wp\/v2\/product"}],"about":[{"href":"https:\/\/redcrosspharmaceutical.com\/es\/wp-json\/wp\/v2\/types\/product"}],"wp:featuredmedia":[{"embeddable":true,"href":"https:\/\/redcrosspharmaceutical.com\/es\/wp-json\/wp\/v2\/media\/11059"}],"wp:attachment":[{"href":"https:\/\/redcrosspharmaceutical.com\/es\/wp-json\/wp\/v2\/media?parent=11058"}],"wp:term":[{"taxonomy":"product_cat","embeddable":true,"href":"https:\/\/redcrosspharmaceutical.com\/es\/wp-json\/wp\/v2\/product_cat?post=11058"},{"taxonomy":"product_tag","embeddable":true,"href":"https:\/\/redcrosspharmaceutical.com\/es\/wp-json\/wp\/v2\/product_tag?post=11058"}],"curies":[{"name":"wp","href":"https:\/\/api.w.org\/{rel}","templated":true}]}}