{"id":11053,"date":"2024-08-28T21:23:01","date_gmt":"2024-08-28T21:23:01","guid":{"rendered":"https:\/\/redcrosspharmaceutical.com\/?post_type=product&#038;p=11053"},"modified":"2024-08-28T21:48:35","modified_gmt":"2024-08-28T21:48:35","slug":"circle-fexofenadine","status":"publish","type":"product","link":"https:\/\/redcrosspharmaceutical.com\/es\/producto\/circle-fexofenadine\/","title":{"rendered":"C'rcle Fexofenadina 60mg 100 Comprimidos."},"content":{"rendered":"<p><span style=\"font-size: small;\"><span style=\"color: #0f1111;\"><span style=\"font-family: Arial, serif;\">C'rcle Fexofenadina 60mg 100 Comprimidos. Alergia Pills. Alergia Medicina para el Alivio de la Alergia. Alergia medicaci\u00f3n no somnoliento 12 horas. Alergia Medicamentos Antihistam\u00ednicos Tabletas para los s\u00edntomas de alergia.<\/span><\/span><\/span><\/p>\n<p><span style=\"font-size: small;\"><span style=\"color: #0f1111;\"><span style=\"font-family: Arial, serif;\"><strong>Estilo:<\/strong>\u00a0<\/span><\/span><span style=\"color: #0f1111;\"><span style=\"font-family: Arial, serif;\">60 mg<\/span><\/span><\/span><\/p>\n<p><span style=\"font-size: small;\"><span style=\"color: #0f1111;\"><span style=\"font-family: Arial, serif;\"><strong>Tama\u00f1o:<\/strong>\u00a0<\/span><\/span><span style=\"color: #0f1111;\"><span style=\"font-family: Arial, serif;\">100 unidades (paquete de 1)<\/span><\/span><\/span><\/p>\n<table width=\"362\" cellspacing=\"0\" cellpadding=\"3\">\n<tbody>\n<tr valign=\"top\">\n<td width=\"101\"><span style=\"font-size: small; color: #000000;\"><span style=\"font-family: Arial, serif;\"><b>Marca<\/b><\/span><\/span><\/td>\n<td width=\"249\"><span style=\"font-size: small; color: #000000;\"><span style=\"font-family: Arial, serif;\">C'rcle<\/span><\/span><\/td>\n<\/tr>\n<tr valign=\"top\">\n<td width=\"101\"><span style=\"font-size: small; color: #000000;\"><span style=\"font-family: Arial, serif;\"><b>Reportaje especial<\/b><\/span><\/span><\/td>\n<td width=\"249\"><span style=\"font-size: small; color: #000000;\"><span style=\"font-family: Arial, serif;\">Larga duraci\u00f3n, no produce somnolencia<\/span><\/span><\/td>\n<\/tr>\n<tr valign=\"top\">\n<td width=\"101\"><span style=\"font-size: small; color: #000000;\"><span style=\"font-family: Arial, serif;\"><b>Peso del art\u00edculo<\/b><\/span><\/span><\/td>\n<td width=\"249\"><span style=\"font-size: small; color: #000000;\"><span style=\"font-family: Arial, serif;\">1,13 onzas<\/span><\/span><\/td>\n<\/tr>\n<tr valign=\"top\">\n<td width=\"101\"><span style=\"font-size: small; color: #000000;\"><span style=\"font-family: Arial, serif;\"><b>Dimensiones del art\u00edculo L x A x A<\/b><\/span><\/span><\/td>\n<td width=\"249\"><span style=\"font-size: small; color: #000000;\"><span style=\"font-family: Arial, serif;\">2,91 x 1,42 x 1,38 pulgadas<\/span><\/span><\/td>\n<\/tr>\n<tr valign=\"top\">\n<td width=\"101\"><span style=\"font-size: small; color: #000000;\"><span style=\"font-family: Arial, serif;\"><b>Ventajas del producto<\/b><\/span><\/span><\/td>\n<td width=\"249\"><span style=\"font-size: small; color: #000000;\"><span style=\"font-family: Arial, serif;\">Comprimidos antial\u00e9rgicos Comprimidos antihistam\u00ednicos<\/span><\/span><\/td>\n<\/tr>\n<\/tbody>\n<\/table>\n<p><span style=\"font-size: small;\"><span style=\"color: #0f1111;\"><span style=\"font-family: Arial, serif;\"><b>Acerca de este art\u00edculo<\/b><\/span><\/span><\/span><\/p>\n<ul>\n<li><span style=\"font-size: small;\"><span style=\"color: #0f1111;\"><span style=\"font-family: Arial, serif;\"><strong>Comprimidos antihistam\u00ednicos:<\/strong> Nuestros comprimidos antial\u00e9rgicos contienen Fexofenadina 60 mg, un potente antihistam\u00ednico que ayuda a aliviar los s\u00edntomas de la alergia como estornudos, ojos llorosos y secreci\u00f3n nasal.<\/span><\/span><\/span><\/li>\n<li><span style=\"font-size: small;\"><span style=\"color: #0f1111;\"><span style=\"font-family: Arial, serif;\"><strong>Antihistam\u00ednico 12 horas: <\/strong>Nuestras pastillas para la alergia fexofenadina 12 horas tienen una f\u00f3rmula que proporciona un alivio de 12 horas de los s\u00edntomas de la alergia. Tome un comprimido al d\u00eda para mantener los s\u00edntomas a raya.<\/span><\/span><\/span><\/li>\n<li><span style=\"font-size: small;\"><span style=\"color: #0f1111;\"><span style=\"font-family: Arial, serif;\"><strong>Medicamento para la alergia que no produce somnolencia:<\/strong>\u00a0Nuestra f\u00f3rmula antial\u00e9rgica sin somnolencia es una gran opci\u00f3n para quienes necesitan aliviar los s\u00edntomas de la alergia pero no quieren sentirse somnolientos durante todo el d\u00eda.<\/span><\/span><\/span><\/li>\n<li><span style=\"font-size: small;\"><span style=\"color: #0f1111;\"><span style=\"font-family: Arial, serif;\"><strong>Medicamentos para alergias de interior y exterior:<\/strong>\u00a0Nuestro medicamento para la alergia Fexofenadina para adultos proporciona un alivio eficaz de las alergias tanto de interior como de exterior, proporcion\u00e1ndole una protecci\u00f3n total contra la alergia dondequiera que vaya.<\/span><\/span><\/span><\/li>\n<li><span style=\"font-size: small;\"><span style=\"color: #0f1111;\"><span style=\"font-family: Arial, serif;\"><strong>Uno de los mejores productos antihistam\u00ednicos del mercado:<\/strong>\u00a0Puede estar seguro de que nuestros comprimidos antihistam\u00ednicos de Fexofenadina de primera calidad son una de las mejores soluciones para la alergia que puede encontrar en el mercado.<\/span><\/span><\/span><\/li>\n<\/ul>","protected":false},"excerpt":{"rendered":"<p>C'rcle Fexofenadina 60mg 100 Comprimidos. Alergia Pills. Alergia Medicina para el Alivio de la Alergia. Alergia medicaci\u00f3n no somnoliento 12 horas. Alergia Medicamentos antihistam\u00ednicos tabletas para los s\u00edntomas de alergia. Estilo: 60mg Tama\u00f1o: 100 Contar (Paquete de 1) Marca C'rcle Caracter\u00edstica especial de larga duraci\u00f3n, no ... <a href=\"https:\/\/redcrosspharmaceutical.com\/es\/producto\/circle-fexofenadine\/\">Leer m\u00e1s<\/a><\/p>","protected":false},"featured_media":11057,"template":"","meta":[],"product_cat":[91],"product_tag":[],"class_list":{"0":"post-11053","1":"product","2":"type-product","3":"status-publish","4":"has-post-thumbnail","6":"product_cat-medical","8":"first","9":"instock","10":"taxable","11":"shipping-taxable","12":"purchasable","13":"product-type-simple"},"aioseo_notices":[],"_links":{"self":[{"href":"https:\/\/redcrosspharmaceutical.com\/es\/wp-json\/wp\/v2\/product\/11053","targetHints":{"allow":["GET"]}}],"collection":[{"href":"https:\/\/redcrosspharmaceutical.com\/es\/wp-json\/wp\/v2\/product"}],"about":[{"href":"https:\/\/redcrosspharmaceutical.com\/es\/wp-json\/wp\/v2\/types\/product"}],"wp:featuredmedia":[{"embeddable":true,"href":"https:\/\/redcrosspharmaceutical.com\/es\/wp-json\/wp\/v2\/media\/11057"}],"wp:attachment":[{"href":"https:\/\/redcrosspharmaceutical.com\/es\/wp-json\/wp\/v2\/media?parent=11053"}],"wp:term":[{"taxonomy":"product_cat","embeddable":true,"href":"https:\/\/redcrosspharmaceutical.com\/es\/wp-json\/wp\/v2\/product_cat?post=11053"},{"taxonomy":"product_tag","embeddable":true,"href":"https:\/\/redcrosspharmaceutical.com\/es\/wp-json\/wp\/v2\/product_tag?post=11053"}],"curies":[{"name":"wp","href":"https:\/\/api.w.org\/{rel}","templated":true}]}}