{"id":11049,"date":"2024-08-28T21:16:27","date_gmt":"2024-08-28T21:16:27","guid":{"rendered":"https:\/\/redcrosspharmaceutical.com\/?post_type=product&#038;p=11049"},"modified":"2024-08-28T22:03:08","modified_gmt":"2024-08-28T22:03:08","slug":"benadryl-ultratabs","status":"publish","type":"product","link":"https:\/\/redcrosspharmaceutical.com\/es\/producto\/benadryl-ultratabs\/","title":{"rendered":"Benadryl Ultratabs Difenhidramina Antihistam\u00ednico"},"content":{"rendered":"<p><span style=\"font-family: Arial, sans-serif; color: #000000;\"><span style=\"font-size: small;\"><b>Descripci\u00f3n<\/b><\/span><\/span><\/p>\n<p><span style=\"font-family: Arial, sans-serif; color: #000000;\"><span style=\"font-size: small;\">Consigue un potente alivio de las alergias inesperadas con los comprimidos antihistam\u00ednicos Benadryl Allergy Ultratabs. Este medicamento para la alergia ofrece un alivio eficaz de los s\u00edntomas de la fiebre del heno, alergia de las v\u00edas respiratorias superiores y resfriado com\u00fan en un peque\u00f1o comprimido recubierto de forma ovalada. Cada comprimido f\u00e1cil de tragar contiene 25 miligramos del antihistam\u00ednico difenhidramina HCl para aliviar temporalmente los s\u00edntomas de la alergia debidos a la fiebre del heno y las alergias de las v\u00edas respiratorias altas, como estornudos, secreci\u00f3n nasal, picor de garganta, picor de nariz y picor y lagrimeo de ojos, as\u00ed como los s\u00edntomas del resfriado com\u00fan como secreci\u00f3n nasal y estornudos. Benadryl Ultratabs con difenhidramina HCl 25 mg, una marca de confianza contra la alergia, est\u00e1 indicado para adultos y ni\u00f1os a partir de seis a\u00f1os. Los comprimidos antial\u00e9rgicos de una marca recomendada por m\u00e9dicos act\u00faan cuando m\u00e1s lo necesitas y proporcionan un alivio seguro y eficaz de la alergia cuando se utilizan seg\u00fan las indicaciones. Los comprimidos peque\u00f1os y f\u00e1ciles de tragar alivian los m\u00faltiples s\u00edntomas de la alergia en interiores y exteriores y el resfriado.<\/span><\/span><\/p>\n<p><span style=\"font-family: Arial, sans-serif; color: #000000;\"><span style=\"font-size: small;\"><b>Destacados<\/b><\/span><\/span><\/p>\n<ul>\n<li><span style=\"font-family: Arial, sans-serif; color: #000000;\"><span style=\"font-size: small;\">Benadryl Ultratabs Allergy Relief Tablets con 25 mg del antihistam\u00ednico difenhidramina HCl, estos c\u00f3modos y peque\u00f1os comprimidos antihistam\u00ednicos ofrecen un alivio fiable de la alergia para poner fin a sus alergias.<\/span><\/span><\/li>\n<li><span style=\"font-family: Arial, sans-serif; color: #000000;\"><span style=\"font-size: small;\">Proporciona un potente alivio para las alergias inesperadas en peque\u00f1os comprimidos recubiertos de forma ovalada<\/span><\/span><\/li>\n<li><span style=\"font-family: Arial, sans-serif; color: #000000;\"><span style=\"font-size: small;\">Alivia los s\u00edntomas del resfriado, como los estornudos y la secreci\u00f3n nasal, para algo m\u00e1s que aliviar la alergia<\/span><\/span><\/li>\n<li><span style=\"font-family: Arial, sans-serif; color: #000000;\"><span style=\"font-size: small;\">El medicamento antial\u00e9rgico act\u00faa cuando m\u00e1s se necesita y es adecuado para tratar a adultos y ni\u00f1os a partir de 6 a\u00f1os.<\/span><\/span><\/li>\n<li><span style=\"font-family: Arial, sans-serif; color: #000000;\"><span style=\"font-size: small;\">El antihistam\u00ednico difenhidramina HCl alivia eficazmente los s\u00edntomas del resfriado y la alergia.<\/span><\/span><\/li>\n<li><span style=\"font-family: Arial, sans-serif; color: #000000;\"><span style=\"font-size: small;\">Peque\u00f1os comprimidos antihistam\u00ednicos que alivian los s\u00edntomas de la fiebre del heno, las alergias de las v\u00edas respiratorias altas y el resfriado<\/span><\/span><\/li>\n<li><span style=\"font-family: Arial, sans-serif; color: #000000;\"><span style=\"font-size: small;\">Benadryl Ultratabs Allergy Relief Tablets proporciona un alivio seguro y eficaz de la alergia en forma de peque\u00f1os comprimidos f\u00e1ciles de tragar cuando se utilizan seg\u00fan las indicaciones.<\/span><\/span><\/li>\n<\/ul>\n<p><span style=\"color: #000000;\"><strong><span style=\"font-family: Arial, sans-serif;\"><span style=\"font-size: small;\">Principios activos <\/span><\/span><\/strong><span style=\"font-size: small; font-family: Arial, sans-serif;\"><strong>en cada comprimido:<\/strong> difenhidramina hcl (25 mg).<\/span><\/span><\/p>\n<p><span style=\"color: #000000;\"><span style=\"font-family: Arial, sans-serif;\"><span style=\"font-size: small;\"><b>Prop\u00f3sito<\/b><\/span><\/span><span style=\"font-size: small; font-family: Arial, sans-serif;\"><strong>:<\/strong> Antihistam\u00ednico.<\/span><\/span><\/p>\n<p><span style=\"color: #000000;\"><span style=\"font-family: Arial, sans-serif;\"><span style=\"font-size: small;\"><b>Usos: <\/b><\/span><\/span><span style=\"font-family: Arial, sans-serif;\"><span style=\"font-size: small;\">Alivia temporalmente estos s\u00edntomas debidos a la fiebre del heno u otras alergias de las v\u00edas respiratorias superiores: secreci\u00f3n nasal; estornudos; picor y lagrimeo de ojos; picor de nariz o garganta., Alivia temporalmente estos s\u00edntomas debidos al resfriado com\u00fan: secreci\u00f3n nasal; estornudos.<\/span><\/span><\/span><\/p>\n<p><span style=\"color: #000000;\"><span style=\"font-family: Arial, sans-serif;\"><span style=\"font-size: small;\"><b>Consulte a un m\u00e9dico antes de utilizarlo si: <\/b>usted<\/span><\/span><span style=\"font-size: small; font-family: Arial, sans-serif;\">\u00a0tiene un problema respiratorio como enfisema o bronquitis cr\u00f3nica, glaucoma, problemas para orinar debido a un agrandamiento de la pr\u00f3stata.<\/span><\/span><\/p>\n<p><span style=\"color: #000000;\"><span style=\"font-family: Arial, sans-serif;\"><span style=\"font-size: small;\"><b>Consulte a su m\u00e9dico o farmac\u00e9utico antes de utilizarlo si:<\/b><\/span><\/span><span style=\"font-size: small; font-family: Arial, sans-serif;\">\u00a0est\u00e1 tomando sedantes o tranquilizantes.<\/span><\/span><\/p>\n<p><span style=\"color: #000000;\"><span style=\"font-family: Arial, sans-serif;\"><span style=\"font-size: small;\"><b>Advertencia sobre el embarazo y la lactancia: <\/b><\/span><\/span><span style=\"font-size: small; font-family: Arial, sans-serif;\">Si est\u00e1 embarazada o en per\u00edodo de lactancia, consulte a un profesional sanitario antes de utilizarlo.<\/span><\/span><\/p>\n<p><span style=\"color: #000000;\"><span style=\"font-family: Arial, sans-serif;\"><span style=\"font-size: small;\"><b>Mantener fuera del alcance: <\/b><\/span><\/span><span style=\"font-size: small; font-family: Arial, sans-serif;\">En caso de sobredosis, busque ayuda m\u00e9dica o p\u00f3ngase en contacto inmediatamente con un Centro de Toxicolog\u00eda (1-800-222-1222).<\/span><\/span><\/p>\n<p><span style=\"color: #000000;\"><span style=\"font-family: Arial, sans-serif;\"><span style=\"font-size: small;\"><b>No utilizar: <\/b><\/span><\/span><span style=\"font-size: small; font-family: Arial, sans-serif;\">para adormecer a un ni\u00f1o, con cualquier otro producto que contenga difenhidramina, incluso uno utilizado sobre la piel.<\/span><\/span><\/p>\n<p><span style=\"color: #000000;\"><span style=\"font-family: Arial, sans-serif;\"><span style=\"font-size: small;\"><b>Cuando se usa: <\/b><\/span><\/span><span style=\"font-size: small; font-family: Arial, sans-serif;\">puede producirse una marcada somnolencia, evite las bebidas alcoh\u00f3licas, el alcohol, los sedantes y tranquilizantes pueden aumentar la somnolencia, tenga cuidado al conducir un veh\u00edculo de motor o manejar maquinaria, puede producirse excitabilidad, especialmente en ni\u00f1os.<\/span><\/span><\/p>\n<p><span style=\"color: #000000;\"><span style=\"font-family: Arial, sans-serif;\"><span style=\"font-size: small;\"><b>C\u00f3mo llegar: <\/b><\/span><\/span><span style=\"font-size: small; font-family: Arial, sans-serif;\">Tomar cada 4 \u00f3 6 horas, o seguir prescripci\u00f3n m\u00e9dica. No tomar m\u00e1s de 6 veces en 24 horas. Importante: Lea toda la informaci\u00f3n del producto antes de usarlo. Conserve esta caja para informaci\u00f3n importante.<\/span><\/span><\/p>\n<p><span style=\"color: #000000;\"><span style=\"font-family: Arial, sans-serif;\"><span style=\"font-size: small;\"><b>Adultos y ni\u00f1os mayores de 12 a\u00f1os: <\/b><\/span><\/span><span style=\"font-size: small; font-family: Arial, sans-serif;\">1 a 2 comprimidos.<\/span><\/span><\/p>\n<p><span style=\"color: #000000;\"><span style=\"font-family: Arial, sans-serif;\"><span style=\"font-size: small;\"><b>Ni\u00f1os de 6 a menos de 12 a\u00f1os: <\/b><\/span><\/span><span style=\"font-size: small; font-family: Arial, sans-serif;\">1 comprimido.<\/span><\/span><\/p>\n<p><span style=\"color: #000000;\"><span style=\"font-family: Arial, sans-serif;\"><span style=\"font-size: small;\"><b>Ni\u00f1os menores de 6 a\u00f1os: <\/b><\/span><\/span><span style=\"font-size: small; font-family: Arial, sans-serif;\">No utilizar.<\/span><\/span><\/p>\n<p><span style=\"color: #000000;\"><span style=\"font-family: Arial, sans-serif;\"><span style=\"font-size: small;\"><b>Otras informaciones: <\/b><\/span><\/span><span style=\"font-size: small; font-family: Arial, sans-serif;\">Cada comprimido contiene: calcio 20 mg. Almacenar entre 68-77 grados F (20-25 grados C). Evitar la humedad alta. Proteger de la luz. No utilizar si la caja est\u00e1 abierta o si el blister est\u00e1 roto.<\/span><\/span><\/p>\n<p><span style=\"color: #000000;\"><span style=\"font-family: Arial, sans-serif;\"><span style=\"font-size: small;\"><b>Ingredientes inactivos: <\/b><\/span><\/span><span style=\"font-size: small; font-family: Arial, sans-serif;\">cera de carnauba, croscarmelosa s\u00f3dica, d&amp;c rojo 27 laca de aluminio, fosfato c\u00e1lcico dib\u00e1sico, hipromelosa, estearato de magnesio, celulosa microcristalina, polietilenglicol, polisorbato 80, di\u00f3xido de titanio.<\/span><\/span><\/p>\n<p>&nbsp;<\/p>","protected":false},"excerpt":{"rendered":"<p>Descripci\u00f3n Consigue un alivio potente de las alergias inesperadas con Benadryl Allergy Ultratabs Antihistam\u00ednico Alivio de la Alergia Comprimidos. Este medicamento para la alergia ofrece un alivio eficaz del resfriado y la alergia de la fiebre del heno, alergia respiratoria superior y los s\u00edntomas del resfriado com\u00fan en un peque\u00f1o, de forma ovalada recubierto ... <a href=\"https:\/\/redcrosspharmaceutical.com\/es\/producto\/benadryl-ultratabs\/\">Leer m\u00e1s<\/a><\/p>","protected":false},"featured_media":11050,"template":"","meta":[],"product_cat":[91],"product_tag":[],"class_list":{"0":"post-11049","1":"product","2":"type-product","3":"status-publish","4":"has-post-thumbnail","6":"product_cat-medical","8":"first","9":"instock","10":"taxable","11":"shipping-taxable","12":"purchasable","13":"product-type-simple"},"aioseo_notices":[],"_links":{"self":[{"href":"https:\/\/redcrosspharmaceutical.com\/es\/wp-json\/wp\/v2\/product\/11049","targetHints":{"allow":["GET"]}}],"collection":[{"href":"https:\/\/redcrosspharmaceutical.com\/es\/wp-json\/wp\/v2\/product"}],"about":[{"href":"https:\/\/redcrosspharmaceutical.com\/es\/wp-json\/wp\/v2\/types\/product"}],"wp:featuredmedia":[{"embeddable":true,"href":"https:\/\/redcrosspharmaceutical.com\/es\/wp-json\/wp\/v2\/media\/11050"}],"wp:attachment":[{"href":"https:\/\/redcrosspharmaceutical.com\/es\/wp-json\/wp\/v2\/media?parent=11049"}],"wp:term":[{"taxonomy":"product_cat","embeddable":true,"href":"https:\/\/redcrosspharmaceutical.com\/es\/wp-json\/wp\/v2\/product_cat?post=11049"},{"taxonomy":"product_tag","embeddable":true,"href":"https:\/\/redcrosspharmaceutical.com\/es\/wp-json\/wp\/v2\/product_tag?post=11049"}],"curies":[{"name":"wp","href":"https:\/\/api.w.org\/{rel}","templated":true}]}}