{"id":9094,"date":"2023-12-27T08:42:27","date_gmt":"2023-12-27T08:42:27","guid":{"rendered":"https:\/\/demo2.wpthemego.com\/themes\/sw_pharxtore\/?page_id=9094"},"modified":"2024-03-23T17:09:39","modified_gmt":"2024-03-23T17:09:39","slug":"hot-deal","status":"publish","type":"page","link":"https:\/\/redcrosspharmaceutical.com\/es\/hot-deal\/","title":{"rendered":"Oferta"},"content":{"rendered":"<div data-elementor-type=\"wp-page\" data-elementor-id=\"9094\" class=\"elementor elementor-9094\" data-elementor-post-type=\"page\">\n\t\t\t\t\t\t<section class=\"elementor-section elementor-top-section elementor-element elementor-element-e4f4dd7 elementor-section-boxed elementor-section-height-default elementor-section-height-default\" data-id=\"e4f4dd7\" data-element_type=\"section\">\n\t\t\t\t\t\t<div class=\"elementor-container elementor-column-gap-default\">\n\t\t\t\t\t<div class=\"elementor-column elementor-col-100 elementor-top-column elementor-element elementor-element-87aebc7\" data-id=\"87aebc7\" data-element_type=\"column\">\n\t\t\t<div class=\"elementor-widget-wrap elementor-element-populated\">\n\t\t\t\t\t\t<div class=\"elementor-element elementor-element-2de99cc elementor-widget elementor-widget-swe-woo-products-grid\" data-id=\"2de99cc\" data-element_type=\"widget\" data-widget_type=\"swe-woo-products-grid.default\">\n\t\t\t\t<div class=\"elementor-widget-container\">\n\t\t\t\r\n<div class=\"swe-woo-products-grid swe-wrapper\" id=\"swe-wrapper-481\">\r\n\t<div class=\"swe-wrap-head\">\r\n\t\t\t\t\t<h2 class=\"swe-title\">Ofertas<\/h2>\r\n\t\t\t<\/div>\r\n\t<ul class=\"products swe-row swe-col-2 swe-col-3 swe-col-lg-4\">\r\n\t\t\t<\/ul>\r\n\t<\/div>\r\n\t\t<\/div>\n\t\t\t\t<\/div>\n\t\t\t\t\t<\/div>\n\t\t<\/div>\n\t\t\t\t\t<\/div>\n\t\t<\/section>\n\t\t\t\t<\/div>","protected":false},"excerpt":{"rendered":"<p>Hot Deals venta A\u00f1adir a la lista de deseos CompareQuick View Accesorios Kit de presi\u00f3n arterial y estetoscopio Valorado 5.00 de 5 $320.00 $250.00 A\u00f1adir a la cesta venta A\u00f1adir a la lista de deseos CompareQuick View Accesorios Hyperbiotics pro-15 Valorado 0 de 5 $206.00 $175.00 ... <a href=\"https:\/\/redcrosspharmaceutical.com\/es\/hot-deal\/\">Leer m\u00e1s<\/a><\/p>","protected":false},"author":1,"featured_media":0,"parent":0,"menu_order":0,"comment_status":"closed","ping_status":"closed","template":"page-full.php","meta":{"footnotes":""},"class_list":["post-9094","page","type-page","status-publish","hentry"],"aioseo_notices":[],"_links":{"self":[{"href":"https:\/\/redcrosspharmaceutical.com\/es\/wp-json\/wp\/v2\/pages\/9094","targetHints":{"allow":["GET"]}}],"collection":[{"href":"https:\/\/redcrosspharmaceutical.com\/es\/wp-json\/wp\/v2\/pages"}],"about":[{"href":"https:\/\/redcrosspharmaceutical.com\/es\/wp-json\/wp\/v2\/types\/page"}],"author":[{"embeddable":true,"href":"https:\/\/redcrosspharmaceutical.com\/es\/wp-json\/wp\/v2\/users\/1"}],"replies":[{"embeddable":true,"href":"https:\/\/redcrosspharmaceutical.com\/es\/wp-json\/wp\/v2\/comments?post=9094"}],"version-history":[{"count":1,"href":"https:\/\/redcrosspharmaceutical.com\/es\/wp-json\/wp\/v2\/pages\/9094\/revisions"}],"predecessor-version":[{"id":10353,"href":"https:\/\/redcrosspharmaceutical.com\/es\/wp-json\/wp\/v2\/pages\/9094\/revisions\/10353"}],"wp:attachment":[{"href":"https:\/\/redcrosspharmaceutical.com\/es\/wp-json\/wp\/v2\/media?parent=9094"}],"curies":[{"name":"wp","href":"https:\/\/api.w.org\/{rel}","templated":true}]}}