{"id":339,"date":"2023-11-02T02:11:39","date_gmt":"2023-11-02T02:11:39","guid":{"rendered":"https:\/\/demo2.wpthemego.com\/themes\/sw_pharxtore\/?page_id=339"},"modified":"2024-06-18T19:37:59","modified_gmt":"2024-06-18T19:37:59","slug":"about-us-2","status":"publish","type":"page","link":"https:\/\/redcrosspharmaceutical.com\/es\/about-us-2\/","title":{"rendered":"Qui\u00e9nes somos"},"content":{"rendered":"<div data-elementor-type=\"wp-page\" data-elementor-id=\"339\" class=\"elementor elementor-339\" data-elementor-post-type=\"page\">\n\t\t\t\t\t\t<section class=\"elementor-section elementor-top-section elementor-element elementor-element-1057df1 elementor-section-boxed elementor-section-height-default elementor-section-height-default\" data-id=\"1057df1\" data-element_type=\"section\">\n\t\t\t\t\t\t<div class=\"elementor-container elementor-column-gap-default\">\n\t\t\t\t\t<div class=\"elementor-column elementor-col-100 elementor-top-column elementor-element elementor-element-297c7f3\" data-id=\"297c7f3\" data-element_type=\"column\">\n\t\t\t<div class=\"elementor-widget-wrap\">\n\t\t\t\t\t\t\t<\/div>\n\t\t<\/div>\n\t\t\t\t\t<\/div>\n\t\t<\/section>\n\t\t\t\t<section class=\"elementor-section elementor-top-section elementor-element elementor-element-26a8c19 elementor-section-boxed elementor-section-height-default elementor-section-height-default\" data-id=\"26a8c19\" data-element_type=\"section\">\n\t\t\t\t\t\t<div class=\"elementor-container elementor-column-gap-default\">\n\t\t\t\t\t<div class=\"elementor-column elementor-col-100 elementor-top-column elementor-element elementor-element-a8f3da2\" data-id=\"a8f3da2\" data-element_type=\"column\">\n\t\t\t<div class=\"elementor-widget-wrap elementor-element-populated\">\n\t\t\t\t\t\t<div class=\"elementor-element elementor-element-ec2dfbf elementor-widget elementor-widget-image\" data-id=\"ec2dfbf\" data-element_type=\"widget\" data-widget_type=\"image.default\">\n\t\t\t\t<div class=\"elementor-widget-container\">\n\t\t\t<style>\/*! elementor - v3.20.0 - 20-03-2024 *\/\n.elementor-widget-image{text-align:center}.elementor-widget-image a{display:inline-block}.elementor-widget-image a img[src$=\".svg\"]{width:48px}.elementor-widget-image img{vertical-align:middle;display:inline-block}<\/style>\t\t\t\t\t\t\t\t\t\t<img decoding=\"async\" src=\"https:\/\/redcrosspharmaceutical.com\/wp-content\/uploads\/2023\/11\/banner-aboutus.png\" title=\"banner-acerca-de-nosotros\" alt=\"banner-aboutus\" loading=\"lazy\" \/>\t\t\t\t\t\t\t\t\t\t\t\t\t<\/div>\n\t\t\t\t<\/div>\n\t\t\t\t\t<\/div>\n\t\t<\/div>\n\t\t\t\t\t<\/div>\n\t\t<\/section>\n\t\t\t\t<section class=\"elementor-section elementor-top-section elementor-element elementor-element-b3fbfdc elementor-section-boxed elementor-section-height-default elementor-section-height-default\" data-id=\"b3fbfdc\" data-element_type=\"section\">\n\t\t\t\t\t\t<div class=\"elementor-container elementor-column-gap-default\">\n\t\t\t\t\t<div class=\"elementor-column elementor-col-100 elementor-top-column elementor-element elementor-element-fb0a5c0\" data-id=\"fb0a5c0\" data-element_type=\"column\">\n\t\t\t<div class=\"elementor-widget-wrap elementor-element-populated\">\n\t\t\t\t\t\t<div class=\"elementor-element elementor-element-4e444a8 elementor-widget elementor-widget-text-editor\" data-id=\"4e444a8\" data-element_type=\"widget\" data-widget_type=\"text-editor.default\">\n\t\t\t\t<div class=\"elementor-widget-container\">\n\t\t\t<style>\/*! elementor - v3.20.0 - 20-03-2024 *\/\n.elementor-widget-text-editor.elementor-drop-cap-view-stacked .elementor-drop-cap{background-color:#69727d;color:#fff}.elementor-widget-text-editor.elementor-drop-cap-view-framed .elementor-drop-cap{color:#69727d;border:3px solid;background-color:transparent}.elementor-widget-text-editor:not(.elementor-drop-cap-view-default) .elementor-drop-cap{margin-top:8px}.elementor-widget-text-editor:not(.elementor-drop-cap-view-default) .elementor-drop-cap-letter{width:1em;height:1em}.elementor-widget-text-editor .elementor-drop-cap{float:left;text-align:center;line-height:1;font-size:50px}.elementor-widget-text-editor .elementor-drop-cap-letter{display:inline-block}<\/style>\t\t\t\t<h3><strong>About Red Cross Pharmacy<\/strong><\/h3><p>En la Farmacia de la Cruz Roja, creemos que cada persona merece tener acceso a una asistencia sanitaria personalizada y compasiva. Fundada sobre los principios de atenci\u00f3n, calidad y comunidad, nuestra farmacia es algo m\u00e1s que un lugar donde recoger sus recetas: es un centro de bienestar donde la salud y la conexi\u00f3n humana son lo primero.<\/p><p>\u00a0<\/p><h3><strong>Nuestro viaje<\/strong><\/h3><p>Emprendimos nuestro viaje con la visi\u00f3n de revolucionar la forma en que se prestan los servicios de farmacia. Entendiendo la necesidad de un enfoque m\u00e1s centrado en el paciente, hemos creado un espacio que no solo ofrece una amplia gama de productos sanitarios, sino que tambi\u00e9n proporciona la experiencia y el apoyo necesarios para ayudarle a superar sus retos de salud y bienestar.<\/p><p>\u00a0<\/p><h3><strong>Nuestros servicios<\/strong><\/h3><p>Desde lo esencial para el d\u00eda a d\u00eda hasta la medicaci\u00f3n especializada, nuestro meticuloso inventario est\u00e1 dise\u00f1ado para satisfacer las diversas necesidades de nuestra comunidad. Nuestro compromiso es mantenernos a la vanguardia de la atenci\u00f3n sanitaria integrando los \u00faltimos avances de la medicina con los valores tradicionales de la asistencia.<\/p><p>\u00a0<\/p><h3><strong>Nuestros expertos<\/strong><\/h3><p>Nuestro equipo es nuestro orgullo. Cada farmac\u00e9utico y miembro del personal de Red Cross Pharmacy aporta una gran cantidad de conocimientos y una profunda pasi\u00f3n por el cuidado de la salud. Nos tomamos el tiempo para escuchar sus preocupaciones, discutir sus necesidades, y proporcionar asesoramiento personalizado que respete su viaje \u00fanico de la salud.<\/p><p>\u00a0<\/p><h3><strong>Nuestro compromiso<\/strong><\/h3><p>Nuestro objetivo es garantizar que su experiencia con nosotros sea tan reconfortante e informativa como eficiente. Tanto si busca consejo sobre medicaci\u00f3n, como si busca un producto de bienestar o simplemente necesita una fuente fiable para sus consultas de salud, estamos aqu\u00ed para usted. Nos esforzamos por ser algo m\u00e1s que su farmacia local: queremos ser un socio de confianza en su b\u00fasqueda de una vida sana y plena.<\/p><p>\u00a0<\/p><h3><strong>\u00danete a nuestra comunidad<\/strong><\/h3><p>Le invitamos a formar parte de la familia de la Farmacia de la Cruz Roja. Vis\u00edtenos, cons\u00faltenos sus dudas o mant\u00e9ngase al d\u00eda suscribi\u00e9ndose a nuestro bolet\u00edn. Juntos, vamos a abrazar un futuro m\u00e1s saludable para usted y sus seres queridos.<\/p>\t\t\t\t\t\t<\/div>\n\t\t\t\t<\/div>\n\t\t\t\t\t<\/div>\n\t\t<\/div>\n\t\t\t\t\t<\/div>\n\t\t<\/section>\n\t\t\t\t<section class=\"elementor-section elementor-top-section elementor-element elementor-element-39c69bb box-banner elementor-section-boxed elementor-section-height-default elementor-section-height-default\" data-id=\"39c69bb\" data-element_type=\"section\">\n\t\t\t\t\t\t<div class=\"elementor-container elementor-column-gap-default\">\n\t\t\t\t\t<div class=\"elementor-column elementor-col-100 elementor-top-column elementor-element elementor-element-92d3ce7\" data-id=\"92d3ce7\" data-element_type=\"column\">\n\t\t\t<div class=\"elementor-widget-wrap elementor-element-populated\">\n\t\t\t\t\t\t<div class=\"elementor-element elementor-element-767bb9b elementor-widget elementor-widget-swg-testimonial\" data-id=\"767bb9b\" data-element_type=\"widget\" data-widget_type=\"swg-testimonial.default\">\n\t\t\t\t<div class=\"elementor-widget-container\">\n\t\t\t\t\t<div class=\"swg-testimonial-slider swe-wrapper\">\r\n\t\t\t\t\t\t<div class=\"block-title\">\r\n\t\t\t\t<h3>\u00bfQu\u00e9 dicen los clientes?<\/h3>\r\n\t\t\t\t\t\t\t<\/div>\r\n\t\t\t \r\n\t\t\t<div class=\"swe-slider swg-testimonial-slider\" data-slides_to_show=\"3\" data-slides_to_show_tablet=\"2\" data-slides_to_show_mobile=\"1\" data-slides_to_rows=\"1\" data-slides_to_scroll=\"1\" data-arrows=\"yes\" data-arrows_tablet=\"1\" data-arrows_mobile=\"1\" data-dots=\"\" data-dots_tablet=\"0\" data-dots_mobile=\"0\" data-pause_on_hover=\"yes\" data-autoplay=\"\" data-autoplay_speed=\"3\" data-infinite=\"yes\" data-lazyload=\"progressive\">\r\n\t\t\t\t\t\t\t<div class=\"item\">\r\n\t\t\t\t\t<div class=\"client-comment\">\r\n\t\t\t\t\t\t\"Comprar en esta farmacia es siempre una experiencia agradable. El sitio web est\u00e1 bien informado y es extremadamente r\u00e1pido. Conf\u00edo plenamente en su orientaci\u00f3n\".\r\n\t\t\t\t\t<\/div> \r\n\t\t\t\t\t\r\n\t\t\t\t\t<div class=\"item-content\">\r\n\t\t\t\t\t\t\t\t\t\t\t\t<img decoding=\"async\" width=\"90\" height=\"90\" src=\"https:\/\/redcrosspharmaceutical.com\/wp-content\/uploads\/2017\/01\/Testimonial_3.png\" class=\"attachment-custom size-custom wp-post-image\" alt=\"\" \/>\t\t\t\t\t\t\t\t\t\t\t\t<div class=\"item-content-right\">\r\n\t\t\t\t\t\t\t<h4><a href=\"\" title=\"\">Andrea Jim\u00e9nez<\/a><\/h4>\t\r\n\t\t\t\t\t\t\t<div class=\"author-info\">Consultor nutricional<\/div>\r\n\t\t\t\t\t\t<\/div>\r\n\t\t\t\t\t<\/div>\r\n\t\t\t\t<\/div>\r\n\t\t\t\t\t\t\t<div class=\"item\">\r\n\t\t\t\t\t<div class=\"client-comment\">\r\n\t\t\t\t\t\t\"Encantada con la atenci\u00f3n personalizada. Encontr\u00e9 todo lo que necesitaba y recib\u00ed consejos sanitarios de primera. Son los mejores de la ciudad\"\r\n\t\t\t\t\t<\/div> \r\n\t\t\t\t\t\r\n\t\t\t\t\t<div class=\"item-content\">\r\n\t\t\t\t\t\t\t\t\t\t\t\t<img decoding=\"async\" width=\"90\" height=\"90\" src=\"https:\/\/redcrosspharmaceutical.com\/wp-content\/uploads\/2017\/01\/Testimonial_2.png\" class=\"attachment-custom size-custom wp-post-image\" alt=\"\" \/>\t\t\t\t\t\t\t\t\t\t\t\t<div class=\"item-content-right\">\r\n\t\t\t\t\t\t\t<h4><a href=\"\" title=\"\">Aidan Torres<\/a><\/h4>\t\r\n\t\t\t\t\t\t\t<div class=\"author-info\">Entrenador personal<\/div>\r\n\t\t\t\t\t\t<\/div>\r\n\t\t\t\t\t<\/div>\r\n\t\t\t\t<\/div>\r\n\t\t\t\t\t\t\t<div class=\"item\">\r\n\t\t\t\t\t<div class=\"client-comment\">\r\n\t\t\t\t\t\t\"El servicio en esta farmacia es excepcional. R\u00e1pidos, amables y siempre profesionales, se aseguran de que me atiendan bien. Muy recomendable!\"\r\n\t\t\t\t\t<\/div> \r\n\t\t\t\t\t\r\n\t\t\t\t\t<div class=\"item-content\">\r\n\t\t\t\t\t\t\t\t\t\t\t\t<img decoding=\"async\" width=\"90\" height=\"90\" src=\"https:\/\/redcrosspharmaceutical.com\/wp-content\/uploads\/2017\/01\/Testimonial_4.png\" class=\"attachment-custom size-custom wp-post-image\" alt=\"\" \/>\t\t\t\t\t\t\t\t\t\t\t\t<div class=\"item-content-right\">\r\n\t\t\t\t\t\t\t<h4><a href=\"\" title=\"\">Luis M\u00e9ndez<\/a><\/h4>\t\r\n\t\t\t\t\t\t\t<div class=\"author-info\">Instructor de yoga<\/div>\r\n\t\t\t\t\t\t<\/div>\r\n\t\t\t\t\t<\/div>\r\n\t\t\t\t<\/div>\r\n\t\t\t\t\t\t<\/div>\r\n\t\t<\/div>\r\n\t\t\t<\/div>\n\t\t\t\t<\/div>\n\t\t\t\t\t<\/div>\n\t\t<\/div>\n\t\t\t\t\t<\/div>\n\t\t<\/section>\n\t\t\t\t<\/div>","protected":false},"excerpt":{"rendered":"<p>Acerca de la Farmacia de la Cruz Roja En la Farmacia de la Cruz Roja, creemos que cada persona merece tener acceso a una atenci\u00f3n m\u00e9dica personalizada y compasiva. Fundada sobre los principios de atenci\u00f3n, calidad y comunidad, nuestra farmacia es m\u00e1s que un lugar para recoger ... <a href=\"https:\/\/redcrosspharmaceutical.com\/es\/testimonial\/2440-2\/\">Leer m\u00e1s<\/a><\/p>","protected":false},"author":1,"featured_media":0,"parent":0,"menu_order":0,"comment_status":"closed","ping_status":"closed","template":"page-full.php","meta":{"footnotes":""},"class_list":["post-339","page","type-page","status-publish","hentry"],"aioseo_notices":[],"_links":{"self":[{"href":"https:\/\/redcrosspharmaceutical.com\/es\/wp-json\/wp\/v2\/pages\/339","targetHints":{"allow":["GET"]}}],"collection":[{"href":"https:\/\/redcrosspharmaceutical.com\/es\/wp-json\/wp\/v2\/pages"}],"about":[{"href":"https:\/\/redcrosspharmaceutical.com\/es\/wp-json\/wp\/v2\/types\/page"}],"author":[{"embeddable":true,"href":"https:\/\/redcrosspharmaceutical.com\/es\/wp-json\/wp\/v2\/users\/1"}],"replies":[{"embeddable":true,"href":"https:\/\/redcrosspharmaceutical.com\/es\/wp-json\/wp\/v2\/comments?post=339"}],"version-history":[{"count":13,"href":"https:\/\/redcrosspharmaceutical.com\/es\/wp-json\/wp\/v2\/pages\/339\/revisions"}],"predecessor-version":[{"id":10822,"href":"https:\/\/redcrosspharmaceutical.com\/es\/wp-json\/wp\/v2\/pages\/339\/revisions\/10822"}],"wp:attachment":[{"href":"https:\/\/redcrosspharmaceutical.com\/es\/wp-json\/wp\/v2\/media?parent=339"}],"curies":[{"name":"wp","href":"https:\/\/api.w.org\/{rel}","templated":true}]}}