{"id":10665,"date":"2024-06-04T16:52:49","date_gmt":"2024-06-04T16:52:49","guid":{"rendered":"https:\/\/redcrosspharmaceutical.com\/?page_id=10665"},"modified":"2024-06-04T16:55:58","modified_gmt":"2024-06-04T16:55:58","slug":"terms-and-conditions","status":"publish","type":"page","link":"https:\/\/redcrosspharmaceutical.com\/es\/terms-and-conditions\/","title":{"rendered":"Condiciones generales"},"content":{"rendered":"<div data-elementor-type=\"wp-page\" data-elementor-id=\"10665\" class=\"elementor elementor-10665\" data-elementor-post-type=\"page\">\n\t\t\t\t\t\t<section class=\"elementor-section elementor-top-section elementor-element elementor-element-1057df1 elementor-section-boxed elementor-section-height-default elementor-section-height-default\" data-id=\"1057df1\" data-element_type=\"section\">\n\t\t\t\t\t\t<div class=\"elementor-container elementor-column-gap-default\">\n\t\t\t\t\t<div class=\"elementor-column elementor-col-100 elementor-top-column elementor-element elementor-element-297c7f3\" data-id=\"297c7f3\" data-element_type=\"column\">\n\t\t\t<div class=\"elementor-widget-wrap\">\n\t\t\t\t\t\t\t<\/div>\n\t\t<\/div>\n\t\t\t\t\t<\/div>\n\t\t<\/section>\n\t\t\t\t<section class=\"elementor-section elementor-top-section elementor-element elementor-element-b3fbfdc elementor-section-boxed elementor-section-height-default elementor-section-height-default\" data-id=\"b3fbfdc\" data-element_type=\"section\">\n\t\t\t\t\t\t<div class=\"elementor-container elementor-column-gap-default\">\n\t\t\t\t\t<div class=\"elementor-column elementor-col-100 elementor-top-column elementor-element elementor-element-fb0a5c0\" data-id=\"fb0a5c0\" data-element_type=\"column\">\n\t\t\t<div class=\"elementor-widget-wrap elementor-element-populated\">\n\t\t\t\t\t\t<div class=\"elementor-element elementor-element-4e444a8 elementor-widget elementor-widget-text-editor\" data-id=\"4e444a8\" data-element_type=\"widget\" data-widget_type=\"text-editor.default\">\n\t\t\t\t<div class=\"elementor-widget-container\">\n\t\t\t<style>\/*! elementor - v3.20.0 - 20-03-2024 *\/\n.elementor-widget-text-editor.elementor-drop-cap-view-stacked .elementor-drop-cap{background-color:#69727d;color:#fff}.elementor-widget-text-editor.elementor-drop-cap-view-framed .elementor-drop-cap{color:#69727d;border:3px solid;background-color:transparent}.elementor-widget-text-editor:not(.elementor-drop-cap-view-default) .elementor-drop-cap{margin-top:8px}.elementor-widget-text-editor:not(.elementor-drop-cap-view-default) .elementor-drop-cap-letter{width:1em;height:1em}.elementor-widget-text-editor .elementor-drop-cap{float:left;text-align:center;line-height:1;font-size:50px}.elementor-widget-text-editor .elementor-drop-cap-letter{display:inline-block}<\/style>\t\t\t\t<h2 data-sourcepos=\"1:1-1:25\">T\u00e9rminos y condiciones<\/h2><p data-sourcepos=\"3:1-3:42\"><strong>Bienvenido a Cruz Roja Farmac\u00e9utica<\/strong>.<\/p><p data-sourcepos=\"5:1-5:33\"><strong>1. Aceptaci\u00f3n de los T\u00e9rminos<\/strong><\/p><p data-sourcepos=\"7:1-7:217\">Al acceder y utilizar este sitio web o servicio, usted acepta y est\u00e1 sujeto a estos T\u00e9rminos y Condiciones (\"T\u00e9rminos\"). Si no est\u00e1 de acuerdo con estos T\u00e9rminos, no debe acceder ni utilizar este sitio web o servicio.<\/p><p data-sourcepos=\"9:1-9:19\"><strong>2. Definiciones<\/strong><\/p><ul data-sourcepos=\"11:1-15:0\"><li data-sourcepos=\"11:1-11:115\"><strong>\"Usuario\"<\/strong> o <strong>\"Usted\"<\/strong> significa cualquier persona o entidad que acceda o utilice este sitio web o servicio.<\/li><li data-sourcepos=\"12:1-12:173\"><strong>\"Sitio web\"<\/strong> o <strong>\"Servicio\"<\/strong> significa Cruz Roja Farmac\u00e9utica, incluyendo todas las p\u00e1ginas web, contenido, funcionalidades y servicios ofrecidos a trav\u00e9s del mismo.<\/li><li data-sourcepos=\"13:1-13:162\"><strong>\"Contenido<\/strong> significa cualquier texto, imagen, audio, v\u00eddeo, software u otro material que sea publicado o puesto a disposici\u00f3n en este sitio web o servicio.<\/li><li data-sourcepos=\"14:1-15:0\"><strong>\"Informaci\u00f3n personal\"<\/strong> significa cualquier informaci\u00f3n que pueda ser utilizada para identificar a un individuo, incluyendo, pero no limitado a, nombre, direcci\u00f3n, n\u00famero de tel\u00e9fono y direcci\u00f3n de correo electr\u00f3nico.<\/li><\/ul><p data-sourcepos=\"16:1-16:35\"><strong>3. Uso del Sitio Web o Servicio<\/strong><\/p><p data-sourcepos=\"18:1-18:250\">Usted acepta utilizar este sitio web o servicio \u00fanicamente para fines l\u00edcitos y de acuerdo con estos T\u00e9rminos. Usted no est\u00e1 autorizado a utilizar este sitio web o servicio para ning\u00fan prop\u00f3sito ilegal o no autorizado, incluyendo, pero no limitado a:<\/p><ul data-sourcepos=\"20:1-25:0\"><li data-sourcepos=\"20:1-20:82\">Cualquier acto que pueda constituir una violaci\u00f3n de cualquier ley o reglamento.<\/li><li data-sourcepos=\"21:1-21:220\">Transmitir cualquier contenido que sea da\u00f1ino, difamatorio, amenazante, abusivo, acosador, tortuoso, vulgar, obsceno, calumnioso, invasivo de la privacidad, odioso o racialmente, \u00e9tnicamente o de otra manera objetable.<\/li><li data-sourcepos=\"22:1-22:142\">Interferir con o interrumpir el funcionamiento de este sitio web o servicio o los servidores o redes conectadas a este sitio web o servicio.<\/li><li data-sourcepos=\"23:1-23:204\">Intentar obtener acceso no autorizado a este sitio web o servicio o a cualquier parte de este sitio web o servicio, o a cualquier otra cuenta o sistema inform\u00e1tico a trav\u00e9s de este sitio web o servicio.<\/li><li data-sourcepos=\"24:1-25:0\">Transmitir cualquier virus, gusano, troyano u otro c\u00f3digo da\u00f1ino o software da\u00f1ino.<\/li><\/ul><p data-sourcepos=\"26:1-26:16\"><strong>4. Contenido<\/strong><\/p><p data-sourcepos=\"28:1-28:364\">Todo el contenido de este sitio web o servicio, incluyendo, pero no limitado a, texto, im\u00e1genes, audio y v\u00eddeo, est\u00e1 protegido por derechos de autor, marcas registradas y otros derechos de propiedad intelectual. Usted no puede utilizar ning\u00fan contenido de este sitio web o servicio sin el consentimiento previo por escrito del propietario de los derechos de autor.<\/p><p data-sourcepos=\"30:1-30:27\"><strong>5. Informaci\u00f3n personal<\/strong><\/p><p data-sourcepos=\"32:1-32:297\">Recopilamos y utilizamos su informaci\u00f3n personal de acuerdo con nuestra [Pol\u00edtica de Privacidad](https:\/\/policies.google.com\/privacy?hl=es example.com]). Usted acepta que hemos le\u00eddo y entendido nuestra Pol\u00edtica de Privacidad y que acepta el uso de su informaci\u00f3n personal de acuerdo con la misma.<\/p><p data-sourcepos=\"34:1-34:39\"><strong>6. Enlaces a Sitios Web de Terceros<\/strong><\/p><p data-sourcepos=\"36:1-36:370\">Este sitio web o servicio puede contener enlaces a sitios web de terceros. No tenemos control sobre estos sitios web de terceros y no somos responsables de su contenido o pr\u00e1cticas. Cuando usted accede a un sitio web de terceros a trav\u00e9s de un enlace en este sitio web o servicio, usted entiende que est\u00e1 sujeto a los t\u00e9rminos y condiciones de ese sitio web de terceros.<\/p><p data-sourcepos=\"38:1-38:28\"><strong>7. Renuncia de Garant\u00edas<\/strong><\/p><p data-sourcepos=\"40:1-40:425\">ESTE SITIO WEB O SERVICIO SE PROPORCIONA \"TAL CUAL\" Y SIN NINGUNA GARANT\u00cdA DE NING\u00daN TIPO, EXPRESA O IMPL\u00cdCITA, INCLUYENDO, PERO NO LIMITADO A, LAS GARANT\u00cdAS DE COMERCIALIZACI\u00d3N, ADECUACI\u00d3N PARA UN PROP\u00d3SITO PARTICULAR Y NO INFRACCI\u00d3N. NO GARANTIZAMOS QUE ESTE SITIO WEB O SERVICIO SEA ININTERRUMPIDO O LIBRE DE ERRORES. USTED ACEPTA QUE EL USO DE ESTE SITIO WEB O SERVICIO ES BAJO SU PROPIO RIESGO.<\/p><p data-sourcepos=\"42:1-42:36\"><strong>8. Limitaci\u00f3n de Responsabilidad<\/strong><\/p><p data-sourcepos=\"44:1-44:470\">EN NING\u00daN CASO SEREMOS RESPONSABLES POR CUALQUIER DA\u00d1O DIRECTO, INDIRECTO, INCIDENTAL, ESPECIAL, CONSECUENTE O EJEMPLAR, INCLUYENDO, PERO NO LIMITADO A, P\u00c9RDIDA DE BENEFICIOS, USO, DATOS U OTRAS P\u00c9RDIDAS INTANGIBLES QUE RESULTEN DEL USO O LA INCAPACIDAD DE USAR ESTE SITIO WEB O SERVICIO, YA SEA BASADO EN CONTRATO, AGRAVIO (INCLUYENDO NEGLIGENCIA) O CUALQUIER OTRA TEOR\u00cdA DE RESPONSABILIDAD, AUNQUE HAYAMOS SIDO ADVERTIDOS DE LA POSIBILIDAD DE TALES DA\u00d1OS.<\/p><p data-sourcepos=\"46:1-46:20\"><strong>9. Indemnizaci\u00f3n<\/strong><\/p><p data-sourcepos=\"48:1-48:220\">Usted acepta indemnizar, defender y eximir de toda responsabilidad a Red Cross Pharmaceutical y a sus afiliados, directores, agentes y empleados de y contra cualquier reclamo o demanda, incluyendo honorarios de abogados, que surja o est\u00e9 relacionada con su uso de este sitio web o servicio o con el incumplimiento de estos T\u00e9rminos.<\/p><div class=\"response-container ng-tns-c1083005451-116 ng-star-inserted response-container-has-multiple-responses\"><div class=\"presented-response-container ng-tns-c1083005451-116\"><div class=\"response-container-content ng-tns-c1083005451-116 tunable-selection-with-avatar\"><div class=\"response-content ng-tns-c1083005451-116\"><div class=\"markdown markdown-main-panel\" dir=\"ltr\"><p data-sourcepos=\"3:1-3:19\"><strong>10. Terminaci\u00f3n<\/strong><\/p><p data-sourcepos=\"5:1-5:315\">Red Cross Pharmaceutical se reserva el derecho a terminar su acceso a este sitio web o servicio en cualquier momento, sin previo aviso, por cualquier motivo. Usted acepta que Red Cross Pharmaceutical no ser\u00e1 responsable de ninguna consecuencia que resulte de la terminaci\u00f3n de su acceso a este sitio web o servicio.<\/p><p data-sourcepos=\"7:1-7:31\"><strong>11. Disposiciones generales<\/strong><\/p><p data-sourcepos=\"9:1-9:159\">Estos T\u00e9rminos se regir\u00e1n e interpretar\u00e1n de acuerdo con las leyes de los Estados Unidos y cualquier disputa que surja de estos T\u00e9rminos o est\u00e9 relacionada con los mismos se someter\u00e1 a la jurisdicci\u00f3n exclusiva de los tribunales federales de los Estados Unidos.<\/p><p data-sourcepos=\"11:1-11:175\">Si alguna disposici\u00f3n de estos T\u00e9rminos se considera inv\u00e1lida o inaplicable, dicha disposici\u00f3n ser\u00e1 anulada y las disposiciones restantes permanecer\u00e1n en pleno vigor y efecto.<\/p><p data-sourcepos=\"13:1-13:224\">Estos T\u00e9rminos constituyen el acuerdo completo entre las partes con respecto al objeto de este documento y reemplazan todos los acuerdos o entendimientos anteriores, escritos u orales, entre las partes con respecto al mismo.<\/p><p data-sourcepos=\"15:1-15:16\"><strong>12. Contacto<\/strong><\/p><p data-sourcepos=\"17:1-17:117\">Si tiene alguna pregunta sobre estos T\u00e9rminos, por favor contacte con nosotros en <a class=\"traceable-link\" href=\"mailto:contact@redcrosspharmaceutical.com\" target=\"_blank\" rel=\"noopener noreferrer\">contact@redcrosspharmaceutical.com<\/a><\/p><\/div><\/div><\/div><\/div><\/div>\t\t\t\t\t\t<\/div>\n\t\t\t\t<\/div>\n\t\t\t\t\t<\/div>\n\t\t<\/div>\n\t\t\t\t\t<\/div>\n\t\t<\/section>\n\t\t\t\t<\/div>","protected":false},"excerpt":{"rendered":"<p>T\u00e9rminos y Condiciones Bienvenido a Cruz Roja Farmac\u00e9utica. 1. Aceptaci\u00f3n de los T\u00e9rminos Al acceder y utilizar este sitio web o servicio, usted acepta y est\u00e1 sujeto a estos T\u00e9rminos y Condiciones (\"T\u00e9rminos\"). Si no est\u00e1 de acuerdo con estos ... <a href=\"https:\/\/redcrosspharmaceutical.com\/es\/terms-and-conditions\/\">Leer m\u00e1s<\/a><\/p>","protected":false},"author":1,"featured_media":0,"parent":0,"menu_order":0,"comment_status":"closed","ping_status":"closed","template":"page-full.php","meta":{"footnotes":""},"class_list":["post-10665","page","type-page","status-publish","hentry"],"aioseo_notices":[],"_links":{"self":[{"href":"https:\/\/redcrosspharmaceutical.com\/es\/wp-json\/wp\/v2\/pages\/10665","targetHints":{"allow":["GET"]}}],"collection":[{"href":"https:\/\/redcrosspharmaceutical.com\/es\/wp-json\/wp\/v2\/pages"}],"about":[{"href":"https:\/\/redcrosspharmaceutical.com\/es\/wp-json\/wp\/v2\/types\/page"}],"author":[{"embeddable":true,"href":"https:\/\/redcrosspharmaceutical.com\/es\/wp-json\/wp\/v2\/users\/1"}],"replies":[{"embeddable":true,"href":"https:\/\/redcrosspharmaceutical.com\/es\/wp-json\/wp\/v2\/comments?post=10665"}],"version-history":[{"count":4,"href":"https:\/\/redcrosspharmaceutical.com\/es\/wp-json\/wp\/v2\/pages\/10665\/revisions"}],"predecessor-version":[{"id":10670,"href":"https:\/\/redcrosspharmaceutical.com\/es\/wp-json\/wp\/v2\/pages\/10665\/revisions\/10670"}],"wp:attachment":[{"href":"https:\/\/redcrosspharmaceutical.com\/es\/wp-json\/wp\/v2\/media?parent=10665"}],"curies":[{"name":"wp","href":"https:\/\/api.w.org\/{rel}","templated":true}]}}