{"id":10546,"date":"2024-06-01T02:41:46","date_gmt":"2024-06-01T02:41:46","guid":{"rendered":"https:\/\/redcrosspharmaceutical.com\/?page_id=10546"},"modified":"2024-06-01T02:43:03","modified_gmt":"2024-06-01T02:43:03","slug":"privacy-policy-2","status":"publish","type":"page","link":"https:\/\/redcrosspharmaceutical.com\/es\/privacy-policy-2\/","title":{"rendered":"Pol\u00edtica de privacidad"},"content":{"rendered":"<div data-elementor-type=\"wp-page\" data-elementor-id=\"10546\" class=\"elementor elementor-10546\" data-elementor-post-type=\"page\">\n\t\t\t\t\t\t<section class=\"elementor-section elementor-top-section elementor-element elementor-element-1057df1 elementor-section-boxed elementor-section-height-default elementor-section-height-default\" data-id=\"1057df1\" data-element_type=\"section\">\n\t\t\t\t\t\t<div class=\"elementor-container elementor-column-gap-default\">\n\t\t\t\t\t<div class=\"elementor-column elementor-col-100 elementor-top-column elementor-element elementor-element-297c7f3\" data-id=\"297c7f3\" data-element_type=\"column\">\n\t\t\t<div class=\"elementor-widget-wrap\">\n\t\t\t\t\t\t\t<\/div>\n\t\t<\/div>\n\t\t\t\t\t<\/div>\n\t\t<\/section>\n\t\t\t\t<section class=\"elementor-section elementor-top-section elementor-element elementor-element-b3fbfdc elementor-section-boxed elementor-section-height-default elementor-section-height-default\" data-id=\"b3fbfdc\" data-element_type=\"section\">\n\t\t\t\t\t\t<div class=\"elementor-container elementor-column-gap-default\">\n\t\t\t\t\t<div class=\"elementor-column elementor-col-100 elementor-top-column elementor-element elementor-element-fb0a5c0\" data-id=\"fb0a5c0\" data-element_type=\"column\">\n\t\t\t<div class=\"elementor-widget-wrap elementor-element-populated\">\n\t\t\t\t\t\t<div class=\"elementor-element elementor-element-4e444a8 elementor-widget elementor-widget-text-editor\" data-id=\"4e444a8\" data-element_type=\"widget\" data-widget_type=\"text-editor.default\">\n\t\t\t\t<div class=\"elementor-widget-container\">\n\t\t\t<style>\/*! elementor - v3.20.0 - 20-03-2024 *\/\n.elementor-widget-text-editor.elementor-drop-cap-view-stacked .elementor-drop-cap{background-color:#69727d;color:#fff}.elementor-widget-text-editor.elementor-drop-cap-view-framed .elementor-drop-cap{color:#69727d;border:3px solid;background-color:transparent}.elementor-widget-text-editor:not(.elementor-drop-cap-view-default) .elementor-drop-cap{margin-top:8px}.elementor-widget-text-editor:not(.elementor-drop-cap-view-default) .elementor-drop-cap-letter{width:1em;height:1em}.elementor-widget-text-editor .elementor-drop-cap{float:left;text-align:center;line-height:1;font-size:50px}.elementor-widget-text-editor .elementor-drop-cap-letter{display:inline-block}<\/style>\t\t\t\t<h2><strong>Pol\u00edtica de privacidad<\/strong><\/h2>\n<p><strong>Introducci\u00f3n<\/strong><\/p>\n<p>Red Cross Pharmaceutical (\"nosotros\", \"nuestro\", \"nos\") se compromete a proteger su privacidad. Esta pol\u00edtica de privacidad explica c\u00f3mo recopilamos, utilizamos, divulgamos y protegemos su informaci\u00f3n cuando visita nuestro sitio web. <a href=\"https:\/\/redcrosspharmaceutical.com\/es\/\" target=\"_new\" rel=\"noreferrer\">https:\/\/redcrosspharmaceutical.com<\/a>.<\/p>\n<p><strong>Informaci\u00f3n que recopilamos<\/strong><\/p>\n<p>Podemos recopilar informaci\u00f3n sobre usted de diversas maneras. La informaci\u00f3n que podemos recopilar en el Sitio incluye:<\/p>\n<ul>\n<li><strong>Datos personales<\/strong>: Informaci\u00f3n personal identificable, como su nombre, direcci\u00f3n de env\u00edo, direcci\u00f3n de correo electr\u00f3nico y n\u00famero de tel\u00e9fono.<\/li>\n<li><strong>Datos derivados<\/strong>: Informaci\u00f3n que nuestros servidores recogen autom\u00e1ticamente cuando usted accede al Sitio, como su direcci\u00f3n IP, tipo de navegador y sistema operativo.<\/li>\n<li><strong>Datos financieros<\/strong>: Informaci\u00f3n financiera, como el n\u00famero de tarjeta de cr\u00e9dito, que se recopila para procesar sus compras.<\/li>\n<\/ul>\n<p><strong>Uso de su informaci\u00f3n<\/strong><\/p>\n<p>Disponer de informaci\u00f3n precisa sobre usted nos permite ofrecerle una experiencia fluida, eficiente y personalizada. En concreto, podemos utilizar la informaci\u00f3n recopilada sobre usted a trav\u00e9s del Sitio para:<\/p>\n<ul>\n<li>Procesar transacciones.<\/li>\n<li>Enviarle informaci\u00f3n administrativa.<\/li>\n<li>Mejorar nuestros productos y servicios.<\/li>\n<li>Supervisar y analizar el uso y las tendencias.<\/li>\n<\/ul>\n<p><strong>Divulgaci\u00f3n de sus datos<\/strong><\/p>\n<p>Podemos compartir la informaci\u00f3n que hemos recopilado sobre usted en determinadas situaciones. Su informaci\u00f3n puede ser divulgada de la siguiente manera:<\/p>\n<ul>\n<li>Por ley o para proteger derechos.<\/li>\n<li>Traspasos de empresas.<\/li>\n<li>Terceros proveedores de servicios.<\/li>\n<\/ul>\n<p><strong>Tecnolog\u00edas de seguimiento<\/strong><\/p>\n<p>Podemos utilizar cookies, balizas web, p\u00edxeles de seguimiento y otras tecnolog\u00edas de seguimiento en el Sitio para ayudar a personalizar el Sitio y mejorar su experiencia.<\/p>\n<p><strong>Seguridad de su informaci\u00f3n<\/strong><\/p>\n<p>Utilizamos medidas de seguridad administrativas, t\u00e9cnicas y f\u00edsicas para ayudar a proteger su informaci\u00f3n personal. Aunque hemos tomado medidas razonables para proteger la informaci\u00f3n personal que nos proporciona, tenga en cuenta que, a pesar de nuestros esfuerzos, ninguna medida de seguridad es perfecta o impenetrable.<\/p>\n<p><strong>Pol\u00edtica de infancia<\/strong><\/p>\n<p>No solicitamos conscientemente informaci\u00f3n a menores de 13 a\u00f1os ni comercializamos con ellos. Si nos enteramos de que hemos recopilado informaci\u00f3n personal de un menor de 13 a\u00f1os sin verificar el consentimiento paterno, eliminaremos dicha informaci\u00f3n.<\/p>\n<p><strong>Cambios en esta pol\u00edtica de privacidad<\/strong><\/p>\n<p>Podemos actualizar esta Pol\u00edtica de Privacidad de vez en cuando para reflejar cambios en nuestras pr\u00e1cticas o por otras razones operativas, legales o reglamentarias.<\/p>\n<p><strong>Contacte con nosotros<\/strong><\/p>\n<p>Si tiene preguntas o comentarios sobre esta Pol\u00edtica de privacidad, p\u00f3ngase en contacto con nosotros en:<\/p>\n<p>Cruz Roja Farmac\u00e9utica 10121 SW 40th St, Miami, Florida 33165 Email: <a target=\"_new\" rel=\"noreferrer\">info@redcrosspharmaceutical.com<\/a> Tel\u00e9fono: +1 (800) 000-0000<\/p>\t\t\t\t\t\t<\/div>\n\t\t\t\t<\/div>\n\t\t\t\t\t<\/div>\n\t\t<\/div>\n\t\t\t\t\t<\/div>\n\t\t<\/section>\n\t\t\t\t<\/div>","protected":false},"excerpt":{"rendered":"<p>Pol\u00edtica de privacidad Introducci\u00f3n Cruz Roja Farmac\u00e9utica (\"nosotros\", \"nuestro\", \"nos\") se compromete a proteger su privacidad. Esta pol\u00edtica de privacidad explica c\u00f3mo recopilamos, utilizamos, divulgamos y protegemos su informaci\u00f3n cuando visita nuestro sitio web https:\/\/redcrosspharmaceutical.com. Informaci\u00f3n que recopilamos Podemos recopilar ... <a href=\"https:\/\/redcrosspharmaceutical.com\/es\/privacy-policy-2\/\">Leer m\u00e1s<\/a><\/p>","protected":false},"author":1,"featured_media":0,"parent":0,"menu_order":0,"comment_status":"closed","ping_status":"closed","template":"page-full.php","meta":{"footnotes":""},"class_list":["post-10546","page","type-page","status-publish","hentry"],"aioseo_notices":[],"_links":{"self":[{"href":"https:\/\/redcrosspharmaceutical.com\/es\/wp-json\/wp\/v2\/pages\/10546","targetHints":{"allow":["GET"]}}],"collection":[{"href":"https:\/\/redcrosspharmaceutical.com\/es\/wp-json\/wp\/v2\/pages"}],"about":[{"href":"https:\/\/redcrosspharmaceutical.com\/es\/wp-json\/wp\/v2\/types\/page"}],"author":[{"embeddable":true,"href":"https:\/\/redcrosspharmaceutical.com\/es\/wp-json\/wp\/v2\/users\/1"}],"replies":[{"embeddable":true,"href":"https:\/\/redcrosspharmaceutical.com\/es\/wp-json\/wp\/v2\/comments?post=10546"}],"version-history":[{"count":4,"href":"https:\/\/redcrosspharmaceutical.com\/es\/wp-json\/wp\/v2\/pages\/10546\/revisions"}],"predecessor-version":[{"id":10550,"href":"https:\/\/redcrosspharmaceutical.com\/es\/wp-json\/wp\/v2\/pages\/10546\/revisions\/10550"}],"wp:attachment":[{"href":"https:\/\/redcrosspharmaceutical.com\/es\/wp-json\/wp\/v2\/media?parent=10546"}],"curies":[{"name":"wp","href":"https:\/\/api.w.org\/{rel}","templated":true}]}}